{"id":8650,"date":"2023-03-08T11:02:56","date_gmt":"2023-03-08T10:02:56","guid":{"rendered":"https:\/\/keramtech.cz\/vyrobky\/nezarazene\/filtr-pyrostat-37-x-37-168-otvoru-o-22-mm\/"},"modified":"2023-03-09T09:44:10","modified_gmt":"2023-03-09T08:44:10","slug":"filtr-pyrostat-37-x-37-168-otvoru-o-22-mm","status":"publish","type":"product","link":"https:\/\/keramtech.cz\/en\/products\/slevarenska-keramika\/filtrace-barevnych-kovu\/filtry-ctvercove-filtrace-barevnych-kovu\/filtr-pyrostat-37-x-37-168-otvoru-o-22-mm\/","title":{"rendered":"FILTR PYROSTAT &#8211; 37 x 37 &#8211; 168 otvor\u016f \u00d8 2,2 mm"},"content":{"rendered":"","protected":false},"excerpt":{"rendered":"<p>filtr pro filtraci litiny 37 x 37 mm<br \/>\nv\u00fd\u0161ky 9,5 &#8211; 15 mm<br \/>\n168 otvor\u016f \u00d8 2,2 mm<\/p>\n","protected":false},"featured_media":8796,"comment_status":"open","ping_status":"closed","template":"","meta":{"_acf_changed":false},"product_brand":[],"product_cat":[54,58,76,55,61],"product_tag":[],"class_list":{"0":"post-8650","1":"product","2":"type-product","3":"status-publish","4":"has-post-thumbnail","6":"product_cat-slevarenska-keramika","7":"product_cat-filtrace-barevnych-kovu","8":"product_cat-filtry-ctvercove-filtrace-barevnych-kovu","9":"product_cat-filtrace-litiny","10":"product_cat-filtry-ctvercove-litiny","12":"first","13":"instock","14":"shipping-taxable","15":"product-type-simple"},"acf":[],"yoast_head":"<!-- This site is optimized with the Yoast SEO plugin v26.1.1 - https:\/\/yoast.com\/wordpress\/plugins\/seo\/ -->\n<title>FILTR PYROSTAT - 37 x 37 - 168 otvor\u016f \u00d8 2,2 mm - KERAMTECH s. r. o.<\/title>\n<meta name=\"robots\" content=\"index, follow, max-snippet:-1, max-image-preview:large, max-video-preview:-1\" \/>\n<link rel=\"canonical\" href=\"https:\/\/keramtech.cz\/en\/products\/slevarenska-keramika\/filtrace-barevnych-kovu\/filtry-ctvercove-filtrace-barevnych-kovu\/filtr-pyrostat-37-x-37-168-otvoru-o-22-mm\/\" \/>\n<meta property=\"og:locale\" content=\"en_US\" \/>\n<meta property=\"og:type\" content=\"article\" \/>\n<meta property=\"og:title\" content=\"FILTR PYROSTAT - 37 x 37 - 168 otvor\u016f \u00d8 2,2 mm - KERAMTECH s. r. o.\" \/>\n<meta property=\"og:description\" content=\"filtr pro filtraci litiny 37 x 37 mm v\u00fd\u0161ky 9,5 - 15 mm 168 otvor\u016f \u00d8 2,2 mm\" \/>\n<meta property=\"og:url\" content=\"https:\/\/keramtech.cz\/en\/products\/slevarenska-keramika\/filtrace-barevnych-kovu\/filtry-ctvercove-filtrace-barevnych-kovu\/filtr-pyrostat-37-x-37-168-otvoru-o-22-mm\/\" \/>\n<meta property=\"og:site_name\" content=\"KERAMTECH s. r. o.\" \/>\n<meta property=\"article:modified_time\" content=\"2023-03-09T08:44:10+00:00\" \/>\n<meta property=\"og:image\" content=\"https:\/\/keramtech.cz\/wp-content\/uploads\/2023\/03\/0733.jpg\" \/>\n\t<meta property=\"og:image:width\" content=\"800\" \/>\n\t<meta property=\"og:image:height\" content=\"800\" \/>\n\t<meta property=\"og:image:type\" content=\"image\/jpeg\" \/>\n<meta name=\"twitter:card\" content=\"summary_large_image\" \/>\n<script type=\"application\/ld+json\" class=\"yoast-schema-graph\">{\"@context\":\"https:\/\/schema.org\",\"@graph\":[{\"@type\":\"WebPage\",\"@id\":\"https:\/\/keramtech.cz\/en\/products\/slevarenska-keramika\/filtrace-barevnych-kovu\/filtry-ctvercove-filtrace-barevnych-kovu\/filtr-pyrostat-37-x-37-168-otvoru-o-22-mm\/\",\"url\":\"https:\/\/keramtech.cz\/en\/products\/slevarenska-keramika\/filtrace-barevnych-kovu\/filtry-ctvercove-filtrace-barevnych-kovu\/filtr-pyrostat-37-x-37-168-otvoru-o-22-mm\/\",\"name\":\"FILTR PYROSTAT - 37 x 37 - 168 otvor\u016f \u00d8 2,2 mm - KERAMTECH s. r. o.\",\"isPartOf\":{\"@id\":\"https:\/\/keramtech.cz\/en\/#website\"},\"primaryImageOfPage\":{\"@id\":\"https:\/\/keramtech.cz\/en\/products\/slevarenska-keramika\/filtrace-barevnych-kovu\/filtry-ctvercove-filtrace-barevnych-kovu\/filtr-pyrostat-37-x-37-168-otvoru-o-22-mm\/#primaryimage\"},\"image\":{\"@id\":\"https:\/\/keramtech.cz\/en\/products\/slevarenska-keramika\/filtrace-barevnych-kovu\/filtry-ctvercove-filtrace-barevnych-kovu\/filtr-pyrostat-37-x-37-168-otvoru-o-22-mm\/#primaryimage\"},\"thumbnailUrl\":\"https:\/\/keramtech.cz\/wp-content\/uploads\/2023\/03\/0733.jpg\",\"datePublished\":\"2023-03-08T10:02:56+00:00\",\"dateModified\":\"2023-03-09T08:44:10+00:00\",\"breadcrumb\":{\"@id\":\"https:\/\/keramtech.cz\/en\/products\/slevarenska-keramika\/filtrace-barevnych-kovu\/filtry-ctvercove-filtrace-barevnych-kovu\/filtr-pyrostat-37-x-37-168-otvoru-o-22-mm\/#breadcrumb\"},\"inLanguage\":\"en-US\",\"potentialAction\":[{\"@type\":\"ReadAction\",\"target\":[\"https:\/\/keramtech.cz\/en\/products\/slevarenska-keramika\/filtrace-barevnych-kovu\/filtry-ctvercove-filtrace-barevnych-kovu\/filtr-pyrostat-37-x-37-168-otvoru-o-22-mm\/\"]}]},{\"@type\":\"ImageObject\",\"inLanguage\":\"en-US\",\"@id\":\"https:\/\/keramtech.cz\/en\/products\/slevarenska-keramika\/filtrace-barevnych-kovu\/filtry-ctvercove-filtrace-barevnych-kovu\/filtr-pyrostat-37-x-37-168-otvoru-o-22-mm\/#primaryimage\",\"url\":\"https:\/\/keramtech.cz\/wp-content\/uploads\/2023\/03\/0733.jpg\",\"contentUrl\":\"https:\/\/keramtech.cz\/wp-content\/uploads\/2023\/03\/0733.jpg\",\"width\":800,\"height\":800},{\"@type\":\"BreadcrumbList\",\"@id\":\"https:\/\/keramtech.cz\/en\/products\/slevarenska-keramika\/filtrace-barevnych-kovu\/filtry-ctvercove-filtrace-barevnych-kovu\/filtr-pyrostat-37-x-37-168-otvoru-o-22-mm\/#breadcrumb\",\"itemListElement\":[{\"@type\":\"ListItem\",\"position\":1,\"name\":\"Home\",\"item\":\"https:\/\/keramtech.cz\/en\/\"},{\"@type\":\"ListItem\",\"position\":2,\"name\":\"Products\",\"item\":\"https:\/\/keramtech.cz\/en\/products\/\"},{\"@type\":\"ListItem\",\"position\":3,\"name\":\"FILTR PYROSTAT &#8211; 37 x 37 &#8211; 168 otvor\u016f \u00d8 2,2 mm\"}]},{\"@type\":\"WebSite\",\"@id\":\"https:\/\/keramtech.cz\/en\/#website\",\"url\":\"https:\/\/keramtech.cz\/en\/\",\"name\":\"KERAMTECH s. r. o.\",\"description\":\"V\u00fdroba technick\u00e9 a sl\u00e9v\u00e1rensk\u00e9 keramiky\",\"potentialAction\":[{\"@type\":\"SearchAction\",\"target\":{\"@type\":\"EntryPoint\",\"urlTemplate\":\"https:\/\/keramtech.cz\/en\/?s={search_term_string}\"},\"query-input\":{\"@type\":\"PropertyValueSpecification\",\"valueRequired\":true,\"valueName\":\"search_term_string\"}}],\"inLanguage\":\"en-US\"}]}<\/script>\n<!-- \/ Yoast SEO plugin. -->","yoast_head_json":{"title":"FILTR PYROSTAT - 37 x 37 - 168 otvor\u016f \u00d8 2,2 mm - KERAMTECH s. r. o.","robots":{"index":"index","follow":"follow","max-snippet":"max-snippet:-1","max-image-preview":"max-image-preview:large","max-video-preview":"max-video-preview:-1"},"canonical":"https:\/\/keramtech.cz\/en\/products\/slevarenska-keramika\/filtrace-barevnych-kovu\/filtry-ctvercove-filtrace-barevnych-kovu\/filtr-pyrostat-37-x-37-168-otvoru-o-22-mm\/","og_locale":"en_US","og_type":"article","og_title":"FILTR PYROSTAT - 37 x 37 - 168 otvor\u016f \u00d8 2,2 mm - KERAMTECH s. r. o.","og_description":"filtr pro filtraci litiny 37 x 37 mm v\u00fd\u0161ky 9,5 - 15 mm 168 otvor\u016f \u00d8 2,2 mm","og_url":"https:\/\/keramtech.cz\/en\/products\/slevarenska-keramika\/filtrace-barevnych-kovu\/filtry-ctvercove-filtrace-barevnych-kovu\/filtr-pyrostat-37-x-37-168-otvoru-o-22-mm\/","og_site_name":"KERAMTECH s. r. o.","article_modified_time":"2023-03-09T08:44:10+00:00","og_image":[{"width":800,"height":800,"url":"https:\/\/keramtech.cz\/wp-content\/uploads\/2023\/03\/0733.jpg","type":"image\/jpeg"}],"twitter_card":"summary_large_image","schema":{"@context":"https:\/\/schema.org","@graph":[{"@type":"WebPage","@id":"https:\/\/keramtech.cz\/en\/products\/slevarenska-keramika\/filtrace-barevnych-kovu\/filtry-ctvercove-filtrace-barevnych-kovu\/filtr-pyrostat-37-x-37-168-otvoru-o-22-mm\/","url":"https:\/\/keramtech.cz\/en\/products\/slevarenska-keramika\/filtrace-barevnych-kovu\/filtry-ctvercove-filtrace-barevnych-kovu\/filtr-pyrostat-37-x-37-168-otvoru-o-22-mm\/","name":"FILTR PYROSTAT - 37 x 37 - 168 otvor\u016f \u00d8 2,2 mm - KERAMTECH s. r. o.","isPartOf":{"@id":"https:\/\/keramtech.cz\/en\/#website"},"primaryImageOfPage":{"@id":"https:\/\/keramtech.cz\/en\/products\/slevarenska-keramika\/filtrace-barevnych-kovu\/filtry-ctvercove-filtrace-barevnych-kovu\/filtr-pyrostat-37-x-37-168-otvoru-o-22-mm\/#primaryimage"},"image":{"@id":"https:\/\/keramtech.cz\/en\/products\/slevarenska-keramika\/filtrace-barevnych-kovu\/filtry-ctvercove-filtrace-barevnych-kovu\/filtr-pyrostat-37-x-37-168-otvoru-o-22-mm\/#primaryimage"},"thumbnailUrl":"https:\/\/keramtech.cz\/wp-content\/uploads\/2023\/03\/0733.jpg","datePublished":"2023-03-08T10:02:56+00:00","dateModified":"2023-03-09T08:44:10+00:00","breadcrumb":{"@id":"https:\/\/keramtech.cz\/en\/products\/slevarenska-keramika\/filtrace-barevnych-kovu\/filtry-ctvercove-filtrace-barevnych-kovu\/filtr-pyrostat-37-x-37-168-otvoru-o-22-mm\/#breadcrumb"},"inLanguage":"en-US","potentialAction":[{"@type":"ReadAction","target":["https:\/\/keramtech.cz\/en\/products\/slevarenska-keramika\/filtrace-barevnych-kovu\/filtry-ctvercove-filtrace-barevnych-kovu\/filtr-pyrostat-37-x-37-168-otvoru-o-22-mm\/"]}]},{"@type":"ImageObject","inLanguage":"en-US","@id":"https:\/\/keramtech.cz\/en\/products\/slevarenska-keramika\/filtrace-barevnych-kovu\/filtry-ctvercove-filtrace-barevnych-kovu\/filtr-pyrostat-37-x-37-168-otvoru-o-22-mm\/#primaryimage","url":"https:\/\/keramtech.cz\/wp-content\/uploads\/2023\/03\/0733.jpg","contentUrl":"https:\/\/keramtech.cz\/wp-content\/uploads\/2023\/03\/0733.jpg","width":800,"height":800},{"@type":"BreadcrumbList","@id":"https:\/\/keramtech.cz\/en\/products\/slevarenska-keramika\/filtrace-barevnych-kovu\/filtry-ctvercove-filtrace-barevnych-kovu\/filtr-pyrostat-37-x-37-168-otvoru-o-22-mm\/#breadcrumb","itemListElement":[{"@type":"ListItem","position":1,"name":"Home","item":"https:\/\/keramtech.cz\/en\/"},{"@type":"ListItem","position":2,"name":"Products","item":"https:\/\/keramtech.cz\/en\/products\/"},{"@type":"ListItem","position":3,"name":"FILTR PYROSTAT &#8211; 37 x 37 &#8211; 168 otvor\u016f \u00d8 2,2 mm"}]},{"@type":"WebSite","@id":"https:\/\/keramtech.cz\/en\/#website","url":"https:\/\/keramtech.cz\/en\/","name":"KERAMTECH s. r. o.","description":"V\u00fdroba technick\u00e9 a sl\u00e9v\u00e1rensk\u00e9 keramiky","potentialAction":[{"@type":"SearchAction","target":{"@type":"EntryPoint","urlTemplate":"https:\/\/keramtech.cz\/en\/?s={search_term_string}"},"query-input":{"@type":"PropertyValueSpecification","valueRequired":true,"valueName":"search_term_string"}}],"inLanguage":"en-US"}]}},"_links":{"self":[{"href":"https:\/\/keramtech.cz\/en\/wp-json\/wp\/v2\/product\/8650","targetHints":{"allow":["GET"]}}],"collection":[{"href":"https:\/\/keramtech.cz\/en\/wp-json\/wp\/v2\/product"}],"about":[{"href":"https:\/\/keramtech.cz\/en\/wp-json\/wp\/v2\/types\/product"}],"replies":[{"embeddable":true,"href":"https:\/\/keramtech.cz\/en\/wp-json\/wp\/v2\/comments?post=8650"}],"wp:featuredmedia":[{"embeddable":true,"href":"https:\/\/keramtech.cz\/en\/wp-json\/wp\/v2\/media\/8796"}],"wp:attachment":[{"href":"https:\/\/keramtech.cz\/en\/wp-json\/wp\/v2\/media?parent=8650"}],"wp:term":[{"taxonomy":"product_brand","embeddable":true,"href":"https:\/\/keramtech.cz\/en\/wp-json\/wp\/v2\/product_brand?post=8650"},{"taxonomy":"product_cat","embeddable":true,"href":"https:\/\/keramtech.cz\/en\/wp-json\/wp\/v2\/product_cat?post=8650"},{"taxonomy":"product_tag","embeddable":true,"href":"https:\/\/keramtech.cz\/en\/wp-json\/wp\/v2\/product_tag?post=8650"}],"curies":[{"name":"wp","href":"https:\/\/api.w.org\/{rel}","templated":true}]}}