{"id":7015,"date":"2022-10-11T10:18:54","date_gmt":"2022-10-11T08:18:54","guid":{"rendered":"http:\/\/keramtech.cz\/technical-details\/heating-ceramic\/"},"modified":"2023-03-28T15:17:29","modified_gmt":"2023-03-28T13:17:29","slug":"heating-ceramic","status":"publish","type":"page","link":"https:\/\/keramtech.cz\/en\/technical-details\/heating-ceramic\/","title":{"rendered":"Heating ceramic"},"content":{"rendered":"<section class=\"fusion-fullwidth fullwidth-box fusion-builder-row-1 fusion-flex-container has-pattern-background has-mask-background nonhundred-percent-fullwidth non-hundred-percent-height-scrolling fusion-animated\" style=\"--awb-border-radius-top-left:0px;--awb-border-radius-top-right:0px;--awb-border-radius-bottom-right:0px;--awb-border-radius-bottom-left:0px;--awb-padding-bottom:3.25rem;--awb-flex-wrap:wrap;\" data-animationType=\"fadeInDown\" data-animationDuration=\"0.5\" data-animationOffset=\"top-into-view\" ><div class=\"fusion-builder-row fusion-row fusion-flex-align-items-flex-start fusion-flex-content-wrap\" style=\"max-width:calc( 83rem + 1.25rem );margin-left: calc(-1.25rem \/ 2 );margin-right: calc(-1.25rem \/ 2 );\"><div class=\"fusion-layout-column fusion_builder_column fusion-builder-column-0 fusion_builder_column_1_1 1_1 fusion-flex-column\" style=\"--awb-padding-bottom:1.625rem;--awb-bg-size:cover;--awb-width-large:100%;--awb-margin-top-large:0px;--awb-spacing-right-large:0.625rem;--awb-margin-bottom-large:0px;--awb-spacing-left-large:0.625rem;--awb-width-medium:100%;--awb-order-medium:0;--awb-spacing-right-medium:0.625rem;--awb-spacing-left-medium:0.625rem;--awb-width-small:100%;--awb-order-small:0;--awb-spacing-right-small:0.625rem;--awb-spacing-left-small:0.625rem;\"><div class=\"fusion-column-wrapper fusion-column-has-shadow fusion-flex-justify-content-flex-start fusion-content-layout-column\"><div class=\"fusion-title title fusion-title-1 fusion-sep-none fusion-title-text fusion-title-size-two\" style=\"--awb-margin-top:0px;--awb-margin-right:0px;--awb-margin-left:0px;--awb-margin-top-small:0px;--awb-margin-right-small:0px;--awb-margin-left-small:0px;\"><h2 class=\"fusion-title-heading title-heading-left fusion-responsive-typography-calculated\" style=\"margin:0;--fontSize:45;line-height:var(--awb-typography1-line-height);\">Heating ceramic parts<\/h2><\/div><div class=\"fusion-text fusion-text-1\"><p>The &#8220;Heating ceramics&#8221; product group includes parts of electric heating assemblies, which include heating spiral carriers (e.g. boiler rollers, plate carriers, shaped carriers, smooth and profiled pipes) and auxiliary assembly parts, such as washers, heating element carriers, bushings, etc. All these products are made of proven material C511 Pyrostat. An integral part of the heating rods are the heads enabling the connection of the rods to the electricity source. These parts are mainly produced from material C221 \u2013 Steatite.<\/p>\n<\/div><\/div><\/div><div class=\"fusion-layout-column fusion_builder_column fusion-builder-column-1 fusion_builder_column_1_2 1_2 fusion-flex-column\" style=\"--awb-bg-size:cover;--awb-width-large:50%;--awb-margin-top-large:0px;--awb-spacing-right-large:0.625rem;--awb-margin-bottom-large:0px;--awb-spacing-left-large:0.625rem;--awb-width-medium:100%;--awb-order-medium:0;--awb-spacing-right-medium:0.625rem;--awb-spacing-left-medium:0.625rem;--awb-width-small:100%;--awb-order-small:0;--awb-spacing-right-small:0.625rem;--awb-spacing-left-small:0.625rem;\"><div class=\"fusion-column-wrapper fusion-column-has-shadow fusion-flex-justify-content-flex-start fusion-content-layout-column\"><div class=\"fusion-image-element \" style=\"--awb-caption-title-font-family:var(--h2_typography-font-family);--awb-caption-title-font-weight:var(--h2_typography-font-weight);--awb-caption-title-font-style:var(--h2_typography-font-style);--awb-caption-title-size:var(--h2_typography-font-size);--awb-caption-title-transform:var(--h2_typography-text-transform);--awb-caption-title-line-height:var(--h2_typography-line-height);--awb-caption-title-letter-spacing:var(--h2_typography-letter-spacing);\"><span class=\" fusion-imageframe imageframe-none imageframe-1 hover-type-none\"><img decoding=\"async\" width=\"962\" height=\"708\" title=\"topna-keramika_tp\" src=\"https:\/\/keramtech.cz\/wp-content\/uploads\/2022\/09\/topna-keramika_tp.jpg\" data-orig-src=\"https:\/\/keramtech.cz\/wp-content\/uploads\/2022\/09\/topna-keramika_tp.jpg\" alt class=\"lazyload img-responsive wp-image-6139\" srcset=\"data:image\/svg+xml,%3Csvg%20xmlns%3D%27http%3A%2F%2Fwww.w3.org%2F2000%2Fsvg%27%20width%3D%27962%27%20height%3D%27708%27%20viewBox%3D%270%200%20962%20708%27%3E%3Crect%20width%3D%27962%27%20height%3D%27708%27%20fill-opacity%3D%220%22%2F%3E%3C%2Fsvg%3E\" data-srcset=\"https:\/\/keramtech.cz\/wp-content\/uploads\/2022\/09\/topna-keramika_tp-200x147.jpg 200w, https:\/\/keramtech.cz\/wp-content\/uploads\/2022\/09\/topna-keramika_tp-400x294.jpg 400w, https:\/\/keramtech.cz\/wp-content\/uploads\/2022\/09\/topna-keramika_tp-600x442.jpg 600w, https:\/\/keramtech.cz\/wp-content\/uploads\/2022\/09\/topna-keramika_tp-800x589.jpg 800w, https:\/\/keramtech.cz\/wp-content\/uploads\/2022\/09\/topna-keramika_tp.jpg 962w\" data-sizes=\"auto\" data-orig-sizes=\"(max-width: 640px) 100vw, 800px\" \/><\/span><\/div><\/div><\/div><div class=\"fusion-layout-column fusion_builder_column fusion-builder-column-2 fusion_builder_column_1_2 1_2 fusion-flex-column fusion-flex-align-self-stretch\" style=\"--awb-padding-left:2rem;--awb-padding-left-medium:0px;--awb-bg-size:cover;--awb-width-large:50%;--awb-margin-top-large:0px;--awb-spacing-right-large:0.625rem;--awb-margin-bottom-large:0px;--awb-spacing-left-large:0.625rem;--awb-width-medium:100%;--awb-order-medium:0;--awb-spacing-right-medium:0.625rem;--awb-spacing-left-medium:0.625rem;--awb-width-small:100%;--awb-order-small:0;--awb-margin-top-small:2rem;--awb-spacing-right-small:0.625rem;--awb-spacing-left-small:0.625rem;\"><div class=\"fusion-column-wrapper fusion-column-has-shadow fusion-flex-justify-content-center fusion-content-layout-column\"><div class=\"fusion-title title fusion-title-2 fusion-sep-none fusion-title-text fusion-title-size-three\" style=\"--awb-margin-top:0px;--awb-margin-right:0px;--awb-margin-left:0px;--awb-margin-top-small:0px;--awb-margin-right-small:0px;--awb-margin-left-small:0px;\"><h3 class=\"fusion-title-heading title-heading-left fusion-responsive-typography-calculated\" style=\"margin:0;--fontSize:18.75;--minFontSize:18.75;line-height:var(--awb-typography1-line-height);\">Basic paramatres of  C511 Pyrostat:<\/h3><\/div><div class=\"fusion-text fusion-text-2\"><p><strong>Chemick\u00e9 slo\u017een\u00ed:<\/strong> Al2O3\/SiO2<br \/>\n<strong>Typ keramiky:<\/strong> C511 (mullit)<br \/>\n<strong>Maxim\u00e1ln\u00ed teplota pou\u017eit\u00ed:<\/strong> 1500\u00b0C<br \/>\n<strong>Vnit\u0159n\u00ed rezistivita p\u0159i&nbsp;30\u00b0C:<\/strong> 3 \u2013 6 x 10<sup>-6<\/sup> K<sup>-1<\/sup><br \/>\n<strong>Vodivost p\u0159i&nbsp;30-100\u00b0C:<\/strong> 1,2\u20131,7 Wm<sup>-1<\/sup>K<sup>-1<\/sup><br \/>\n<strong>Objemov\u00e1 hmotnost min.:<\/strong> 1,9 g\/cm<sup>3<\/sup><br \/>\n<strong>Barva:<\/strong> B\u00e9\u017eov\u00e1, oran\u017eov\u011b hn\u011bd\u00e1<br \/>\n<strong>Otev\u0159en\u00e1 zd. p\u00f3rovitost:<\/strong> \u00a0Max. 30%<br \/>\n<strong>Tolerance rozm\u011br\u016f:<\/strong> \u00a0dle v\u00fdkresov\u00e9 dokumentace<\/p>\n<\/div><\/div><\/div><div class=\"fusion-layout-column fusion_builder_column fusion-builder-column-3 fusion_builder_column_1_1 1_1 fusion-flex-column\" style=\"--awb-padding-top:3.25rem;--awb-padding-bottom:3.25rem;--awb-bg-size:cover;--awb-width-large:100%;--awb-margin-top-large:0px;--awb-spacing-right-large:0.625rem;--awb-margin-bottom-large:0px;--awb-spacing-left-large:0.625rem;--awb-width-medium:100%;--awb-order-medium:0;--awb-spacing-right-medium:0.625rem;--awb-spacing-left-medium:0.625rem;--awb-width-small:100%;--awb-order-small:0;--awb-spacing-right-small:0.625rem;--awb-spacing-left-small:0.625rem;\"><div class=\"fusion-column-wrapper fusion-column-has-shadow fusion-flex-justify-content-flex-start fusion-content-layout-column\"><div style=\"text-align:center;\"><a class=\"fusion-button button-flat fusion-button-default-size button-default fusion-button-default button-1 fusion-button-default-span fusion-button-default-type\" target=\"_self\" href=\"\/en\/product-category\/heating-ceramic-parts\/\"><span class=\"fusion-button-text awb-button__text awb-button__text--default\">Go to catalogue<\/span><\/a><\/div><\/div><\/div><\/div><\/section>\n","protected":false},"excerpt":{"rendered":"","protected":false},"author":3,"featured_media":0,"parent":6508,"menu_order":0,"comment_status":"closed","ping_status":"closed","template":"","meta":{"_acf_changed":false,"footnotes":""},"class_list":["post-7015","page","type-page","status-publish","hentry"],"acf":[],"yoast_head":"<!-- This site is optimized with the Yoast SEO plugin v26.1.1 - https:\/\/yoast.com\/wordpress\/plugins\/seo\/ -->\n<title>Heating ceramic - KERAMTECH s. r. o.<\/title>\n<meta name=\"robots\" content=\"index, follow, max-snippet:-1, max-image-preview:large, max-video-preview:-1\" \/>\n<link rel=\"canonical\" href=\"https:\/\/keramtech.cz\/en\/technical-details\/heating-ceramic\/\" \/>\n<meta property=\"og:locale\" content=\"en_US\" \/>\n<meta property=\"og:type\" content=\"article\" \/>\n<meta property=\"og:title\" content=\"Heating ceramic - KERAMTECH s. r. o.\" \/>\n<meta property=\"og:url\" content=\"https:\/\/keramtech.cz\/en\/technical-details\/heating-ceramic\/\" \/>\n<meta property=\"og:site_name\" content=\"KERAMTECH s. r. o.\" \/>\n<meta property=\"article:modified_time\" content=\"2023-03-28T13:17:29+00:00\" \/>\n<meta name=\"twitter:card\" content=\"summary_large_image\" \/>\n<meta name=\"twitter:label1\" content=\"Est. reading time\" \/>\n\t<meta name=\"twitter:data1\" content=\"7 minutes\" \/>\n<script type=\"application\/ld+json\" class=\"yoast-schema-graph\">{\"@context\":\"https:\/\/schema.org\",\"@graph\":[{\"@type\":\"WebPage\",\"@id\":\"https:\/\/keramtech.cz\/en\/technical-details\/heating-ceramic\/\",\"url\":\"https:\/\/keramtech.cz\/en\/technical-details\/heating-ceramic\/\",\"name\":\"Heating ceramic - KERAMTECH s. r. o.\",\"isPartOf\":{\"@id\":\"https:\/\/keramtech.cz\/en\/#website\"},\"datePublished\":\"2022-10-11T08:18:54+00:00\",\"dateModified\":\"2023-03-28T13:17:29+00:00\",\"breadcrumb\":{\"@id\":\"https:\/\/keramtech.cz\/en\/technical-details\/heating-ceramic\/#breadcrumb\"},\"inLanguage\":\"en-US\",\"potentialAction\":[{\"@type\":\"ReadAction\",\"target\":[\"https:\/\/keramtech.cz\/en\/technical-details\/heating-ceramic\/\"]}]},{\"@type\":\"BreadcrumbList\",\"@id\":\"https:\/\/keramtech.cz\/en\/technical-details\/heating-ceramic\/#breadcrumb\",\"itemListElement\":[{\"@type\":\"ListItem\",\"position\":1,\"name\":\"Home\",\"item\":\"https:\/\/keramtech.cz\/en\/\"},{\"@type\":\"ListItem\",\"position\":2,\"name\":\"Technical Informations\",\"item\":\"https:\/\/keramtech.cz\/en\/technical-details\/\"},{\"@type\":\"ListItem\",\"position\":3,\"name\":\"Heating ceramic\"}]},{\"@type\":\"WebSite\",\"@id\":\"https:\/\/keramtech.cz\/en\/#website\",\"url\":\"https:\/\/keramtech.cz\/en\/\",\"name\":\"KERAMTECH s. r. o.\",\"description\":\"V\u00fdroba technick\u00e9 a sl\u00e9v\u00e1rensk\u00e9 keramiky\",\"potentialAction\":[{\"@type\":\"SearchAction\",\"target\":{\"@type\":\"EntryPoint\",\"urlTemplate\":\"https:\/\/keramtech.cz\/en\/?s={search_term_string}\"},\"query-input\":{\"@type\":\"PropertyValueSpecification\",\"valueRequired\":true,\"valueName\":\"search_term_string\"}}],\"inLanguage\":\"en-US\"}]}<\/script>\n<!-- \/ Yoast SEO plugin. -->","yoast_head_json":{"title":"Heating ceramic - KERAMTECH s. r. o.","robots":{"index":"index","follow":"follow","max-snippet":"max-snippet:-1","max-image-preview":"max-image-preview:large","max-video-preview":"max-video-preview:-1"},"canonical":"https:\/\/keramtech.cz\/en\/technical-details\/heating-ceramic\/","og_locale":"en_US","og_type":"article","og_title":"Heating ceramic - KERAMTECH s. r. o.","og_url":"https:\/\/keramtech.cz\/en\/technical-details\/heating-ceramic\/","og_site_name":"KERAMTECH s. r. o.","article_modified_time":"2023-03-28T13:17:29+00:00","twitter_card":"summary_large_image","twitter_misc":{"Est. reading time":"7 minutes"},"schema":{"@context":"https:\/\/schema.org","@graph":[{"@type":"WebPage","@id":"https:\/\/keramtech.cz\/en\/technical-details\/heating-ceramic\/","url":"https:\/\/keramtech.cz\/en\/technical-details\/heating-ceramic\/","name":"Heating ceramic - KERAMTECH s. r. o.","isPartOf":{"@id":"https:\/\/keramtech.cz\/en\/#website"},"datePublished":"2022-10-11T08:18:54+00:00","dateModified":"2023-03-28T13:17:29+00:00","breadcrumb":{"@id":"https:\/\/keramtech.cz\/en\/technical-details\/heating-ceramic\/#breadcrumb"},"inLanguage":"en-US","potentialAction":[{"@type":"ReadAction","target":["https:\/\/keramtech.cz\/en\/technical-details\/heating-ceramic\/"]}]},{"@type":"BreadcrumbList","@id":"https:\/\/keramtech.cz\/en\/technical-details\/heating-ceramic\/#breadcrumb","itemListElement":[{"@type":"ListItem","position":1,"name":"Home","item":"https:\/\/keramtech.cz\/en\/"},{"@type":"ListItem","position":2,"name":"Technical Informations","item":"https:\/\/keramtech.cz\/en\/technical-details\/"},{"@type":"ListItem","position":3,"name":"Heating ceramic"}]},{"@type":"WebSite","@id":"https:\/\/keramtech.cz\/en\/#website","url":"https:\/\/keramtech.cz\/en\/","name":"KERAMTECH s. r. o.","description":"V\u00fdroba technick\u00e9 a sl\u00e9v\u00e1rensk\u00e9 keramiky","potentialAction":[{"@type":"SearchAction","target":{"@type":"EntryPoint","urlTemplate":"https:\/\/keramtech.cz\/en\/?s={search_term_string}"},"query-input":{"@type":"PropertyValueSpecification","valueRequired":true,"valueName":"search_term_string"}}],"inLanguage":"en-US"}]}},"_links":{"self":[{"href":"https:\/\/keramtech.cz\/en\/wp-json\/wp\/v2\/pages\/7015","targetHints":{"allow":["GET"]}}],"collection":[{"href":"https:\/\/keramtech.cz\/en\/wp-json\/wp\/v2\/pages"}],"about":[{"href":"https:\/\/keramtech.cz\/en\/wp-json\/wp\/v2\/types\/page"}],"author":[{"embeddable":true,"href":"https:\/\/keramtech.cz\/en\/wp-json\/wp\/v2\/users\/3"}],"replies":[{"embeddable":true,"href":"https:\/\/keramtech.cz\/en\/wp-json\/wp\/v2\/comments?post=7015"}],"version-history":[{"count":16,"href":"https:\/\/keramtech.cz\/en\/wp-json\/wp\/v2\/pages\/7015\/revisions"}],"predecessor-version":[{"id":9506,"href":"https:\/\/keramtech.cz\/en\/wp-json\/wp\/v2\/pages\/7015\/revisions\/9506"}],"up":[{"embeddable":true,"href":"https:\/\/keramtech.cz\/en\/wp-json\/wp\/v2\/pages\/6508"}],"wp:attachment":[{"href":"https:\/\/keramtech.cz\/en\/wp-json\/wp\/v2\/media?parent=7015"}],"curies":[{"name":"wp","href":"https:\/\/api.w.org\/{rel}","templated":true}]}}