{"id":6512,"date":"2022-10-03T11:00:33","date_gmt":"2022-10-03T09:00:33","guid":{"rendered":"http:\/\/keramtech.cz\/technical-details\/electroceramic-parts\/"},"modified":"2023-03-28T08:42:30","modified_gmt":"2023-03-28T06:42:30","slug":"electroceramic-parts","status":"publish","type":"page","link":"https:\/\/keramtech.cz\/en\/technical-details\/electroceramic-parts\/","title":{"rendered":"Electroceramic parts"},"content":{"rendered":"<section class=\"fusion-fullwidth fullwidth-box fusion-builder-row-1 fusion-flex-container has-pattern-background has-mask-background nonhundred-percent-fullwidth non-hundred-percent-height-scrolling fusion-animated\" style=\"--awb-border-radius-top-left:0px;--awb-border-radius-top-right:0px;--awb-border-radius-bottom-right:0px;--awb-border-radius-bottom-left:0px;--awb-padding-bottom:3.25rem;--awb-flex-wrap:wrap;\" data-animationType=\"fadeInDown\" data-animationDuration=\"0.5\" data-animationOffset=\"top-into-view\" ><div class=\"fusion-builder-row fusion-row fusion-flex-align-items-flex-start fusion-flex-content-wrap\" style=\"max-width:calc( 83rem + 1.25rem );margin-left: calc(-1.25rem \/ 2 );margin-right: calc(-1.25rem \/ 2 );\"><div class=\"fusion-layout-column fusion_builder_column fusion-builder-column-0 fusion_builder_column_1_1 1_1 fusion-flex-column\" style=\"--awb-padding-bottom:1.625rem;--awb-bg-size:cover;--awb-width-large:100%;--awb-margin-top-large:0px;--awb-spacing-right-large:0.625rem;--awb-margin-bottom-large:0px;--awb-spacing-left-large:0.625rem;--awb-width-medium:100%;--awb-order-medium:0;--awb-spacing-right-medium:0.625rem;--awb-spacing-left-medium:0.625rem;--awb-width-small:100%;--awb-order-small:0;--awb-spacing-right-small:0.625rem;--awb-spacing-left-small:0.625rem;\"><div class=\"fusion-column-wrapper fusion-column-has-shadow fusion-flex-justify-content-flex-start fusion-content-layout-column\"><div class=\"fusion-title title fusion-title-1 fusion-sep-none fusion-title-text fusion-title-size-two\" style=\"--awb-margin-top:0px;--awb-margin-right:0px;--awb-margin-left:0px;--awb-margin-top-small:0px;--awb-margin-right-small:0px;--awb-margin-left-small:0px;\"><h2 class=\"fusion-title-heading title-heading-left fusion-responsive-typography-calculated\" style=\"margin:0;--fontSize:45;line-height:var(--awb-typography1-line-height);\">Electroceramic parts<\/h2><\/div><div class=\"fusion-text fusion-text-1\"><p>Traditional products are technical porcelain (C111) and steatite (C221) products, intended for use in the electrotechnical industry. This group of products includes in particular: socket bodies for use at high temperatures, ceramic terminal blocks meeting the highest fire protection requirements, various types of cable clamps, holders and grommets for distribution in public buildings, tunnels or the subway, wall and ceiling ceramic luminaires with IP20 protection , especially for non-residential premises, special parts, such as resistance saddles, etc.<\/p>\n<\/div><\/div><\/div><div class=\"fusion-layout-column fusion_builder_column fusion-builder-column-1 fusion_builder_column_1_2 1_2 fusion-flex-column\" style=\"--awb-bg-size:cover;--awb-width-large:50%;--awb-margin-top-large:0px;--awb-spacing-right-large:1rem;--awb-margin-bottom-large:0px;--awb-spacing-left-large:0.625rem;--awb-width-medium:100%;--awb-order-medium:0;--awb-spacing-right-medium:2rem;--awb-spacing-left-medium:2rem;--awb-width-small:100%;--awb-order-small:0;--awb-spacing-right-small:0.625rem;--awb-spacing-left-small:0.625rem;\"><div class=\"fusion-column-wrapper fusion-column-has-shadow fusion-flex-justify-content-flex-start fusion-content-layout-column\"><div class=\"fusion-image-element \" style=\"--awb-caption-title-font-family:var(--h2_typography-font-family);--awb-caption-title-font-weight:var(--h2_typography-font-weight);--awb-caption-title-font-style:var(--h2_typography-font-style);--awb-caption-title-size:var(--h2_typography-font-size);--awb-caption-title-transform:var(--h2_typography-text-transform);--awb-caption-title-line-height:var(--h2_typography-line-height);--awb-caption-title-letter-spacing:var(--h2_typography-letter-spacing);\"><span class=\" fusion-imageframe imageframe-none imageframe-1 hover-type-none\"><img decoding=\"async\" width=\"720\" height=\"524\" title=\"elektro-tp-1\" src=\"https:\/\/keramtech.cz\/wp-content\/uploads\/2022\/09\/elektro-tp-1.jpg\" data-orig-src=\"https:\/\/keramtech.cz\/wp-content\/uploads\/2022\/09\/elektro-tp-1.jpg\" alt class=\"lazyload img-responsive wp-image-6148\" srcset=\"data:image\/svg+xml,%3Csvg%20xmlns%3D%27http%3A%2F%2Fwww.w3.org%2F2000%2Fsvg%27%20width%3D%27720%27%20height%3D%27524%27%20viewBox%3D%270%200%20720%20524%27%3E%3Crect%20width%3D%27720%27%20height%3D%27524%27%20fill-opacity%3D%220%22%2F%3E%3C%2Fsvg%3E\" data-srcset=\"https:\/\/keramtech.cz\/wp-content\/uploads\/2022\/09\/elektro-tp-1-200x146.jpg 200w, https:\/\/keramtech.cz\/wp-content\/uploads\/2022\/09\/elektro-tp-1-400x291.jpg 400w, https:\/\/keramtech.cz\/wp-content\/uploads\/2022\/09\/elektro-tp-1-600x437.jpg 600w, https:\/\/keramtech.cz\/wp-content\/uploads\/2022\/09\/elektro-tp-1.jpg 720w\" data-sizes=\"auto\" data-orig-sizes=\"(max-width: 640px) 100vw, 720px\" \/><\/span><\/div><\/div><\/div><div class=\"fusion-layout-column fusion_builder_column fusion-builder-column-2 fusion_builder_column_1_2 1_2 fusion-flex-column\" style=\"--awb-bg-size:cover;--awb-width-large:50%;--awb-margin-top-large:0px;--awb-spacing-right-large:0.625rem;--awb-margin-bottom-large:0px;--awb-spacing-left-large:1rem;--awb-width-medium:100%;--awb-order-medium:0;--awb-margin-top-medium:1.125rem;--awb-spacing-right-medium:2rem;--awb-spacing-left-medium:2rem;--awb-width-small:100%;--awb-order-small:0;--awb-spacing-right-small:0.625rem;--awb-spacing-left-small:0.625rem;\"><div class=\"fusion-column-wrapper fusion-column-has-shadow fusion-flex-justify-content-flex-start fusion-content-layout-column\"><div class=\"fusion-image-element \" style=\"--awb-caption-title-font-family:var(--h2_typography-font-family);--awb-caption-title-font-weight:var(--h2_typography-font-weight);--awb-caption-title-font-style:var(--h2_typography-font-style);--awb-caption-title-size:var(--h2_typography-font-size);--awb-caption-title-transform:var(--h2_typography-text-transform);--awb-caption-title-line-height:var(--h2_typography-line-height);--awb-caption-title-letter-spacing:var(--h2_typography-letter-spacing);\"><span class=\" fusion-imageframe imageframe-none imageframe-2 hover-type-none\"><img decoding=\"async\" width=\"721\" height=\"527\" title=\"elektro-tp-2\" src=\"https:\/\/keramtech.cz\/wp-content\/uploads\/2022\/09\/elektro-tp-2.jpg\" data-orig-src=\"https:\/\/keramtech.cz\/wp-content\/uploads\/2022\/09\/elektro-tp-2.jpg\" alt class=\"lazyload img-responsive wp-image-6151\" srcset=\"data:image\/svg+xml,%3Csvg%20xmlns%3D%27http%3A%2F%2Fwww.w3.org%2F2000%2Fsvg%27%20width%3D%27721%27%20height%3D%27527%27%20viewBox%3D%270%200%20721%20527%27%3E%3Crect%20width%3D%27721%27%20height%3D%27527%27%20fill-opacity%3D%220%22%2F%3E%3C%2Fsvg%3E\" data-srcset=\"https:\/\/keramtech.cz\/wp-content\/uploads\/2022\/09\/elektro-tp-2-200x146.jpg 200w, https:\/\/keramtech.cz\/wp-content\/uploads\/2022\/09\/elektro-tp-2-400x292.jpg 400w, https:\/\/keramtech.cz\/wp-content\/uploads\/2022\/09\/elektro-tp-2-600x439.jpg 600w, https:\/\/keramtech.cz\/wp-content\/uploads\/2022\/09\/elektro-tp-2.jpg 721w\" data-sizes=\"auto\" data-orig-sizes=\"(max-width: 640px) 100vw, 721px\" \/><\/span><\/div><\/div><\/div><div class=\"fusion-layout-column fusion_builder_column fusion-builder-column-3 fusion_builder_column_1_2 1_2 fusion-flex-column\" style=\"--awb-padding-top:3.25rem;--awb-padding-bottom:3.25rem;--awb-bg-size:cover;--awb-width-large:50%;--awb-margin-top-large:0px;--awb-spacing-right-large:0.625rem;--awb-margin-bottom-large:2rem;--awb-spacing-left-large:0.625rem;--awb-width-medium:50%;--awb-order-medium:0;--awb-spacing-right-medium:0.625rem;--awb-margin-bottom-medium:1.125rem;--awb-spacing-left-medium:0.625rem;--awb-width-small:100%;--awb-order-small:0;--awb-spacing-right-small:0.625rem;--awb-spacing-left-small:0.625rem;\"><div class=\"fusion-column-wrapper fusion-column-has-shadow fusion-flex-justify-content-flex-start fusion-content-layout-column\"><div class=\"fusion-title title fusion-title-2 fusion-sep-none fusion-title-text fusion-title-size-three\" style=\"--awb-margin-top:0px;--awb-margin-right:0px;--awb-margin-left:0px;--awb-margin-top-small:0px;--awb-margin-right-small:0px;--awb-margin-left-small:0px;\"><h3 class=\"fusion-title-heading title-heading-left fusion-responsive-typography-calculated\" style=\"margin:0;--fontSize:18.75;--minFontSize:18.75;line-height:var(--awb-typography1-line-height);\">Technical informations of C111 (Porcelain):<\/h3><\/div><div class=\"fusion-text fusion-text-2\"><p><strong>Chemical content:<\/strong> Al2O3\/SiO2<br \/>\n<strong>Ceramic type:<\/strong> C111 (mullit)<br \/>\n<strong>Application temperature:<\/strong> 800\u00b0C<br \/>\n<strong>Internal resistivity at 200\u00b0C:<\/strong> 10 <sup>10<\/sup>\u03a9m<br \/>\n<strong>Internal resistivity at 200\u00b0C:<\/strong> 10 <sup>6<\/sup>\u03a9m<br \/>\n<strong>Density:<\/strong> Min. 2,0 g\/cm<sup>3<\/sup><br \/>\n<strong>Colour:<\/strong> White\/Light Grey<br \/>\n<strong>Dimension Tollerances:<\/strong> Following drawings<br \/>\n<strong>Apparent porosity:<\/strong> Max. 3%<br \/>\n<strong>Dimension Tollerances:<\/strong> Following drawings<\/p>\n<\/div><\/div><\/div><div class=\"fusion-layout-column fusion_builder_column fusion-builder-column-4 fusion_builder_column_1_2 1_2 fusion-flex-column\" style=\"--awb-padding-top:3.25rem;--awb-padding-bottom:3.25rem;--awb-bg-size:cover;--awb-width-large:50%;--awb-margin-top-large:0px;--awb-spacing-right-large:0.625rem;--awb-margin-bottom-large:2rem;--awb-spacing-left-large:0.625rem;--awb-width-medium:50%;--awb-order-medium:0;--awb-spacing-right-medium:0.625rem;--awb-spacing-left-medium:0.625rem;--awb-width-small:100%;--awb-order-small:0;--awb-spacing-right-small:0.625rem;--awb-spacing-left-small:0.625rem;\"><div class=\"fusion-column-wrapper fusion-column-has-shadow fusion-flex-justify-content-flex-start fusion-content-layout-column\"><div class=\"fusion-title title fusion-title-3 fusion-sep-none fusion-title-text fusion-title-size-three\" style=\"--awb-margin-top:0px;--awb-margin-right:0px;--awb-margin-left:0px;--awb-margin-top-small:0px;--awb-margin-right-small:0px;--awb-margin-left-small:0px;\"><h3 class=\"fusion-title-heading title-heading-left fusion-responsive-typography-calculated\" style=\"margin:0;--fontSize:18.75;--minFontSize:18.75;line-height:var(--awb-typography1-line-height);\">Technical informations of C221 (Steatit):<\/h3><\/div><div class=\"fusion-text fusion-text-3\"><p><strong>Chemical content:<\/strong> Al2O3\/SiO2<br \/>\n<strong>Ceramic type:<\/strong> C221<br \/>\n<strong>Application temperature:<\/strong> 800\u00b0C<br \/>\n<strong>Internal resistivity at 30\u00b0C:<\/strong> 10 <sup>12<\/sup>\u03a9m<br \/>\n<strong>Internal resistivity at 200\u00b0C:<\/strong> 10 <sup>11<\/sup>\u03a9m<br \/>\n<strong>Density:<\/strong> 2,4 g\/cm<sup>3<\/sup><br \/>\n<strong>Colour:<\/strong> White\/Light Grey<br \/>\n<strong>Dimension Tollerances:<\/strong> Following drawings<br \/>\n<strong>Apparent porosity:<\/strong> Max. 1%<br \/>\n<strong>Dimension Tollerances:<\/strong> Following drawings<\/p>\n<\/div><\/div><\/div><div class=\"fusion-layout-column fusion_builder_column fusion-builder-column-5 fusion_builder_column_1_1 1_1 fusion-flex-column\" style=\"--awb-padding-top:3.25rem;--awb-padding-bottom:3.25rem;--awb-bg-size:cover;--awb-width-large:100%;--awb-margin-top-large:0px;--awb-spacing-right-large:0.625rem;--awb-margin-bottom-large:0px;--awb-spacing-left-large:0.625rem;--awb-width-medium:100%;--awb-order-medium:0;--awb-spacing-right-medium:0.625rem;--awb-spacing-left-medium:0.625rem;--awb-width-small:100%;--awb-order-small:0;--awb-spacing-right-small:0.625rem;--awb-spacing-left-small:0.625rem;\"><div class=\"fusion-column-wrapper fusion-column-has-shadow fusion-flex-justify-content-flex-start fusion-content-layout-column\"><div style=\"text-align:center;\"><a class=\"fusion-button button-flat fusion-button-default-size button-default fusion-button-default button-1 fusion-button-default-span fusion-button-default-type\" target=\"_self\" href=\"\/en\/product-category\/electroceramics\/\"><span class=\"fusion-button-text awb-button__text awb-button__text--default\">Go to catalogue<\/span><\/a><\/div><\/div><\/div><\/div><\/section>\n","protected":false},"excerpt":{"rendered":"","protected":false},"author":3,"featured_media":0,"parent":6508,"menu_order":0,"comment_status":"closed","ping_status":"closed","template":"","meta":{"_acf_changed":false,"footnotes":""},"class_list":["post-6512","page","type-page","status-publish","hentry"],"acf":[],"yoast_head":"<!-- This site is optimized with the Yoast SEO plugin v26.1.1 - https:\/\/yoast.com\/wordpress\/plugins\/seo\/ -->\n<title>Electroceramic parts - KERAMTECH s. r. o.<\/title>\n<meta name=\"robots\" content=\"index, follow, max-snippet:-1, max-image-preview:large, max-video-preview:-1\" \/>\n<link rel=\"canonical\" href=\"https:\/\/keramtech.cz\/en\/technical-details\/electroceramic-parts\/\" \/>\n<meta property=\"og:locale\" content=\"en_US\" \/>\n<meta property=\"og:type\" content=\"article\" \/>\n<meta property=\"og:title\" content=\"Electroceramic parts - KERAMTECH s. r. o.\" \/>\n<meta property=\"og:url\" content=\"https:\/\/keramtech.cz\/en\/technical-details\/electroceramic-parts\/\" \/>\n<meta property=\"og:site_name\" content=\"KERAMTECH s. r. o.\" \/>\n<meta property=\"article:modified_time\" content=\"2023-03-28T06:42:30+00:00\" \/>\n<meta name=\"twitter:card\" content=\"summary_large_image\" \/>\n<meta name=\"twitter:label1\" content=\"Est. reading time\" \/>\n\t<meta name=\"twitter:data1\" content=\"10 minutes\" \/>\n<script type=\"application\/ld+json\" class=\"yoast-schema-graph\">{\"@context\":\"https:\/\/schema.org\",\"@graph\":[{\"@type\":\"WebPage\",\"@id\":\"https:\/\/keramtech.cz\/en\/technical-details\/electroceramic-parts\/\",\"url\":\"https:\/\/keramtech.cz\/en\/technical-details\/electroceramic-parts\/\",\"name\":\"Electroceramic parts - KERAMTECH s. r. o.\",\"isPartOf\":{\"@id\":\"https:\/\/keramtech.cz\/en\/#website\"},\"datePublished\":\"2022-10-03T09:00:33+00:00\",\"dateModified\":\"2023-03-28T06:42:30+00:00\",\"breadcrumb\":{\"@id\":\"https:\/\/keramtech.cz\/en\/technical-details\/electroceramic-parts\/#breadcrumb\"},\"inLanguage\":\"en-US\",\"potentialAction\":[{\"@type\":\"ReadAction\",\"target\":[\"https:\/\/keramtech.cz\/en\/technical-details\/electroceramic-parts\/\"]}]},{\"@type\":\"BreadcrumbList\",\"@id\":\"https:\/\/keramtech.cz\/en\/technical-details\/electroceramic-parts\/#breadcrumb\",\"itemListElement\":[{\"@type\":\"ListItem\",\"position\":1,\"name\":\"Home\",\"item\":\"https:\/\/keramtech.cz\/en\/\"},{\"@type\":\"ListItem\",\"position\":2,\"name\":\"Technical Informations\",\"item\":\"https:\/\/keramtech.cz\/en\/technical-details\/\"},{\"@type\":\"ListItem\",\"position\":3,\"name\":\"Electroceramic parts\"}]},{\"@type\":\"WebSite\",\"@id\":\"https:\/\/keramtech.cz\/en\/#website\",\"url\":\"https:\/\/keramtech.cz\/en\/\",\"name\":\"KERAMTECH s. r. o.\",\"description\":\"V\u00fdroba technick\u00e9 a sl\u00e9v\u00e1rensk\u00e9 keramiky\",\"potentialAction\":[{\"@type\":\"SearchAction\",\"target\":{\"@type\":\"EntryPoint\",\"urlTemplate\":\"https:\/\/keramtech.cz\/en\/?s={search_term_string}\"},\"query-input\":{\"@type\":\"PropertyValueSpecification\",\"valueRequired\":true,\"valueName\":\"search_term_string\"}}],\"inLanguage\":\"en-US\"}]}<\/script>\n<!-- \/ Yoast SEO plugin. -->","yoast_head_json":{"title":"Electroceramic parts - KERAMTECH s. r. o.","robots":{"index":"index","follow":"follow","max-snippet":"max-snippet:-1","max-image-preview":"max-image-preview:large","max-video-preview":"max-video-preview:-1"},"canonical":"https:\/\/keramtech.cz\/en\/technical-details\/electroceramic-parts\/","og_locale":"en_US","og_type":"article","og_title":"Electroceramic parts - KERAMTECH s. r. o.","og_url":"https:\/\/keramtech.cz\/en\/technical-details\/electroceramic-parts\/","og_site_name":"KERAMTECH s. r. o.","article_modified_time":"2023-03-28T06:42:30+00:00","twitter_card":"summary_large_image","twitter_misc":{"Est. reading time":"10 minutes"},"schema":{"@context":"https:\/\/schema.org","@graph":[{"@type":"WebPage","@id":"https:\/\/keramtech.cz\/en\/technical-details\/electroceramic-parts\/","url":"https:\/\/keramtech.cz\/en\/technical-details\/electroceramic-parts\/","name":"Electroceramic parts - KERAMTECH s. r. o.","isPartOf":{"@id":"https:\/\/keramtech.cz\/en\/#website"},"datePublished":"2022-10-03T09:00:33+00:00","dateModified":"2023-03-28T06:42:30+00:00","breadcrumb":{"@id":"https:\/\/keramtech.cz\/en\/technical-details\/electroceramic-parts\/#breadcrumb"},"inLanguage":"en-US","potentialAction":[{"@type":"ReadAction","target":["https:\/\/keramtech.cz\/en\/technical-details\/electroceramic-parts\/"]}]},{"@type":"BreadcrumbList","@id":"https:\/\/keramtech.cz\/en\/technical-details\/electroceramic-parts\/#breadcrumb","itemListElement":[{"@type":"ListItem","position":1,"name":"Home","item":"https:\/\/keramtech.cz\/en\/"},{"@type":"ListItem","position":2,"name":"Technical Informations","item":"https:\/\/keramtech.cz\/en\/technical-details\/"},{"@type":"ListItem","position":3,"name":"Electroceramic parts"}]},{"@type":"WebSite","@id":"https:\/\/keramtech.cz\/en\/#website","url":"https:\/\/keramtech.cz\/en\/","name":"KERAMTECH s. r. o.","description":"V\u00fdroba technick\u00e9 a sl\u00e9v\u00e1rensk\u00e9 keramiky","potentialAction":[{"@type":"SearchAction","target":{"@type":"EntryPoint","urlTemplate":"https:\/\/keramtech.cz\/en\/?s={search_term_string}"},"query-input":{"@type":"PropertyValueSpecification","valueRequired":true,"valueName":"search_term_string"}}],"inLanguage":"en-US"}]}},"_links":{"self":[{"href":"https:\/\/keramtech.cz\/en\/wp-json\/wp\/v2\/pages\/6512","targetHints":{"allow":["GET"]}}],"collection":[{"href":"https:\/\/keramtech.cz\/en\/wp-json\/wp\/v2\/pages"}],"about":[{"href":"https:\/\/keramtech.cz\/en\/wp-json\/wp\/v2\/types\/page"}],"author":[{"embeddable":true,"href":"https:\/\/keramtech.cz\/en\/wp-json\/wp\/v2\/users\/3"}],"replies":[{"embeddable":true,"href":"https:\/\/keramtech.cz\/en\/wp-json\/wp\/v2\/comments?post=6512"}],"version-history":[{"count":5,"href":"https:\/\/keramtech.cz\/en\/wp-json\/wp\/v2\/pages\/6512\/revisions"}],"predecessor-version":[{"id":9412,"href":"https:\/\/keramtech.cz\/en\/wp-json\/wp\/v2\/pages\/6512\/revisions\/9412"}],"up":[{"embeddable":true,"href":"https:\/\/keramtech.cz\/en\/wp-json\/wp\/v2\/pages\/6508"}],"wp:attachment":[{"href":"https:\/\/keramtech.cz\/en\/wp-json\/wp\/v2\/media?parent=6512"}],"curies":[{"name":"wp","href":"https:\/\/api.w.org\/{rel}","templated":true}]}}