{"id":6504,"date":"2022-07-14T12:54:09","date_gmt":"2022-07-14T10:54:09","guid":{"rendered":"http:\/\/keramtech.cz\/soucasnost\/"},"modified":"2022-10-03T10:20:42","modified_gmt":"2022-10-03T08:20:42","slug":"soucasnost","status":"publish","type":"page","link":"https:\/\/keramtech.cz\/en\/soucasnost\/","title":{"rendered":"The present of the company"},"content":{"rendered":"<section class=\"fusion-fullwidth fullwidth-box fusion-builder-row-1 fusion-flex-container has-pattern-background has-mask-background nonhundred-percent-fullwidth non-hundred-percent-height-scrolling\" style=\"--awb-border-radius-top-left:0px;--awb-border-radius-top-right:0px;--awb-border-radius-bottom-right:0px;--awb-border-radius-bottom-left:0px;--awb-flex-wrap:wrap;\" ><div class=\"fusion-builder-row fusion-row fusion-flex-align-items-center fusion-flex-content-wrap\" style=\"max-width:calc( 83rem + 1.25rem );margin-left: calc(-1.25rem \/ 2 );margin-right: calc(-1.25rem \/ 2 );\"><div class=\"fusion-layout-column fusion_builder_column fusion-builder-column-0 fusion_builder_column_1_2 1_2 fusion-flex-column fusion-animated\" style=\"--awb-bg-size:cover;--awb-width-large:50%;--awb-margin-top-large:0px;--awb-spacing-right-large:1rem;--awb-margin-bottom-large:2rem;--awb-spacing-left-large:0.625rem;--awb-width-medium:100%;--awb-order-medium:2;--awb-spacing-right-medium:1rem;--awb-spacing-left-medium:1rem;--awb-width-small:100%;--awb-order-small:0;--awb-spacing-right-small:0.625rem;--awb-spacing-left-small:0.625rem;\" data-animationType=\"fadeInDown\" data-animationDuration=\"1.0\" data-animationOffset=\"top-into-view\"><div class=\"fusion-column-wrapper fusion-column-has-shadow fusion-flex-justify-content-flex-start fusion-content-layout-column\"><div class=\"fusion-image-element \" style=\"--awb-caption-title-font-family:var(--h2_typography-font-family);--awb-caption-title-font-weight:var(--h2_typography-font-weight);--awb-caption-title-font-style:var(--h2_typography-font-style);--awb-caption-title-size:var(--h2_typography-font-size);--awb-caption-title-transform:var(--h2_typography-text-transform);--awb-caption-title-line-height:var(--h2_typography-line-height);--awb-caption-title-letter-spacing:var(--h2_typography-letter-spacing);\"><span class=\" fusion-imageframe imageframe-none imageframe-1 hover-type-none\" style=\"border-radius:.5rem;\"><a href=\"https:\/\/keramtech.cz\/wp-content\/uploads\/2022\/07\/keramtech_soucasnost-6.jpg\" class=\"fusion-lightbox\" data-rel=\"iLightbox[2b2d26f6cc1fbad2cdd]\" data-title=\"keramtech_soucasnost (6)\" title=\"keramtech_soucasnost (6)\"><img decoding=\"async\" width=\"865\" height=\"648\" src=\"https:\/\/keramtech.cz\/wp-content\/uploads\/2022\/07\/keramtech_soucasnost-6.jpg\" data-orig-src=\"https:\/\/keramtech.cz\/wp-content\/uploads\/2022\/07\/keramtech_soucasnost-6.jpg\" alt class=\"lazyload img-responsive wp-image-6648\" srcset=\"data:image\/svg+xml,%3Csvg%20xmlns%3D%27http%3A%2F%2Fwww.w3.org%2F2000%2Fsvg%27%20width%3D%27865%27%20height%3D%27648%27%20viewBox%3D%270%200%20865%20648%27%3E%3Crect%20width%3D%27865%27%20height%3D%27648%27%20fill-opacity%3D%220%22%2F%3E%3C%2Fsvg%3E\" data-srcset=\"https:\/\/keramtech.cz\/wp-content\/uploads\/2022\/07\/keramtech_soucasnost-6-200x150.jpg 200w, https:\/\/keramtech.cz\/wp-content\/uploads\/2022\/07\/keramtech_soucasnost-6-400x300.jpg 400w, https:\/\/keramtech.cz\/wp-content\/uploads\/2022\/07\/keramtech_soucasnost-6-600x449.jpg 600w, https:\/\/keramtech.cz\/wp-content\/uploads\/2022\/07\/keramtech_soucasnost-6-800x599.jpg 800w, https:\/\/keramtech.cz\/wp-content\/uploads\/2022\/07\/keramtech_soucasnost-6.jpg 865w\" data-sizes=\"auto\" data-orig-sizes=\"(max-width: 640px) 100vw, 800px\" \/><\/a><\/span><\/div><\/div><\/div><div class=\"fusion-layout-column fusion_builder_column fusion-builder-column-1 fusion_builder_column_1_2 1_2 fusion-flex-column fusion-animated\" style=\"--awb-bg-size:cover;--awb-width-large:50%;--awb-margin-top-large:0px;--awb-spacing-right-large:0.625rem;--awb-margin-bottom-large:0px;--awb-spacing-left-large:1rem;--awb-width-medium:100%;--awb-order-medium:1;--awb-spacing-right-medium:1rem;--awb-spacing-left-medium:1rem;--awb-width-small:100%;--awb-order-small:0;--awb-spacing-right-small:0.625rem;--awb-spacing-left-small:0.625rem;\" data-animationType=\"fadeInDown\" data-animationDuration=\"1.0\" data-animationOffset=\"top-into-view\"><div class=\"fusion-column-wrapper fusion-column-has-shadow fusion-flex-justify-content-flex-start fusion-content-layout-column\"><div class=\"fusion-text fusion-text-1\"><p>The company KERAMTECH s. r. o. \u017dacl\u00e9\u0159 belong to the leading producers of foundry ceramics, which is also the company&#8217;s&nbsp;main product range. We offer filters designed for all types of ferrous, non-ferrous and \u201ecoloured\u201c metals.<\/p>\n<p>A special category in this area are ceramic casting sieves, which still have their irreplaceable place in the casting system. The ceramic head of thermoprobes is then used in foundries and smelters. Ceramic parts for electric heating systems form a&nbsp;separate group of products in our company. These are heating assemblies, usually consisting of a&nbsp;metal heating spiral carrier (boiler roller, surface\/plate carrier, smooth pipes) and other parts, such as heating rod heads, heating rod carriers, mounting elements, etc. These products can then be found in water heaters, tempering, drying and firing furnaces, etc. Traditional products are still technical porcelain (C111) and steatite (C221) products, intended for use in the electrotechnical industry.<\/p>\n<p>This group of products mainly includes E14, E27 and E40 socket bodies for safe use at high temperatures, ceramic terminal blocks meeting the highest fire protection requirements, various types of cable clamps, holders and grommets for distribution in public buildings, tunnels or subways, wall and ceiling ceramic luminaires with IP20 protection and various special parts such as resistance seats, terminal block bodies, zero bridges and many others.<\/p>\n<p>We are constantly adding new types of products to the traditional assortment, such as Raschig rings (the most common filling of distillation and absorption columns), protective parts and extensions (used for mechanical protection of metal or plastic parts), textile conductors of various shapes and sizes, industrial and retro handles for furniture or stove doors and many others.<\/p>\n<\/div><\/div><\/div><\/div><\/section>\n","protected":false},"excerpt":{"rendered":"","protected":false},"author":3,"featured_media":0,"parent":0,"menu_order":0,"comment_status":"closed","ping_status":"closed","template":"100-width.php","meta":{"_acf_changed":false,"footnotes":""},"class_list":["post-6504","page","type-page","status-publish","hentry"],"acf":[],"yoast_head":"<!-- This site is optimized with the Yoast SEO plugin v26.1.1 - https:\/\/yoast.com\/wordpress\/plugins\/seo\/ -->\n<title>The present of the company - KERAMTECH s. r. o.<\/title>\n<meta name=\"robots\" content=\"index, follow, max-snippet:-1, max-image-preview:large, max-video-preview:-1\" \/>\n<link rel=\"canonical\" href=\"https:\/\/keramtech.cz\/en\/soucasnost\/\" \/>\n<meta property=\"og:locale\" content=\"en_US\" \/>\n<meta property=\"og:type\" content=\"article\" \/>\n<meta property=\"og:title\" content=\"The present of the company - KERAMTECH s. r. o.\" \/>\n<meta property=\"og:url\" content=\"https:\/\/keramtech.cz\/en\/soucasnost\/\" \/>\n<meta property=\"og:site_name\" content=\"KERAMTECH s. r. o.\" \/>\n<meta property=\"article:modified_time\" content=\"2022-10-03T08:20:42+00:00\" \/>\n<meta name=\"twitter:card\" content=\"summary_large_image\" \/>\n<meta name=\"twitter:label1\" content=\"Est. reading time\" \/>\n\t<meta name=\"twitter:data1\" content=\"5 minutes\" \/>\n<script type=\"application\/ld+json\" class=\"yoast-schema-graph\">{\"@context\":\"https:\/\/schema.org\",\"@graph\":[{\"@type\":\"WebPage\",\"@id\":\"https:\/\/keramtech.cz\/en\/soucasnost\/\",\"url\":\"https:\/\/keramtech.cz\/en\/soucasnost\/\",\"name\":\"The present of the company - KERAMTECH s. r. o.\",\"isPartOf\":{\"@id\":\"https:\/\/keramtech.cz\/en\/#website\"},\"datePublished\":\"2022-07-14T10:54:09+00:00\",\"dateModified\":\"2022-10-03T08:20:42+00:00\",\"breadcrumb\":{\"@id\":\"https:\/\/keramtech.cz\/en\/soucasnost\/#breadcrumb\"},\"inLanguage\":\"en-US\",\"potentialAction\":[{\"@type\":\"ReadAction\",\"target\":[\"https:\/\/keramtech.cz\/en\/soucasnost\/\"]}]},{\"@type\":\"BreadcrumbList\",\"@id\":\"https:\/\/keramtech.cz\/en\/soucasnost\/#breadcrumb\",\"itemListElement\":[{\"@type\":\"ListItem\",\"position\":1,\"name\":\"Home\",\"item\":\"https:\/\/keramtech.cz\/en\/\"},{\"@type\":\"ListItem\",\"position\":2,\"name\":\"The present of the company\"}]},{\"@type\":\"WebSite\",\"@id\":\"https:\/\/keramtech.cz\/en\/#website\",\"url\":\"https:\/\/keramtech.cz\/en\/\",\"name\":\"KERAMTECH s. r. o.\",\"description\":\"V\u00fdroba technick\u00e9 a sl\u00e9v\u00e1rensk\u00e9 keramiky\",\"potentialAction\":[{\"@type\":\"SearchAction\",\"target\":{\"@type\":\"EntryPoint\",\"urlTemplate\":\"https:\/\/keramtech.cz\/en\/?s={search_term_string}\"},\"query-input\":{\"@type\":\"PropertyValueSpecification\",\"valueRequired\":true,\"valueName\":\"search_term_string\"}}],\"inLanguage\":\"en-US\"}]}<\/script>\n<!-- \/ Yoast SEO plugin. -->","yoast_head_json":{"title":"The present of the company - KERAMTECH s. r. o.","robots":{"index":"index","follow":"follow","max-snippet":"max-snippet:-1","max-image-preview":"max-image-preview:large","max-video-preview":"max-video-preview:-1"},"canonical":"https:\/\/keramtech.cz\/en\/soucasnost\/","og_locale":"en_US","og_type":"article","og_title":"The present of the company - KERAMTECH s. r. o.","og_url":"https:\/\/keramtech.cz\/en\/soucasnost\/","og_site_name":"KERAMTECH s. r. o.","article_modified_time":"2022-10-03T08:20:42+00:00","twitter_card":"summary_large_image","twitter_misc":{"Est. reading time":"5 minutes"},"schema":{"@context":"https:\/\/schema.org","@graph":[{"@type":"WebPage","@id":"https:\/\/keramtech.cz\/en\/soucasnost\/","url":"https:\/\/keramtech.cz\/en\/soucasnost\/","name":"The present of the company - KERAMTECH s. r. o.","isPartOf":{"@id":"https:\/\/keramtech.cz\/en\/#website"},"datePublished":"2022-07-14T10:54:09+00:00","dateModified":"2022-10-03T08:20:42+00:00","breadcrumb":{"@id":"https:\/\/keramtech.cz\/en\/soucasnost\/#breadcrumb"},"inLanguage":"en-US","potentialAction":[{"@type":"ReadAction","target":["https:\/\/keramtech.cz\/en\/soucasnost\/"]}]},{"@type":"BreadcrumbList","@id":"https:\/\/keramtech.cz\/en\/soucasnost\/#breadcrumb","itemListElement":[{"@type":"ListItem","position":1,"name":"Home","item":"https:\/\/keramtech.cz\/en\/"},{"@type":"ListItem","position":2,"name":"The present of the company"}]},{"@type":"WebSite","@id":"https:\/\/keramtech.cz\/en\/#website","url":"https:\/\/keramtech.cz\/en\/","name":"KERAMTECH s. r. o.","description":"V\u00fdroba technick\u00e9 a sl\u00e9v\u00e1rensk\u00e9 keramiky","potentialAction":[{"@type":"SearchAction","target":{"@type":"EntryPoint","urlTemplate":"https:\/\/keramtech.cz\/en\/?s={search_term_string}"},"query-input":{"@type":"PropertyValueSpecification","valueRequired":true,"valueName":"search_term_string"}}],"inLanguage":"en-US"}]}},"_links":{"self":[{"href":"https:\/\/keramtech.cz\/en\/wp-json\/wp\/v2\/pages\/6504","targetHints":{"allow":["GET"]}}],"collection":[{"href":"https:\/\/keramtech.cz\/en\/wp-json\/wp\/v2\/pages"}],"about":[{"href":"https:\/\/keramtech.cz\/en\/wp-json\/wp\/v2\/types\/page"}],"author":[{"embeddable":true,"href":"https:\/\/keramtech.cz\/en\/wp-json\/wp\/v2\/users\/3"}],"replies":[{"embeddable":true,"href":"https:\/\/keramtech.cz\/en\/wp-json\/wp\/v2\/comments?post=6504"}],"version-history":[{"count":0,"href":"https:\/\/keramtech.cz\/en\/wp-json\/wp\/v2\/pages\/6504\/revisions"}],"wp:attachment":[{"href":"https:\/\/keramtech.cz\/en\/wp-json\/wp\/v2\/media?parent=6504"}],"curies":[{"name":"wp","href":"https:\/\/api.w.org\/{rel}","templated":true}]}}