{"id":6491,"date":"2022-10-03T10:14:24","date_gmt":"2022-10-03T08:14:24","guid":{"rendered":"http:\/\/keramtech.cz\/qms-and-ems-policy\/"},"modified":"2025-04-16T11:46:59","modified_gmt":"2025-04-16T09:46:59","slug":"qms-and-ems-policy","status":"publish","type":"page","link":"https:\/\/keramtech.cz\/en\/qms-and-ems-policy\/","title":{"rendered":"QMS and EMS Policy"},"content":{"rendered":"<section class=\"fusion-fullwidth fullwidth-box fusion-builder-row-1 fusion-flex-container has-pattern-background has-mask-background nonhundred-percent-fullwidth non-hundred-percent-height-scrolling fusion-animated\" style=\"--awb-border-radius-top-left:0px;--awb-border-radius-top-right:0px;--awb-border-radius-bottom-right:0px;--awb-border-radius-bottom-left:0px;--awb-flex-wrap:wrap;\" data-animationType=\"fadeInLeft\" data-animationDuration=\"1.0\" data-animationOffset=\"top-into-view\" ><div class=\"fusion-builder-row fusion-row fusion-flex-align-items-flex-start fusion-flex-content-wrap\" style=\"max-width:calc( 83rem + 1.25rem );margin-left: calc(-1.25rem \/ 2 );margin-right: calc(-1.25rem \/ 2 );\"><div class=\"fusion-layout-column fusion_builder_column fusion-builder-column-0 fusion_builder_column_2_3 2_3 fusion-flex-column\" style=\"--awb-bg-size:cover;--awb-width-large:66.666666666667%;--awb-margin-top-large:0px;--awb-spacing-right-large:0.625rem;--awb-margin-bottom-large:0px;--awb-spacing-left-large:0.625rem;--awb-width-medium:66.666666666667%;--awb-order-medium:0;--awb-spacing-right-medium:0.625rem;--awb-spacing-left-medium:0.625rem;--awb-width-small:100%;--awb-order-small:0;--awb-spacing-right-small:0.625rem;--awb-spacing-left-small:0.625rem;\"><div class=\"fusion-column-wrapper fusion-column-has-shadow fusion-flex-justify-content-flex-start fusion-content-layout-column\"><div class=\"fusion-text fusion-text-1\"><p>We are a&nbsp;family company engaged in the production and development of industrial ceramics and porcelain products with many years of tradition. With the help of ISO 9001 (Quality Management System) and 14001 (Environmental Management) standards, we are building a&nbsp;stable, prosperous company whose main goal is to meet the needs of our customers with respect for the environment. In order to compete, we plan to gradually automate and further streamline our production process, which will not only allow us to produce existing products more cheaply with less waste, but also to expand our product portfolio.<\/p>\n<\/div><\/div><\/div><div class=\"fusion-layout-column fusion_builder_column fusion-builder-column-1 fusion_builder_column_1_3 1_3 fusion-flex-column\" style=\"--awb-bg-size:cover;--awb-width-large:33.333333333333%;--awb-margin-top-large:0px;--awb-spacing-right-large:0.625rem;--awb-margin-bottom-large:0px;--awb-spacing-left-large:0.625rem;--awb-width-medium:33.333333333333%;--awb-order-medium:0;--awb-spacing-right-medium:0.625rem;--awb-spacing-left-medium:0.625rem;--awb-width-small:100%;--awb-order-small:0;--awb-spacing-right-small:0.625rem;--awb-spacing-left-small:0.625rem;\"><div class=\"fusion-column-wrapper fusion-column-has-shadow fusion-flex-justify-content-flex-start fusion-content-layout-column\"><div class=\"awb-gallery-wrapper awb-gallery-wrapper-1 button-span-no\" style=\"--more-btn-alignment:center;\"><div style=\"margin:-5px;--awb-bordersize:0px;\" class=\"fusion-gallery fusion-gallery-container fusion-grid-3 fusion-columns-total-3 fusion-gallery-layout-grid fusion-gallery-1\"><div style=\"padding:5px;\" class=\"fusion-grid-column fusion-gallery-column fusion-gallery-column-3 hover-type-none\"><div class=\"fusion-gallery-image\"><a href=\"https:\/\/keramtech.cz\/wp-content\/uploads\/2025\/04\/Politika-spolecnosti-CZ.jpg\" rel=\"noreferrer\" data-rel=\"iLightbox[gallery_image_1]\" class=\"fusion-lightbox\" target=\"_self\"><img decoding=\"async\" src=\"https:\/\/keramtech.cz\/wp-content\/uploads\/2025\/04\/Politika-spolecnosti-CZ.jpg\" data-orig-src=\"https:\/\/keramtech.cz\/wp-content\/uploads\/2025\/04\/Politika-spolecnosti-CZ.jpg\" width=\"887\" height=\"1280\" alt=\"\" title=\"Integrovan\u00e1 politika jakosti a&nbsp;environmentu\" aria-label=\"Integrovan\u00e1 politika jakosti a&nbsp;environmentu\" class=\"lazyload img-responsive wp-image-10324\" srcset=\"data:image\/svg+xml,%3Csvg%20xmlns%3D%27http%3A%2F%2Fwww.w3.org%2F2000%2Fsvg%27%20width%3D%27887%27%20height%3D%271280%27%20viewBox%3D%270%200%20887%201280%27%3E%3Crect%20width%3D%27887%27%20height%3D%271280%27%20fill-opacity%3D%220%22%2F%3E%3C%2Fsvg%3E\" data-srcset=\"https:\/\/keramtech.cz\/wp-content\/uploads\/2025\/04\/Politika-spolecnosti-CZ-200x289.jpg 200w, https:\/\/keramtech.cz\/wp-content\/uploads\/2025\/04\/Politika-spolecnosti-CZ-400x577.jpg 400w, https:\/\/keramtech.cz\/wp-content\/uploads\/2025\/04\/Politika-spolecnosti-CZ-600x866.jpg 600w, https:\/\/keramtech.cz\/wp-content\/uploads\/2025\/04\/Politika-spolecnosti-CZ-800x1154.jpg 800w, https:\/\/keramtech.cz\/wp-content\/uploads\/2025\/04\/Politika-spolecnosti-CZ.jpg 887w\" data-sizes=\"auto\" data-orig-sizes=\"(min-width: 2200px) 100vw, (min-width: 784px) 439px, (min-width: 712px) 659px, (min-width: 640px) 712px, \" \/><\/a><\/div><\/div><div style=\"padding:5px;\" class=\"fusion-grid-column fusion-gallery-column fusion-gallery-column-3 hover-type-none\"><div class=\"fusion-gallery-image\"><a href=\"https:\/\/keramtech.cz\/wp-content\/uploads\/2025\/04\/Company-policy-EN.jpg\" rel=\"noreferrer\" data-rel=\"iLightbox[gallery_image_1]\" class=\"fusion-lightbox\" target=\"_self\"><img decoding=\"async\" src=\"https:\/\/keramtech.cz\/wp-content\/uploads\/2025\/04\/Company-policy-EN.jpg\" data-orig-src=\"https:\/\/keramtech.cz\/wp-content\/uploads\/2025\/04\/Company-policy-EN.jpg\" width=\"887\" height=\"1280\" alt=\"\" title=\"Integrovan\u00e1 politika jakosti a&nbsp;environmentu\" aria-label=\"Integrovan\u00e1 politika jakosti a&nbsp;environmentu\" class=\"lazyload img-responsive wp-image-10327\" srcset=\"data:image\/svg+xml,%3Csvg%20xmlns%3D%27http%3A%2F%2Fwww.w3.org%2F2000%2Fsvg%27%20width%3D%27887%27%20height%3D%271280%27%20viewBox%3D%270%200%20887%201280%27%3E%3Crect%20width%3D%27887%27%20height%3D%271280%27%20fill-opacity%3D%220%22%2F%3E%3C%2Fsvg%3E\" data-srcset=\"https:\/\/keramtech.cz\/wp-content\/uploads\/2025\/04\/Company-policy-EN-200x289.jpg 200w, https:\/\/keramtech.cz\/wp-content\/uploads\/2025\/04\/Company-policy-EN-400x577.jpg 400w, https:\/\/keramtech.cz\/wp-content\/uploads\/2025\/04\/Company-policy-EN-600x866.jpg 600w, https:\/\/keramtech.cz\/wp-content\/uploads\/2025\/04\/Company-policy-EN-800x1154.jpg 800w, https:\/\/keramtech.cz\/wp-content\/uploads\/2025\/04\/Company-policy-EN.jpg 887w\" data-sizes=\"auto\" data-orig-sizes=\"(min-width: 2200px) 100vw, (min-width: 784px) 439px, (min-width: 712px) 659px, (min-width: 640px) 712px, \" \/><\/a><\/div><\/div><div style=\"padding:5px;\" class=\"fusion-grid-column fusion-gallery-column fusion-gallery-column-3 hover-type-none\"><div class=\"fusion-gallery-image\"><a href=\"https:\/\/keramtech.cz\/wp-content\/uploads\/2025\/04\/Unternehmenspolitik-DE.jpg\" rel=\"noreferrer\" data-rel=\"iLightbox[gallery_image_1]\" class=\"fusion-lightbox\" target=\"_self\"><img decoding=\"async\" src=\"https:\/\/keramtech.cz\/wp-content\/uploads\/2025\/04\/Unternehmenspolitik-DE.jpg\" data-orig-src=\"https:\/\/keramtech.cz\/wp-content\/uploads\/2025\/04\/Unternehmenspolitik-DE.jpg\" width=\"887\" height=\"1280\" alt=\"\" title=\"Integrovan\u00e1 politika jakosti a&nbsp;environmentu\" aria-label=\"Integrovan\u00e1 politika jakosti a&nbsp;environmentu\" class=\"lazyload img-responsive wp-image-10330\" srcset=\"data:image\/svg+xml,%3Csvg%20xmlns%3D%27http%3A%2F%2Fwww.w3.org%2F2000%2Fsvg%27%20width%3D%27887%27%20height%3D%271280%27%20viewBox%3D%270%200%20887%201280%27%3E%3Crect%20width%3D%27887%27%20height%3D%271280%27%20fill-opacity%3D%220%22%2F%3E%3C%2Fsvg%3E\" data-srcset=\"https:\/\/keramtech.cz\/wp-content\/uploads\/2025\/04\/Unternehmenspolitik-DE-200x289.jpg 200w, https:\/\/keramtech.cz\/wp-content\/uploads\/2025\/04\/Unternehmenspolitik-DE-400x577.jpg 400w, https:\/\/keramtech.cz\/wp-content\/uploads\/2025\/04\/Unternehmenspolitik-DE-600x866.jpg 600w, https:\/\/keramtech.cz\/wp-content\/uploads\/2025\/04\/Unternehmenspolitik-DE-800x1154.jpg 800w, https:\/\/keramtech.cz\/wp-content\/uploads\/2025\/04\/Unternehmenspolitik-DE.jpg 887w\" data-sizes=\"auto\" data-orig-sizes=\"(min-width: 2200px) 100vw, (min-width: 784px) 439px, (min-width: 712px) 659px, (min-width: 640px) 712px, \" \/><\/a><\/div><\/div><div class=\"clearfix\"><\/div><\/div><\/div><\/div><\/div><\/div><\/section>\n","protected":false},"excerpt":{"rendered":"","protected":false},"author":3,"featured_media":0,"parent":0,"menu_order":0,"comment_status":"closed","ping_status":"closed","template":"100-width.php","meta":{"_acf_changed":false,"footnotes":""},"class_list":["post-6491","page","type-page","status-publish","hentry"],"acf":[],"yoast_head":"<!-- This site is optimized with the Yoast SEO plugin v26.1.1 - https:\/\/yoast.com\/wordpress\/plugins\/seo\/ -->\n<title>QMS and EMS Policy - KERAMTECH s. r. o.<\/title>\n<meta name=\"robots\" content=\"index, follow, max-snippet:-1, max-image-preview:large, max-video-preview:-1\" \/>\n<link rel=\"canonical\" href=\"https:\/\/keramtech.cz\/en\/qms-and-ems-policy\/\" \/>\n<meta property=\"og:locale\" content=\"en_US\" \/>\n<meta property=\"og:type\" content=\"article\" \/>\n<meta property=\"og:title\" content=\"QMS and EMS Policy - KERAMTECH s. r. o.\" \/>\n<meta property=\"og:url\" content=\"https:\/\/keramtech.cz\/en\/qms-and-ems-policy\/\" \/>\n<meta property=\"og:site_name\" content=\"KERAMTECH s. r. o.\" \/>\n<meta property=\"article:modified_time\" content=\"2025-04-16T09:46:59+00:00\" \/>\n<meta name=\"twitter:card\" content=\"summary_large_image\" \/>\n<meta name=\"twitter:label1\" content=\"Est. reading time\" \/>\n\t<meta name=\"twitter:data1\" content=\"7 minutes\" \/>\n<script type=\"application\/ld+json\" class=\"yoast-schema-graph\">{\"@context\":\"https:\/\/schema.org\",\"@graph\":[{\"@type\":\"WebPage\",\"@id\":\"https:\/\/keramtech.cz\/en\/qms-and-ems-policy\/\",\"url\":\"https:\/\/keramtech.cz\/en\/qms-and-ems-policy\/\",\"name\":\"QMS and EMS Policy - KERAMTECH s. r. o.\",\"isPartOf\":{\"@id\":\"https:\/\/keramtech.cz\/en\/#website\"},\"datePublished\":\"2022-10-03T08:14:24+00:00\",\"dateModified\":\"2025-04-16T09:46:59+00:00\",\"breadcrumb\":{\"@id\":\"https:\/\/keramtech.cz\/en\/qms-and-ems-policy\/#breadcrumb\"},\"inLanguage\":\"en-US\",\"potentialAction\":[{\"@type\":\"ReadAction\",\"target\":[\"https:\/\/keramtech.cz\/en\/qms-and-ems-policy\/\"]}]},{\"@type\":\"BreadcrumbList\",\"@id\":\"https:\/\/keramtech.cz\/en\/qms-and-ems-policy\/#breadcrumb\",\"itemListElement\":[{\"@type\":\"ListItem\",\"position\":1,\"name\":\"Home\",\"item\":\"https:\/\/keramtech.cz\/en\/\"},{\"@type\":\"ListItem\",\"position\":2,\"name\":\"QMS and EMS Policy\"}]},{\"@type\":\"WebSite\",\"@id\":\"https:\/\/keramtech.cz\/en\/#website\",\"url\":\"https:\/\/keramtech.cz\/en\/\",\"name\":\"KERAMTECH s. r. o.\",\"description\":\"V\u00fdroba technick\u00e9 a sl\u00e9v\u00e1rensk\u00e9 keramiky\",\"potentialAction\":[{\"@type\":\"SearchAction\",\"target\":{\"@type\":\"EntryPoint\",\"urlTemplate\":\"https:\/\/keramtech.cz\/en\/?s={search_term_string}\"},\"query-input\":{\"@type\":\"PropertyValueSpecification\",\"valueRequired\":true,\"valueName\":\"search_term_string\"}}],\"inLanguage\":\"en-US\"}]}<\/script>\n<!-- \/ Yoast SEO plugin. -->","yoast_head_json":{"title":"QMS and EMS Policy - KERAMTECH s. r. o.","robots":{"index":"index","follow":"follow","max-snippet":"max-snippet:-1","max-image-preview":"max-image-preview:large","max-video-preview":"max-video-preview:-1"},"canonical":"https:\/\/keramtech.cz\/en\/qms-and-ems-policy\/","og_locale":"en_US","og_type":"article","og_title":"QMS and EMS Policy - KERAMTECH s. r. o.","og_url":"https:\/\/keramtech.cz\/en\/qms-and-ems-policy\/","og_site_name":"KERAMTECH s. r. o.","article_modified_time":"2025-04-16T09:46:59+00:00","twitter_card":"summary_large_image","twitter_misc":{"Est. reading time":"7 minutes"},"schema":{"@context":"https:\/\/schema.org","@graph":[{"@type":"WebPage","@id":"https:\/\/keramtech.cz\/en\/qms-and-ems-policy\/","url":"https:\/\/keramtech.cz\/en\/qms-and-ems-policy\/","name":"QMS and EMS Policy - KERAMTECH s. r. o.","isPartOf":{"@id":"https:\/\/keramtech.cz\/en\/#website"},"datePublished":"2022-10-03T08:14:24+00:00","dateModified":"2025-04-16T09:46:59+00:00","breadcrumb":{"@id":"https:\/\/keramtech.cz\/en\/qms-and-ems-policy\/#breadcrumb"},"inLanguage":"en-US","potentialAction":[{"@type":"ReadAction","target":["https:\/\/keramtech.cz\/en\/qms-and-ems-policy\/"]}]},{"@type":"BreadcrumbList","@id":"https:\/\/keramtech.cz\/en\/qms-and-ems-policy\/#breadcrumb","itemListElement":[{"@type":"ListItem","position":1,"name":"Home","item":"https:\/\/keramtech.cz\/en\/"},{"@type":"ListItem","position":2,"name":"QMS and EMS Policy"}]},{"@type":"WebSite","@id":"https:\/\/keramtech.cz\/en\/#website","url":"https:\/\/keramtech.cz\/en\/","name":"KERAMTECH s. r. o.","description":"V\u00fdroba technick\u00e9 a sl\u00e9v\u00e1rensk\u00e9 keramiky","potentialAction":[{"@type":"SearchAction","target":{"@type":"EntryPoint","urlTemplate":"https:\/\/keramtech.cz\/en\/?s={search_term_string}"},"query-input":{"@type":"PropertyValueSpecification","valueRequired":true,"valueName":"search_term_string"}}],"inLanguage":"en-US"}]}},"_links":{"self":[{"href":"https:\/\/keramtech.cz\/en\/wp-json\/wp\/v2\/pages\/6491","targetHints":{"allow":["GET"]}}],"collection":[{"href":"https:\/\/keramtech.cz\/en\/wp-json\/wp\/v2\/pages"}],"about":[{"href":"https:\/\/keramtech.cz\/en\/wp-json\/wp\/v2\/types\/page"}],"author":[{"embeddable":true,"href":"https:\/\/keramtech.cz\/en\/wp-json\/wp\/v2\/users\/3"}],"replies":[{"embeddable":true,"href":"https:\/\/keramtech.cz\/en\/wp-json\/wp\/v2\/comments?post=6491"}],"version-history":[{"count":3,"href":"https:\/\/keramtech.cz\/en\/wp-json\/wp\/v2\/pages\/6491\/revisions"}],"predecessor-version":[{"id":10336,"href":"https:\/\/keramtech.cz\/en\/wp-json\/wp\/v2\/pages\/6491\/revisions\/10336"}],"wp:attachment":[{"href":"https:\/\/keramtech.cz\/en\/wp-json\/wp\/v2\/media?parent=6491"}],"curies":[{"name":"wp","href":"https:\/\/api.w.org\/{rel}","templated":true}]}}