{"id":6465,"date":"2022-09-29T15:38:13","date_gmt":"2022-09-29T13:38:13","guid":{"rendered":"http:\/\/keramtech.cz\/services\/"},"modified":"2022-10-17T09:26:05","modified_gmt":"2022-10-17T07:26:05","slug":"services","status":"publish","type":"page","link":"https:\/\/keramtech.cz\/en\/services\/","title":{"rendered":"Services"},"content":{"rendered":"<p><section class=\"fusion-fullwidth fullwidth-box fusion-builder-row-1 fusion-flex-container has-pattern-background has-mask-background nonhundred-percent-fullwidth non-hundred-percent-height-scrolling\" style=\"--link_hover_color: var(--awb-color6);--awb-border-radius-top-left:0px;--awb-border-radius-top-right:0px;--awb-border-radius-bottom-right:0px;--awb-border-radius-bottom-left:0px;--awb-padding-top:3rem;--awb-padding-bottom:2.25rem;--awb-flex-wrap:wrap;\" ><div class=\"fusion-builder-row fusion-row fusion-flex-align-items-flex-start fusion-flex-content-wrap\" style=\"max-width:calc( 83rem + 1.25rem );margin-left: calc(-1.25rem \/ 2 );margin-right: calc(-1.25rem \/ 2 );\"><div class=\"fusion-layout-column fusion_builder_column fusion-builder-column-0 fusion_builder_column_1_2 1_2 fusion-flex-column fusion-flex-align-self-stretch services_column fusion-menu fusion-column-inner-bg-wrapper fusion-animated\" style=\"--awb-padding-right:2rem;--awb-padding-bottom:2rem;--awb-padding-left:2rem;--awb-overflow:visible;--awb-inner-bg-size:cover;--awb-border-color:var(--awb-color4);--awb-border-top:.0625rem;--awb-border-right:.0625rem;--awb-border-bottom:.0625rem;--awb-border-left:.0625rem;--awb-border-style:solid;--awb-border-radius:.5rem .5rem .5rem .5rem;--awb-inner-bg-border-radius:.5rem .5rem .5rem .5rem;--awb-inner-bg-overflow:hidden;--awb-width-large:50%;--awb-margin-top-large:0px;--awb-spacing-right-large:0.625rem;--awb-margin-bottom-large:4rem;--awb-spacing-left-large:0.625rem;--awb-width-medium:50%;--awb-order-medium:0;--awb-spacing-right-medium:0.625rem;--awb-spacing-left-medium:0.625rem;--awb-width-small:100%;--awb-order-small:0;--awb-spacing-right-small:0.625rem;--awb-spacing-left-small:0.625rem;\" data-animationType=\"fadeInUp\" data-animationDuration=\"1.0\" data-animationOffset=\"top-into-view\"><span class=\"fusion-column-inner-bg hover-type-none\"><a class=\"fusion-column-anchor\" href=\"#construction\"><span class=\"fusion-column-inner-bg-image\"><\/span><\/a><\/span><div class=\"fusion-column-wrapper fusion-column-has-shadow fusion-flex-justify-content-flex-start fusion-content-layout-column\"><i class=\"fb-icon-element-1 fb-icon-element fontawesome-icon fa-border-style far circle-yes fusion-text-flow services_icon\" style=\"--awb-iconcolor:var(--awb-color4);--awb-iconcolor-hover:var(--awb-color4);--awb-circlecolor:var(--awb-color8);--awb-circlecolor-hover:var(--awb-color8);--awb-circlebordersize:0px;--awb-font-size:28.16px;--awb-width:56.32px;--awb-height:56.32px;--awb-line-height:56.32px;--awb-margin-top:-1.6rem;\"><\/i><div class=\"fusion-title title fusion-title-1 fusion-sep-none fusion-title-text fusion-title-size-three\" style=\"--awb-margin-top:1.25rem;--awb-margin-right:.5rem;--awb-margin-left:.5rem;--awb-margin-top-small:0px;--awb-margin-right-small:0px;--awb-margin-left-small:0px;\"><h3 class=\"fusion-title-heading title-heading-left fusion-responsive-typography-calculated\" style=\"margin:0;--fontSize:18.75;--minFontSize:18.75;line-height:var(--awb-typography1-line-height);\"><a href=\"#0\" class=\"awb-custom-text-color awb-custom-text-hover-color\" target=\"_self\">Construction, Tool shop<\/a><\/h3><\/div><\/div><\/div><div class=\"fusion-layout-column fusion_builder_column fusion-builder-column-1 fusion_builder_column_1_2 1_2 fusion-flex-column fusion-flex-align-self-stretch services_column fusion-menu fusion-column-inner-bg-wrapper fusion-animated\" style=\"--awb-padding-right:2rem;--awb-padding-bottom:2rem;--awb-padding-left:2rem;--awb-overflow:visible;--awb-inner-bg-size:cover;--awb-border-color:var(--awb-color4);--awb-border-top:.0625rem;--awb-border-right:.0625rem;--awb-border-bottom:.0625rem;--awb-border-left:.0625rem;--awb-border-style:solid;--awb-border-radius:.5rem .5rem .5rem .5rem;--awb-inner-bg-border-radius:.5rem .5rem .5rem .5rem;--awb-inner-bg-overflow:hidden;--awb-width-large:50%;--awb-margin-top-large:0px;--awb-spacing-right-large:0.625rem;--awb-margin-bottom-large:4rem;--awb-spacing-left-large:0.625rem;--awb-width-medium:50%;--awb-order-medium:0;--awb-spacing-right-medium:0.625rem;--awb-spacing-left-medium:0.625rem;--awb-width-small:100%;--awb-order-small:0;--awb-spacing-right-small:0.625rem;--awb-spacing-left-small:0.625rem;\" data-animationType=\"fadeInUp\" data-animationDuration=\"1.0\" data-animationOffset=\"top-into-view\"><span class=\"fusion-column-inner-bg hover-type-none\"><a class=\"fusion-column-anchor\" href=\"#custom-production\"><span class=\"fusion-column-inner-bg-image\"><\/span><\/a><\/span><div class=\"fusion-column-wrapper fusion-column-has-shadow fusion-flex-justify-content-flex-start fusion-content-layout-column\"><i class=\"fb-icon-element-2 fb-icon-element fontawesome-icon fa-box-open far circle-yes fusion-text-flow services_icon\" style=\"--awb-iconcolor:var(--awb-color4);--awb-iconcolor-hover:var(--awb-color4);--awb-circlecolor:var(--awb-color8);--awb-circlecolor-hover:var(--awb-color8);--awb-circlebordersize:0px;--awb-font-size:28.16px;--awb-width:56.32px;--awb-height:56.32px;--awb-line-height:56.32px;--awb-margin-top:-1.6rem;\"><\/i><div class=\"fusion-title title fusion-title-2 fusion-sep-none fusion-title-text fusion-title-size-three\" style=\"--awb-margin-top:1.25rem;--awb-margin-right:.5rem;--awb-margin-left:.5rem;--awb-margin-top-small:0px;--awb-margin-right-small:0px;--awb-margin-left-small:0px;\"><h3 class=\"fusion-title-heading title-heading-left fusion-responsive-typography-calculated\" style=\"margin:0;--fontSize:18.75;--minFontSize:18.75;line-height:var(--awb-typography1-line-height);\"><a href=\"#0\" class=\"awb-custom-text-color awb-custom-text-hover-color\" target=\"_self\">Custom made parts<\/a><\/h3><\/div><\/div><\/div><\/div><\/section><div id=\"construction\" class=\"fusion-container-anchor\"><section class=\"fusion-fullwidth fullwidth-box fusion-builder-row-2 fusion-flex-container has-pattern-background has-mask-background nonhundred-percent-fullwidth non-hundred-percent-height-scrolling\" style=\"--awb-border-radius-top-left:0px;--awb-border-radius-top-right:0px;--awb-border-radius-bottom-right:0px;--awb-border-radius-bottom-left:0px;--awb-flex-wrap:wrap;\" ><div class=\"fusion-builder-row fusion-row fusion-flex-align-items-flex-start fusion-flex-content-wrap\" style=\"max-width:calc( 83rem + 1.25rem );margin-left: calc(-1.25rem \/ 2 );margin-right: calc(-1.25rem \/ 2 );\"><div class=\"fusion-layout-column fusion_builder_column fusion-builder-column-2 fusion_builder_column_1_2 1_2 fusion-flex-column fusion-flex-align-self-stretch fusion-animated\" style=\"--awb-padding-top:2rem;--awb-padding-bottom:2rem;--awb-overflow:hidden;--awb-bg-size:cover;--awb-border-radius:.5rem .5rem .5rem .5rem;--awb-width-large:50%;--awb-margin-top-large:0px;--awb-spacing-right-large:1rem;--awb-margin-bottom-large:0px;--awb-spacing-left-large:0.625rem;--awb-width-medium:50%;--awb-order-medium:0;--awb-spacing-right-medium:1rem;--awb-spacing-left-medium:1rem;--awb-width-small:100%;--awb-order-small:0;--awb-spacing-right-small:0.625rem;--awb-spacing-left-small:0.625rem;\" data-animationType=\"fadeInLeft\" data-animationDuration=\"1.0\" data-animationOffset=\"top-into-view\"><div class=\"fusion-column-wrapper fusion-column-has-shadow fusion-flex-justify-content-center fusion-content-layout-column\"><div class=\"fusion-title title fusion-title-3 fusion-sep-none fusion-title-text fusion-title-size-two tab-name\" style=\"--awb-margin-top:0px;--awb-margin-right:0px;--awb-margin-bottom:3.5rem;--awb-margin-left:0px;--awb-margin-top-small:0px;--awb-margin-right-small:0px;--awb-margin-left-small:0px;--awb-font-size:2rem;\"><h2 class=\"fusion-title-heading title-heading-left fusion-responsive-typography-calculated\" style=\"margin:0;font-size:1em;--fontSize:30;line-height:var(--awb-typography1-line-height);\">Construction, Tool shop<\/h2><\/div><div class=\"fusion-text fusion-text-1\"><p>The company has 3D design software Creo 7 and its own tool room. These workshops enable us to realize not only our own development, but also the proposals and needs of our customers. <\/p>\n<p>We can currently offer free capacity on the following machines:<\/p>\n<ul>\n<li>Lathe SV 18 RA<\/li>\n<li>Milling machine FN 20<\/li>\n<li>milling machine &#8211; FNGJ 20<\/li>\n<li>Surface flat grinder BRH20<\/li>\n<li>Electroerosive wire cutter FANUC \u03b1-c400iA<\/li>\n<li>3-axis machining center FEELER VMX-820<\/li>\n<\/ul>\n<\/div><\/div><\/div><div class=\"fusion-layout-column fusion_builder_column fusion-builder-column-3 fusion_builder_column_1_2 1_2 fusion-flex-column fusion-flex-align-self-stretch fusion-animated\" style=\"--awb-padding-top:2rem;--awb-padding-bottom:2rem;--awb-overflow:hidden;--awb-bg-size:cover;--awb-border-radius:.5rem .5rem .5rem .5rem;--awb-width-large:50%;--awb-margin-top-large:0px;--awb-spacing-right-large:0.625rem;--awb-margin-bottom-large:0px;--awb-spacing-left-large:1rem;--awb-width-medium:50%;--awb-order-medium:0;--awb-spacing-right-medium:1rem;--awb-spacing-left-medium:1rem;--awb-width-small:100%;--awb-order-small:0;--awb-spacing-right-small:0.625rem;--awb-spacing-left-small:0.625rem;\" data-animationType=\"fadeInLeft\" data-animationDuration=\"1.0\" data-animationOffset=\"top-into-view\"><div class=\"fusion-column-wrapper fusion-column-has-shadow fusion-flex-justify-content-flex-start fusion-content-layout-column\"><div class=\"fusion-image-element \" style=\"--awb-caption-title-font-family:var(--h2_typography-font-family);--awb-caption-title-font-weight:var(--h2_typography-font-weight);--awb-caption-title-font-style:var(--h2_typography-font-style);--awb-caption-title-size:var(--h2_typography-font-size);--awb-caption-title-transform:var(--h2_typography-text-transform);--awb-caption-title-line-height:var(--h2_typography-line-height);--awb-caption-title-letter-spacing:var(--h2_typography-letter-spacing);\"><span class=\" fusion-imageframe imageframe-none imageframe-1 hover-type-none\" style=\"border-radius:.5rem;\"><img decoding=\"async\" width=\"1200\" height=\"938\" title=\"construction\" src=\"https:\/\/keramtech.cz\/wp-content\/uploads\/2022\/07\/konstrukce.jpg\" data-orig-src=\"https:\/\/keramtech.cz\/wp-content\/uploads\/2022\/07\/konstrukce.jpg\" alt class=\"lazyload img-responsive wp-image-6474\" srcset=\"data:image\/svg+xml,%3Csvg%20xmlns%3D%27http%3A%2F%2Fwww.w3.org%2F2000%2Fsvg%27%20width%3D%271200%27%20height%3D%27938%27%20viewBox%3D%270%200%201200%20938%27%3E%3Crect%20width%3D%271200%27%20height%3D%27938%27%20fill-opacity%3D%220%22%2F%3E%3C%2Fsvg%3E\" data-srcset=\"https:\/\/keramtech.cz\/wp-content\/uploads\/2022\/07\/konstrukce-200x156.jpg 200w, https:\/\/keramtech.cz\/wp-content\/uploads\/2022\/07\/konstrukce-400x313.jpg 400w, https:\/\/keramtech.cz\/wp-content\/uploads\/2022\/07\/konstrukce-600x469.jpg 600w, https:\/\/keramtech.cz\/wp-content\/uploads\/2022\/07\/konstrukce-800x625.jpg 800w, https:\/\/keramtech.cz\/wp-content\/uploads\/2022\/07\/konstrukce.jpg 1200w\" data-sizes=\"auto\" data-orig-sizes=\"(max-width: 640px) 100vw, 800px\" \/><\/span><\/div><\/div><\/div><\/div><\/section><\/div><div id=\"custom-production\" class=\"fusion-container-anchor\"><section class=\"fusion-fullwidth fullwidth-box fusion-builder-row-3 fusion-flex-container has-pattern-background has-mask-background nonhundred-percent-fullwidth non-hundred-percent-height-scrolling\" style=\"--awb-border-radius-top-left:0px;--awb-border-radius-top-right:0px;--awb-border-radius-bottom-right:0px;--awb-border-radius-bottom-left:0px;--awb-background-color:#0e0e0e;--awb-flex-wrap:wrap;\" ><div class=\"fusion-builder-row fusion-row fusion-flex-align-items-flex-start fusion-flex-content-wrap\" style=\"max-width:calc( 83rem + 1.25rem );margin-left: calc(-1.25rem \/ 2 );margin-right: calc(-1.25rem \/ 2 );\"><div class=\"fusion-layout-column fusion_builder_column fusion-builder-column-4 fusion_builder_column_1_2 1_2 fusion-flex-column fusion-flex-align-self-stretch fusion-animated\" style=\"--awb-padding-top:2rem;--awb-padding-bottom:2rem;--awb-bg-size:cover;--awb-width-large:50%;--awb-margin-top-large:0px;--awb-spacing-right-large:1rem;--awb-margin-bottom-large:0px;--awb-spacing-left-large:0.625rem;--awb-width-medium:50%;--awb-order-medium:2;--awb-spacing-right-medium:1rem;--awb-spacing-left-medium:1rem;--awb-width-small:100%;--awb-order-small:2;--awb-spacing-right-small:0.625rem;--awb-spacing-left-small:0.625rem;\" data-animationType=\"fadeInRight\" data-animationDuration=\"1.0\" data-animationOffset=\"top-into-view\"><div class=\"fusion-column-wrapper fusion-column-has-shadow fusion-flex-justify-content-flex-start fusion-content-layout-column\"><div class=\"fusion-image-element \" style=\"--awb-caption-title-font-family:var(--h2_typography-font-family);--awb-caption-title-font-weight:var(--h2_typography-font-weight);--awb-caption-title-font-style:var(--h2_typography-font-style);--awb-caption-title-size:var(--h2_typography-font-size);--awb-caption-title-transform:var(--h2_typography-text-transform);--awb-caption-title-line-height:var(--h2_typography-line-height);--awb-caption-title-letter-spacing:var(--h2_typography-letter-spacing);\"><span class=\" fusion-imageframe imageframe-none imageframe-2 hover-type-none\" style=\"border-radius:.5rem;\"><img decoding=\"async\" width=\"1190\" height=\"794\" title=\"custom-production\" src=\"https:\/\/keramtech.cz\/wp-content\/uploads\/2022\/07\/zakazkova-vyroba.jpg\" data-orig-src=\"https:\/\/keramtech.cz\/wp-content\/uploads\/2022\/07\/zakazkova-vyroba.jpg\" alt class=\"lazyload img-responsive wp-image-6471\" srcset=\"data:image\/svg+xml,%3Csvg%20xmlns%3D%27http%3A%2F%2Fwww.w3.org%2F2000%2Fsvg%27%20width%3D%271190%27%20height%3D%27794%27%20viewBox%3D%270%200%201190%20794%27%3E%3Crect%20width%3D%271190%27%20height%3D%27794%27%20fill-opacity%3D%220%22%2F%3E%3C%2Fsvg%3E\" data-srcset=\"https:\/\/keramtech.cz\/wp-content\/uploads\/2022\/07\/zakazkova-vyroba-200x133.jpg 200w, https:\/\/keramtech.cz\/wp-content\/uploads\/2022\/07\/zakazkova-vyroba-400x267.jpg 400w, https:\/\/keramtech.cz\/wp-content\/uploads\/2022\/07\/zakazkova-vyroba-600x400.jpg 600w, https:\/\/keramtech.cz\/wp-content\/uploads\/2022\/07\/zakazkova-vyroba-800x534.jpg 800w, https:\/\/keramtech.cz\/wp-content\/uploads\/2022\/07\/zakazkova-vyroba.jpg 1190w\" data-sizes=\"auto\" data-orig-sizes=\"(max-width: 640px) 100vw, 800px\" \/><\/span><\/div><\/div><\/div><div class=\"fusion-layout-column fusion_builder_column fusion-builder-column-5 fusion_builder_column_1_2 1_2 fusion-flex-column fusion-flex-align-self-stretch fusion-animated\" style=\"--awb-padding-top:2rem;--awb-padding-bottom:2rem;--awb-bg-size:cover;--awb-width-large:50%;--awb-margin-top-large:0px;--awb-spacing-right-large:0.625rem;--awb-margin-bottom-large:0px;--awb-spacing-left-large:1rem;--awb-width-medium:50%;--awb-order-medium:1;--awb-spacing-right-medium:1rem;--awb-spacing-left-medium:1rem;--awb-width-small:100%;--awb-order-small:1;--awb-spacing-right-small:0.625rem;--awb-spacing-left-small:0.625rem;\" data-animationType=\"fadeInRight\" data-animationDuration=\"1.0\" data-animationOffset=\"top-into-view\"><div class=\"fusion-column-wrapper fusion-column-has-shadow fusion-flex-justify-content-center fusion-content-layout-column\"><div class=\"fusion-title title fusion-title-4 fusion-sep-none fusion-title-text fusion-title-size-two tab-name\" style=\"--awb-margin-top:0px;--awb-margin-right:0px;--awb-margin-bottom:3.5rem;--awb-margin-left:0px;--awb-margin-top-small:0px;--awb-margin-right-small:0px;--awb-margin-left-small:0px;--awb-font-size:2rem;\"><h2 class=\"fusion-title-heading title-heading-left fusion-responsive-typography-calculated\" style=\"margin:0;font-size:1em;--fontSize:30;line-height:var(--awb-typography1-line-height);\">Custom made parts<\/h2><\/div><div class=\"fusion-text fusion-text-2\"><p>Custom orders are an integral component of our production portfolio. We are able to meet customer demands ranging from product designs based on customer concepts, up to delivery of the final product. Of course, technical documentation is included, and in most cases, we are also able to provide prototype units for testing. During product development, our main goal is to adapt the product as much as possible to the customer&#8217;s&nbsp;needs, while simultaneously selecting the appropriate production technology that ensures the desired quality and price competitiveness.<\/p>\n<\/div><\/div><\/div><\/div><\/section><\/div><\/p>\n","protected":false},"excerpt":{"rendered":"","protected":false},"author":3,"featured_media":0,"parent":0,"menu_order":0,"comment_status":"closed","ping_status":"closed","template":"100-width.php","meta":{"_acf_changed":false,"footnotes":""},"class_list":["post-6465","page","type-page","status-publish","hentry"],"acf":[],"yoast_head":"<!-- This site is optimized with the Yoast SEO plugin v26.1.1 - https:\/\/yoast.com\/wordpress\/plugins\/seo\/ -->\n<title>Services - KERAMTECH s. r. o.<\/title>\n<meta name=\"robots\" content=\"index, follow, max-snippet:-1, max-image-preview:large, max-video-preview:-1\" \/>\n<link rel=\"canonical\" href=\"https:\/\/keramtech.cz\/en\/services\/\" \/>\n<meta property=\"og:locale\" content=\"en_US\" \/>\n<meta property=\"og:type\" content=\"article\" \/>\n<meta property=\"og:title\" content=\"Services - KERAMTECH s. r. o.\" \/>\n<meta property=\"og:url\" content=\"https:\/\/keramtech.cz\/en\/services\/\" \/>\n<meta property=\"og:site_name\" content=\"KERAMTECH s. r. o.\" \/>\n<meta property=\"article:modified_time\" content=\"2022-10-17T07:26:05+00:00\" \/>\n<meta name=\"twitter:card\" content=\"summary_large_image\" \/>\n<meta name=\"twitter:label1\" content=\"Est. reading time\" \/>\n\t<meta name=\"twitter:data1\" content=\"11 minutes\" \/>\n<script type=\"application\/ld+json\" class=\"yoast-schema-graph\">{\"@context\":\"https:\/\/schema.org\",\"@graph\":[{\"@type\":\"WebPage\",\"@id\":\"https:\/\/keramtech.cz\/en\/services\/\",\"url\":\"https:\/\/keramtech.cz\/en\/services\/\",\"name\":\"Services - KERAMTECH s. r. o.\",\"isPartOf\":{\"@id\":\"https:\/\/keramtech.cz\/en\/#website\"},\"datePublished\":\"2022-09-29T13:38:13+00:00\",\"dateModified\":\"2022-10-17T07:26:05+00:00\",\"breadcrumb\":{\"@id\":\"https:\/\/keramtech.cz\/en\/services\/#breadcrumb\"},\"inLanguage\":\"en-US\",\"potentialAction\":[{\"@type\":\"ReadAction\",\"target\":[\"https:\/\/keramtech.cz\/en\/services\/\"]}]},{\"@type\":\"BreadcrumbList\",\"@id\":\"https:\/\/keramtech.cz\/en\/services\/#breadcrumb\",\"itemListElement\":[{\"@type\":\"ListItem\",\"position\":1,\"name\":\"Home\",\"item\":\"https:\/\/keramtech.cz\/en\/\"},{\"@type\":\"ListItem\",\"position\":2,\"name\":\"Services\"}]},{\"@type\":\"WebSite\",\"@id\":\"https:\/\/keramtech.cz\/en\/#website\",\"url\":\"https:\/\/keramtech.cz\/en\/\",\"name\":\"KERAMTECH s. r. o.\",\"description\":\"V\u00fdroba technick\u00e9 a sl\u00e9v\u00e1rensk\u00e9 keramiky\",\"potentialAction\":[{\"@type\":\"SearchAction\",\"target\":{\"@type\":\"EntryPoint\",\"urlTemplate\":\"https:\/\/keramtech.cz\/en\/?s={search_term_string}\"},\"query-input\":{\"@type\":\"PropertyValueSpecification\",\"valueRequired\":true,\"valueName\":\"search_term_string\"}}],\"inLanguage\":\"en-US\"}]}<\/script>\n<!-- \/ Yoast SEO plugin. -->","yoast_head_json":{"title":"Services - KERAMTECH s. r. o.","robots":{"index":"index","follow":"follow","max-snippet":"max-snippet:-1","max-image-preview":"max-image-preview:large","max-video-preview":"max-video-preview:-1"},"canonical":"https:\/\/keramtech.cz\/en\/services\/","og_locale":"en_US","og_type":"article","og_title":"Services - KERAMTECH s. r. o.","og_url":"https:\/\/keramtech.cz\/en\/services\/","og_site_name":"KERAMTECH s. r. o.","article_modified_time":"2022-10-17T07:26:05+00:00","twitter_card":"summary_large_image","twitter_misc":{"Est. reading time":"11 minutes"},"schema":{"@context":"https:\/\/schema.org","@graph":[{"@type":"WebPage","@id":"https:\/\/keramtech.cz\/en\/services\/","url":"https:\/\/keramtech.cz\/en\/services\/","name":"Services - KERAMTECH s. r. o.","isPartOf":{"@id":"https:\/\/keramtech.cz\/en\/#website"},"datePublished":"2022-09-29T13:38:13+00:00","dateModified":"2022-10-17T07:26:05+00:00","breadcrumb":{"@id":"https:\/\/keramtech.cz\/en\/services\/#breadcrumb"},"inLanguage":"en-US","potentialAction":[{"@type":"ReadAction","target":["https:\/\/keramtech.cz\/en\/services\/"]}]},{"@type":"BreadcrumbList","@id":"https:\/\/keramtech.cz\/en\/services\/#breadcrumb","itemListElement":[{"@type":"ListItem","position":1,"name":"Home","item":"https:\/\/keramtech.cz\/en\/"},{"@type":"ListItem","position":2,"name":"Services"}]},{"@type":"WebSite","@id":"https:\/\/keramtech.cz\/en\/#website","url":"https:\/\/keramtech.cz\/en\/","name":"KERAMTECH s. r. o.","description":"V\u00fdroba technick\u00e9 a sl\u00e9v\u00e1rensk\u00e9 keramiky","potentialAction":[{"@type":"SearchAction","target":{"@type":"EntryPoint","urlTemplate":"https:\/\/keramtech.cz\/en\/?s={search_term_string}"},"query-input":{"@type":"PropertyValueSpecification","valueRequired":true,"valueName":"search_term_string"}}],"inLanguage":"en-US"}]}},"_links":{"self":[{"href":"https:\/\/keramtech.cz\/en\/wp-json\/wp\/v2\/pages\/6465","targetHints":{"allow":["GET"]}}],"collection":[{"href":"https:\/\/keramtech.cz\/en\/wp-json\/wp\/v2\/pages"}],"about":[{"href":"https:\/\/keramtech.cz\/en\/wp-json\/wp\/v2\/types\/page"}],"author":[{"embeddable":true,"href":"https:\/\/keramtech.cz\/en\/wp-json\/wp\/v2\/users\/3"}],"replies":[{"embeddable":true,"href":"https:\/\/keramtech.cz\/en\/wp-json\/wp\/v2\/comments?post=6465"}],"version-history":[{"count":0,"href":"https:\/\/keramtech.cz\/en\/wp-json\/wp\/v2\/pages\/6465\/revisions"}],"wp:attachment":[{"href":"https:\/\/keramtech.cz\/en\/wp-json\/wp\/v2\/media?parent=6465"}],"curies":[{"name":"wp","href":"https:\/\/api.w.org\/{rel}","templated":true}]}}