{"id":10003,"date":"2023-08-25T15:30:28","date_gmt":"2023-08-25T13:30:28","guid":{"rendered":"https:\/\/keramtech.cz\/thank-you\/"},"modified":"2023-08-25T15:32:54","modified_gmt":"2023-08-25T13:32:54","slug":"thankyou","status":"publish","type":"page","link":"https:\/\/keramtech.cz\/en\/thankyou\/","title":{"rendered":"Thank you"},"content":{"rendered":"<div class=\"fusion-fullwidth fullwidth-box fusion-builder-row-1 fusion-flex-container nonhundred-percent-fullwidth non-hundred-percent-height-scrolling\" style=\"--awb-border-radius-top-left:0px;--awb-border-radius-top-right:0px;--awb-border-radius-bottom-right:0px;--awb-border-radius-bottom-left:0px;--awb-padding-top:120px;--awb-padding-bottom:120px;--awb-flex-wrap:wrap;\" ><div class=\"fusion-builder-row fusion-row fusion-flex-align-items-center fusion-flex-justify-content-center fusion-flex-content-wrap\" style=\"max-width:calc( 83rem + 1.25rem );margin-left: calc(-1.25rem \/ 2 );margin-right: calc(-1.25rem \/ 2 );\"><div class=\"fusion-layout-column fusion_builder_column fusion-builder-column-0 fusion_builder_column_1_1 1_1 fusion-flex-column dekujeme-column\" style=\"--awb-bg-size:cover;--awb-width-large:100%;--awb-margin-top-large:0px;--awb-spacing-right-large:0.625rem;--awb-margin-bottom-large:0px;--awb-spacing-left-large:0.625rem;--awb-width-medium:100%;--awb-spacing-right-medium:0.625rem;--awb-spacing-left-medium:0.625rem;--awb-width-small:100%;--awb-spacing-right-small:0.625rem;--awb-spacing-left-small:0.625rem;\"><div class=\"fusion-column-wrapper fusion-column-has-shadow fusion-flex-justify-content-flex-start fusion-content-layout-column\"><script>jQuery(document).ready(function($) {\n\ngtag(\"event\", \"page_thank_you_view\", {\n});\n\n});\n\n<\/script><svg width=\"180px\" height=\"180px\" viewbox=\"0 0 512 512\" style=\"margin:0 auto;fill-rule:evenodd;clip-rule:evenodd;stroke-linecap:round;stroke-linejoin:round;stroke-miterlimit:10;\" space=\"preserve\">\n    <g>\n        <path d=\"M34.133,256L7.467,256\" style=\"fill:none;fill-rule:nonzero;stroke:rgb(80,160,59);stroke-width:16px;\"\/>\n        <path d=\"M504.533,256L477.867,256\" style=\"fill:none;fill-rule:nonzero;stroke:rgb(80,160,59);stroke-width:16px;\"\/>\n        <path d=\"M256,34.133L256,8.533\" style=\"fill:none;fill-rule:nonzero;stroke:rgb(80,160,59);stroke-width:16px;\"\/>\n        <path d=\"M256,504.533L256,477.867\" style=\"fill:none;fill-rule:nonzero;stroke:rgb(80,160,59);stroke-width:16px;\"\/>\n        <path d=\"M99.2,99.2L81.067,81.067\" style=\"fill:none;fill-rule:nonzero;stroke:rgb(80,160,59);stroke-width:16px;\"\/>\n        <path d=\"M430.933,430.933L412.8,412.8\" style=\"fill:none;fill-rule:nonzero;stroke:rgb(80,160,59);stroke-width:16px;\"\/>\n        <path d=\"M412.8,99.2L430.933,81.067\" style=\"fill:none;fill-rule:nonzero;stroke:rgb(80,160,59);stroke-width:16px;\"\/>\n        <path d=\"M81.067,430.933L99.2,412.8\" style=\"fill:none;fill-rule:nonzero;stroke:rgb(80,160,59);stroke-width:16px;\"\/>\n        <path d=\"M51.2,341.333L26.667,350.933\" style=\"fill:none;fill-rule:nonzero;stroke:rgb(80,160,59);stroke-width:16px;\"\/>\n        <path d=\"M485.333,161.067L460.8,170.667\" style=\"fill:none;fill-rule:nonzero;stroke:rgb(80,160,59);stroke-width:16px;\"\/>\n        <path d=\"M170.667,51.2L161.067,26.667\" style=\"fill:none;fill-rule:nonzero;stroke:rgb(80,160,59);stroke-width:16px;\"\/>\n        <path d=\"M350.933,485.333L341.333,460.8\" style=\"fill:none;fill-rule:nonzero;stroke:rgb(80,160,59);stroke-width:16px;\"\/>\n        <path d=\"M51.2,170.667L26.667,161.067\" style=\"fill:none;fill-rule:nonzero;stroke:rgb(80,160,59);stroke-width:16px;\"\/>\n        <path d=\"M485.333,350.933L460.8,341.333\" style=\"fill:none;fill-rule:nonzero;stroke:rgb(80,160,59);stroke-width:16px;\"\/>\n        <path d=\"M341.333,51.2L350.933,26.667\" style=\"fill:none;fill-rule:nonzero;stroke:rgb(80,160,59);stroke-width:16px;\"\/>\n        <path d=\"M161.067,485.333L170.667,460.8\" style=\"fill:none;fill-rule:nonzero;stroke:rgb(80,160,59);stroke-width:16px;\"\/>\n        <path d=\"M180.267,183.467L134.4,183.467C123.733,183.467 115.2,192 115.2,203.733L115.2,364.8C115.2,375.467 123.733,385.067 134.4,385.067L180.267,385.067C190.933,385.067 199.467,376.533 199.467,364.8L199.467,203.733C199.467,192 190.933,183.467 180.267,183.467Z\" style=\"fill:none;fill-rule:nonzero;stroke:rgb(80,160,59);stroke-width:16px;\"\/>\n        <path d=\"M257.067,213.333L375.467,213.333C385.067,213.333 394.667,219.733 395.733,230.4C397.867,243.2 388.267,253.867 376.533,253.867L365.867,253.867C377.6,253.867 387.2,264.533 385.067,277.333C384,286.933 374.4,294.4 364.8,294.4L355.2,294.4C366.933,294.4 376.533,305.067 374.4,317.867C373.333,327.467 363.733,334.933 354.133,334.933L344.533,334.933C356.267,334.933 365.867,345.6 363.733,358.4C362.667,368 353.067,375.467 343.467,375.467L253.867,375.467C234.667,375.467 216.533,371.2 199.467,363.733\" style=\"fill:none;fill-rule:nonzero;stroke:rgb(80,160,59);stroke-width:16px;\"\/>\n        <path d=\"M279.467,213.333L297.6,147.2C301.867,130.133 292.267,112 275.2,107.733L265.6,106.667C256,149.333 233.6,184.533 200.533,214.4\" style=\"fill:none;fill-rule:nonzero;stroke:rgb(80,160,59);stroke-width:16px;\"\/>\n        <path d=\"M365.867,253.867L348.8,253.867\" style=\"fill:none;fill-rule:nonzero;stroke:rgb(80,160,59);stroke-width:16px;\"\/>\n        <path d=\"M355.2,294.4L338.133,294.4\" style=\"fill:none;fill-rule:nonzero;stroke:rgb(80,160,59);stroke-width:16px;\"\/>\n        <path d=\"M344.533,333.867L328.533,333.867\" style=\"fill:none;fill-rule:nonzero;stroke:rgb(80,160,59);stroke-width:16px;\"\/>\n    <\/g>\n<\/svg>\n<div class=\"fusion-text fusion-text-1\" style=\"--awb-content-alignment:center;--awb-margin-top:2rem;\"><p><strong>Thank you for submitting the form! <\/strong>Your message has been successfully received.<\/p>\n<\/div><div style=\"text-align:center;\"><a class=\"fusion-button button-flat fusion-button-default-size button-default fusion-button-default button-1 fusion-button-default-span fusion-button-default-type\" target=\"_self\" title=\"Back to home page\" aria-label=\"Back to home page\" href=\"\/\"><span class=\"fusion-button-text awb-button__text awb-button__text--default\">Back to home page<\/span><\/a><\/div><\/div><\/div><\/div><\/div>\n","protected":false},"excerpt":{"rendered":"","protected":false},"author":3,"featured_media":0,"parent":0,"menu_order":0,"comment_status":"closed","ping_status":"closed","template":"","meta":{"_acf_changed":false,"footnotes":""},"class_list":["post-10003","page","type-page","status-publish","hentry"],"acf":[],"yoast_head":"<!-- This site is optimized with the Yoast SEO plugin v26.1.1 - https:\/\/yoast.com\/wordpress\/plugins\/seo\/ -->\n<title>Thank you - KERAMTECH s. r. o.<\/title>\n<meta name=\"robots\" content=\"index, follow, max-snippet:-1, max-image-preview:large, max-video-preview:-1\" \/>\n<link rel=\"canonical\" href=\"https:\/\/keramtech.cz\/en\/thankyou\/\" \/>\n<meta property=\"og:locale\" content=\"en_US\" \/>\n<meta property=\"og:type\" content=\"article\" \/>\n<meta property=\"og:title\" content=\"Thank you - KERAMTECH s. r. o.\" \/>\n<meta property=\"og:url\" content=\"https:\/\/keramtech.cz\/en\/thankyou\/\" \/>\n<meta property=\"og:site_name\" content=\"KERAMTECH s. r. o.\" \/>\n<meta property=\"article:modified_time\" content=\"2023-08-25T13:32:54+00:00\" \/>\n<meta name=\"twitter:card\" content=\"summary_large_image\" \/>\n<meta name=\"twitter:label1\" content=\"Est. reading time\" \/>\n\t<meta name=\"twitter:data1\" content=\"7 minutes\" \/>\n<script type=\"application\/ld+json\" class=\"yoast-schema-graph\">{\"@context\":\"https:\/\/schema.org\",\"@graph\":[{\"@type\":\"WebPage\",\"@id\":\"https:\/\/keramtech.cz\/en\/thankyou\/\",\"url\":\"https:\/\/keramtech.cz\/en\/thankyou\/\",\"name\":\"Thank you - KERAMTECH s. r. o.\",\"isPartOf\":{\"@id\":\"https:\/\/keramtech.cz\/en\/#website\"},\"datePublished\":\"2023-08-25T13:30:28+00:00\",\"dateModified\":\"2023-08-25T13:32:54+00:00\",\"breadcrumb\":{\"@id\":\"https:\/\/keramtech.cz\/en\/thankyou\/#breadcrumb\"},\"inLanguage\":\"en-US\",\"potentialAction\":[{\"@type\":\"ReadAction\",\"target\":[\"https:\/\/keramtech.cz\/en\/thankyou\/\"]}]},{\"@type\":\"BreadcrumbList\",\"@id\":\"https:\/\/keramtech.cz\/en\/thankyou\/#breadcrumb\",\"itemListElement\":[{\"@type\":\"ListItem\",\"position\":1,\"name\":\"Home\",\"item\":\"https:\/\/keramtech.cz\/en\/\"},{\"@type\":\"ListItem\",\"position\":2,\"name\":\"Thank you\"}]},{\"@type\":\"WebSite\",\"@id\":\"https:\/\/keramtech.cz\/en\/#website\",\"url\":\"https:\/\/keramtech.cz\/en\/\",\"name\":\"KERAMTECH s. r. o.\",\"description\":\"V\u00fdroba technick\u00e9 a sl\u00e9v\u00e1rensk\u00e9 keramiky\",\"potentialAction\":[{\"@type\":\"SearchAction\",\"target\":{\"@type\":\"EntryPoint\",\"urlTemplate\":\"https:\/\/keramtech.cz\/en\/?s={search_term_string}\"},\"query-input\":{\"@type\":\"PropertyValueSpecification\",\"valueRequired\":true,\"valueName\":\"search_term_string\"}}],\"inLanguage\":\"en-US\"}]}<\/script>\n<!-- \/ Yoast SEO plugin. -->","yoast_head_json":{"title":"Thank you - KERAMTECH s. r. o.","robots":{"index":"index","follow":"follow","max-snippet":"max-snippet:-1","max-image-preview":"max-image-preview:large","max-video-preview":"max-video-preview:-1"},"canonical":"https:\/\/keramtech.cz\/en\/thankyou\/","og_locale":"en_US","og_type":"article","og_title":"Thank you - KERAMTECH s. r. o.","og_url":"https:\/\/keramtech.cz\/en\/thankyou\/","og_site_name":"KERAMTECH s. r. o.","article_modified_time":"2023-08-25T13:32:54+00:00","twitter_card":"summary_large_image","twitter_misc":{"Est. reading time":"7 minutes"},"schema":{"@context":"https:\/\/schema.org","@graph":[{"@type":"WebPage","@id":"https:\/\/keramtech.cz\/en\/thankyou\/","url":"https:\/\/keramtech.cz\/en\/thankyou\/","name":"Thank you - KERAMTECH s. r. o.","isPartOf":{"@id":"https:\/\/keramtech.cz\/en\/#website"},"datePublished":"2023-08-25T13:30:28+00:00","dateModified":"2023-08-25T13:32:54+00:00","breadcrumb":{"@id":"https:\/\/keramtech.cz\/en\/thankyou\/#breadcrumb"},"inLanguage":"en-US","potentialAction":[{"@type":"ReadAction","target":["https:\/\/keramtech.cz\/en\/thankyou\/"]}]},{"@type":"BreadcrumbList","@id":"https:\/\/keramtech.cz\/en\/thankyou\/#breadcrumb","itemListElement":[{"@type":"ListItem","position":1,"name":"Home","item":"https:\/\/keramtech.cz\/en\/"},{"@type":"ListItem","position":2,"name":"Thank you"}]},{"@type":"WebSite","@id":"https:\/\/keramtech.cz\/en\/#website","url":"https:\/\/keramtech.cz\/en\/","name":"KERAMTECH s. r. o.","description":"V\u00fdroba technick\u00e9 a sl\u00e9v\u00e1rensk\u00e9 keramiky","potentialAction":[{"@type":"SearchAction","target":{"@type":"EntryPoint","urlTemplate":"https:\/\/keramtech.cz\/en\/?s={search_term_string}"},"query-input":{"@type":"PropertyValueSpecification","valueRequired":true,"valueName":"search_term_string"}}],"inLanguage":"en-US"}]}},"_links":{"self":[{"href":"https:\/\/keramtech.cz\/en\/wp-json\/wp\/v2\/pages\/10003","targetHints":{"allow":["GET"]}}],"collection":[{"href":"https:\/\/keramtech.cz\/en\/wp-json\/wp\/v2\/pages"}],"about":[{"href":"https:\/\/keramtech.cz\/en\/wp-json\/wp\/v2\/types\/page"}],"author":[{"embeddable":true,"href":"https:\/\/keramtech.cz\/en\/wp-json\/wp\/v2\/users\/3"}],"replies":[{"embeddable":true,"href":"https:\/\/keramtech.cz\/en\/wp-json\/wp\/v2\/comments?post=10003"}],"version-history":[{"count":2,"href":"https:\/\/keramtech.cz\/en\/wp-json\/wp\/v2\/pages\/10003\/revisions"}],"predecessor-version":[{"id":10005,"href":"https:\/\/keramtech.cz\/en\/wp-json\/wp\/v2\/pages\/10003\/revisions\/10005"}],"wp:attachment":[{"href":"https:\/\/keramtech.cz\/en\/wp-json\/wp\/v2\/media?parent=10003"}],"curies":[{"name":"wp","href":"https:\/\/api.w.org\/{rel}","templated":true}]}}