{"id":6818,"date":"2022-10-10T15:27:07","date_gmt":"2022-10-10T13:27:07","guid":{"rendered":"http:\/\/keramtech.cz\/aktualitaeten\/"},"modified":"2022-10-11T15:07:53","modified_gmt":"2022-10-11T13:07:53","slug":"aktualitaeten","status":"publish","type":"page","link":"https:\/\/keramtech.cz\/de\/aktualitaeten\/","title":{"rendered":"Aktualit\u00e4ten"},"content":{"rendered":"<section class=\"fusion-fullwidth fullwidth-box fusion-builder-row-1 fusion-flex-container has-pattern-background has-mask-background nonhundred-percent-fullwidth non-hundred-percent-height-scrolling fusion-animated\" style=\"--awb-border-radius-top-left:0px;--awb-border-radius-top-right:0px;--awb-border-radius-bottom-right:0px;--awb-border-radius-bottom-left:0px;--awb-flex-wrap:wrap;\" data-animationType=\"fadeInLeft\" data-animationDuration=\"1.0\" data-animationOffset=\"top-into-view\" ><div class=\"fusion-builder-row fusion-row fusion-flex-align-items-flex-start fusion-flex-content-wrap\" style=\"max-width:calc( 83rem + 1.25rem );margin-left: calc(-1.25rem \/ 2 );margin-right: calc(-1.25rem \/ 2 );\"><div class=\"fusion-layout-column fusion_builder_column fusion-builder-column-0 fusion_builder_column_1_1 1_1 fusion-flex-column\" style=\"--awb-bg-size:cover;--awb-width-large:100%;--awb-margin-top-large:0px;--awb-spacing-right-large:0.625rem;--awb-margin-bottom-large:0px;--awb-spacing-left-large:0.625rem;--awb-width-medium:100%;--awb-order-medium:0;--awb-spacing-right-medium:0.625rem;--awb-spacing-left-medium:0.625rem;--awb-width-small:100%;--awb-order-small:0;--awb-spacing-right-small:0.625rem;--awb-spacing-left-small:0.625rem;\"><div class=\"fusion-column-wrapper fusion-column-has-shadow fusion-flex-justify-content-flex-start fusion-content-layout-column\"><div class=\"fusion-post-cards fusion-post-cards-1 fusion-grid-archive fusion-grid-columns-3\" style=\"--awb-columns:3;--awb-active-filter-border-size:3px;--awb-filters-height:36px;\"><ul class=\"fusion-grid fusion-grid-3 fusion-flex-align-items-stretch fusion-grid-posts-cards\"><li class=\"fusion-layout-column fusion_builder_column fusion-builder-column-1 fusion-flex-column posts_item fusion-column-inner-bg-wrapper post-card fusion-grid-column fusion-post-cards-grid-column\" style=\"--awb-overflow:hidden;--awb-inner-bg-color:var(--awb-color8);--awb-inner-bg-color-hover:var(--awb-color8);--awb-inner-bg-blend:overlay;--awb-inner-bg-size:cover;--awb-border-color:rgba(255,255,255,0.1);--awb-border-top:.0625rem;--awb-border-right:.0625rem;--awb-border-bottom:.0625rem;--awb-border-left:.0625rem;--awb-border-style:solid;--awb-border-radius:.75rem .75rem .75rem .75rem;--awb-inner-bg-border-radius:.75rem .75rem .75rem .75rem;--awb-inner-bg-overflow:hidden;--awb-flex-grow:0;--awb-flex-shrink:0;--awb-flex-grow-medium:0;--awb-flex-shrink-medium:0;--awb-flex-grow-small:0;--awb-flex-shrink-small:0;\"><span class=\"fusion-column-inner-bg hover-type-none\"><a class=\"fusion-column-anchor\" href=\"https:\/\/keramtech.cz\/de\/winterstillstand\/\"><span class=\"fusion-column-inner-bg-image\"><\/span><\/a><\/span><div class=\"fusion-column-wrapper fusion-column-has-shadow fusion-flex-justify-content-flex-start fusion-content-layout-column\"><div class=\"fusion-builder-row fusion-builder-row-inner fusion-row fusion-flex-align-items-flex-start fusion-flex-content-wrap\" style=\"width:calc( 100% + 1.25rem ) !important;max-width:calc( 100% + 1.25rem ) !important;margin-left: calc(-1.25rem \/ 2 );margin-right: calc(-1.25rem \/ 2 );\"><div class=\"fusion-layout-column fusion_builder_column_inner fusion-builder-nested-column-0 fusion_builder_column_inner_1_1 1_1 fusion-flex-column\" style=\"--awb-bg-size:cover;--awb-width-large:100%;--awb-margin-top-large:0px;--awb-spacing-right-large:0.625rem;--awb-margin-bottom-large:0px;--awb-spacing-left-large:0.625rem;--awb-width-medium:100%;--awb-order-medium:0;--awb-spacing-right-medium:0.625rem;--awb-spacing-left-medium:0.625rem;--awb-width-small:100%;--awb-order-small:0;--awb-spacing-right-small:0.625rem;--awb-spacing-left-small:0.625rem;\"><div class=\"fusion-column-wrapper fusion-column-has-shadow fusion-flex-justify-content-flex-start fusion-content-layout-column\"><\/div><\/div><\/div><div class=\"fusion-builder-row fusion-builder-row-inner fusion-row fusion-flex-align-items-flex-start fusion-flex-content-wrap\" style=\"width:calc( 100% + 1.25rem ) !important;max-width:calc( 100% + 1.25rem ) !important;margin-left: calc(-1.25rem \/ 2 );margin-right: calc(-1.25rem \/ 2 );\"><div class=\"fusion-layout-column fusion_builder_column_inner fusion-builder-nested-column-1 fusion_builder_column_inner_1_1 1_1 fusion-flex-column\" style=\"--awb-padding-top:2rem;--awb-padding-right:2rem;--awb-padding-bottom:2rem;--awb-padding-left:2rem;--awb-bg-size:cover;--awb-width-large:100%;--awb-margin-top-large:0px;--awb-spacing-right-large:0.625rem;--awb-margin-bottom-large:0px;--awb-spacing-left-large:0.625rem;--awb-width-medium:100%;--awb-order-medium:0;--awb-spacing-right-medium:0.625rem;--awb-spacing-left-medium:0.625rem;--awb-width-small:100%;--awb-order-small:0;--awb-spacing-right-small:0.625rem;--awb-spacing-left-small:0.625rem;\"><div class=\"fusion-column-wrapper fusion-column-has-shadow fusion-flex-justify-content-flex-start fusion-content-layout-column\"><div class=\"fusion-title title fusion-title-1 fusion-sep-none fusion-title-text fusion-title-size-div\" style=\"--awb-margin-top:0px;--awb-margin-right:0px;--awb-margin-bottom:1rem;--awb-margin-left:0px;--awb-margin-top-small:0px;--awb-margin-right-small:0px;--awb-margin-left-small:0px;--awb-link-color:var(--awb-color1);--awb-font-size:1.125rem;\"><div class=\"fusion-title-heading title-heading-left title-heading-tag fusion-responsive-typography-calculated\" style=\"margin:0;font-size:1em;--fontSize:16.875;--minFontSize:16.875;line-height:var(--awb-typography4-line-height);\"><a href=\"https:\/\/keramtech.cz\/de\/winterstillstand\/\" class=\"awb-custom-text-color awb-custom-text-hover-color\" target=\"_self\">Winterstillstand<\/a><\/div><\/div><div class=\"fusion-content-tb fusion-content-tb-1\" style=\"--awb-text-color:rgba(255,255,255,0.74);--awb-margin-bottom:auto;--awb-text-transform:none;\"><p>  Am 22. 12. 2025 bis 4. 1. 2026 wird die Produktion eingestellt. W\u00e4hrend dieser Zeit k\u00f6nnen keine Waren empfangen oder versa ...<\/p><\/div><div style=\"text-align:right;\"><a class=\"fusion-button button-flat fusion-button-default-size button-custom fusion-button-default button-1 fusion-button-default-span fusion-button-default-type\" style=\"--button_accent_color:var(--awb-color1);--button_accent_hover_color:var(--awb-color1);--button_border_hover_color:var(--awb-color1);--button_gradient_top_color:var(--awb-custom_color_1);--button_gradient_bottom_color:var(--awb-custom_color_1);--button_gradient_top_color_hover:var(--awb-color6);--button_gradient_bottom_color_hover:var(--awb-color6);--button_text_transform:lowercase;--button_font_size:.85rem;--button_padding-top:.5rem;--button_padding-right:1rem;--button_padding-bottom:.5rem;--button_padding-left:1rem;--button_margin-top:1.25rem;\" target=\"_self\" href=\"https:\/\/keramtech.cz\/de\/winterstillstand\/\"><span class=\"fusion-button-text awb-button__text awb-button__text--default\">Weiterlesen<\/span><i class=\"fa-angle-right far awb-button__icon awb-button__icon--default button-icon-right\" aria-hidden=\"true\"><\/i><\/a><\/div><\/div><\/div><\/div><\/div><\/li>\n<li class=\"fusion-layout-column fusion_builder_column fusion-builder-column-2 fusion-flex-column posts_item fusion-column-inner-bg-wrapper post-card fusion-grid-column fusion-post-cards-grid-column\" style=\"--awb-overflow:hidden;--awb-inner-bg-color:var(--awb-color8);--awb-inner-bg-color-hover:var(--awb-color8);--awb-inner-bg-blend:overlay;--awb-inner-bg-size:cover;--awb-border-color:rgba(255,255,255,0.1);--awb-border-top:.0625rem;--awb-border-right:.0625rem;--awb-border-bottom:.0625rem;--awb-border-left:.0625rem;--awb-border-style:solid;--awb-border-radius:.75rem .75rem .75rem .75rem;--awb-inner-bg-border-radius:.75rem .75rem .75rem .75rem;--awb-inner-bg-overflow:hidden;--awb-flex-grow:0;--awb-flex-shrink:0;--awb-flex-grow-medium:0;--awb-flex-shrink-medium:0;--awb-flex-grow-small:0;--awb-flex-shrink-small:0;\"><span class=\"fusion-column-inner-bg hover-type-none\"><a class=\"fusion-column-anchor\" href=\"https:\/\/keramtech.cz\/de\/gifa_2023\/\"><span class=\"fusion-column-inner-bg-image\"><\/span><\/a><\/span><div class=\"fusion-column-wrapper fusion-column-has-shadow fusion-flex-justify-content-flex-start fusion-content-layout-column\"><div class=\"fusion-builder-row fusion-builder-row-inner fusion-row fusion-flex-align-items-flex-start fusion-flex-content-wrap\" style=\"width:calc( 100% + 1.25rem ) !important;max-width:calc( 100% + 1.25rem ) !important;margin-left: calc(-1.25rem \/ 2 );margin-right: calc(-1.25rem \/ 2 );\"><div class=\"fusion-layout-column fusion_builder_column_inner fusion-builder-nested-column-2 fusion_builder_column_inner_1_1 1_1 fusion-flex-column\" style=\"--awb-bg-size:cover;--awb-width-large:100%;--awb-margin-top-large:0px;--awb-spacing-right-large:0.625rem;--awb-margin-bottom-large:0px;--awb-spacing-left-large:0.625rem;--awb-width-medium:100%;--awb-order-medium:0;--awb-spacing-right-medium:0.625rem;--awb-spacing-left-medium:0.625rem;--awb-width-small:100%;--awb-order-small:0;--awb-spacing-right-small:0.625rem;--awb-spacing-left-small:0.625rem;\"><div class=\"fusion-column-wrapper fusion-column-has-shadow fusion-flex-justify-content-flex-start fusion-content-layout-column\"><\/div><\/div><\/div><div class=\"fusion-builder-row fusion-builder-row-inner fusion-row fusion-flex-align-items-flex-start fusion-flex-content-wrap\" style=\"width:calc( 100% + 1.25rem ) !important;max-width:calc( 100% + 1.25rem ) !important;margin-left: calc(-1.25rem \/ 2 );margin-right: calc(-1.25rem \/ 2 );\"><div class=\"fusion-layout-column fusion_builder_column_inner fusion-builder-nested-column-3 fusion_builder_column_inner_1_1 1_1 fusion-flex-column\" style=\"--awb-padding-top:2rem;--awb-padding-right:2rem;--awb-padding-bottom:2rem;--awb-padding-left:2rem;--awb-bg-size:cover;--awb-width-large:100%;--awb-margin-top-large:0px;--awb-spacing-right-large:0.625rem;--awb-margin-bottom-large:0px;--awb-spacing-left-large:0.625rem;--awb-width-medium:100%;--awb-order-medium:0;--awb-spacing-right-medium:0.625rem;--awb-spacing-left-medium:0.625rem;--awb-width-small:100%;--awb-order-small:0;--awb-spacing-right-small:0.625rem;--awb-spacing-left-small:0.625rem;\"><div class=\"fusion-column-wrapper fusion-column-has-shadow fusion-flex-justify-content-flex-start fusion-content-layout-column\"><div class=\"fusion-title title fusion-title-2 fusion-sep-none fusion-title-text fusion-title-size-div\" style=\"--awb-margin-top:0px;--awb-margin-right:0px;--awb-margin-bottom:1rem;--awb-margin-left:0px;--awb-margin-top-small:0px;--awb-margin-right-small:0px;--awb-margin-left-small:0px;--awb-link-color:var(--awb-color1);--awb-font-size:1.125rem;\"><div class=\"fusion-title-heading title-heading-left title-heading-tag fusion-responsive-typography-calculated\" style=\"margin:0;font-size:1em;--fontSize:16.875;--minFontSize:16.875;line-height:var(--awb-typography4-line-height);\"><a href=\"https:\/\/keramtech.cz\/de\/gifa_2023\/\" class=\"awb-custom-text-color awb-custom-text-hover-color\" target=\"_self\">Urlaub<\/a><\/div><\/div><div class=\"fusion-content-tb fusion-content-tb-2\" style=\"--awb-text-color:rgba(255,255,255,0.74);--awb-margin-bottom:auto;--awb-text-transform:none;\"><p>  Vom 18. 07. 2025 bis 03. 08. 2025 ist das Unternehmen aufgrund eines unternehmensweiten Feiertags geschlossen. NOTIZ! Es tu ...<\/p><\/div><div style=\"text-align:right;\"><a class=\"fusion-button button-flat fusion-button-default-size button-custom fusion-button-default button-2 fusion-button-default-span fusion-button-default-type\" style=\"--button_accent_color:var(--awb-color1);--button_accent_hover_color:var(--awb-color1);--button_border_hover_color:var(--awb-color1);--button_gradient_top_color:var(--awb-custom_color_1);--button_gradient_bottom_color:var(--awb-custom_color_1);--button_gradient_top_color_hover:var(--awb-color6);--button_gradient_bottom_color_hover:var(--awb-color6);--button_text_transform:lowercase;--button_font_size:.85rem;--button_padding-top:.5rem;--button_padding-right:1rem;--button_padding-bottom:.5rem;--button_padding-left:1rem;--button_margin-top:1.25rem;\" target=\"_self\" href=\"https:\/\/keramtech.cz\/de\/gifa_2023\/\"><span class=\"fusion-button-text awb-button__text awb-button__text--default\">Weiterlesen<\/span><i class=\"fa-angle-right far awb-button__icon awb-button__icon--default button-icon-right\" aria-hidden=\"true\"><\/i><\/a><\/div><\/div><\/div><\/div><\/div><\/li>\n<\/ul><\/div><\/div><\/div><\/div><\/section>\n","protected":false},"excerpt":{"rendered":"","protected":false},"author":3,"featured_media":0,"parent":0,"menu_order":0,"comment_status":"closed","ping_status":"closed","template":"","meta":{"_acf_changed":false,"footnotes":""},"class_list":["post-6818","page","type-page","status-publish","hentry"],"acf":[],"yoast_head":"<!-- This site is optimized with the Yoast SEO plugin v26.1.1 - https:\/\/yoast.com\/wordpress\/plugins\/seo\/ -->\n<title>Aktualit\u00e4ten - KERAMTECH s. r. o.<\/title>\n<meta name=\"robots\" content=\"index, follow, max-snippet:-1, max-image-preview:large, max-video-preview:-1\" \/>\n<link rel=\"canonical\" href=\"https:\/\/keramtech.cz\/de\/aktualitaeten\/\" \/>\n<meta property=\"og:locale\" content=\"de_DE\" \/>\n<meta property=\"og:type\" content=\"article\" \/>\n<meta property=\"og:title\" content=\"Aktualit\u00e4ten - KERAMTECH s. r. o.\" \/>\n<meta property=\"og:url\" content=\"https:\/\/keramtech.cz\/de\/aktualitaeten\/\" \/>\n<meta property=\"og:site_name\" content=\"KERAMTECH s. r. o.\" \/>\n<meta property=\"article:modified_time\" content=\"2022-10-11T13:07:53+00:00\" \/>\n<meta name=\"twitter:card\" content=\"summary_large_image\" \/>\n<meta name=\"twitter:label1\" content=\"Gesch\u00e4tzte Lesezeit\" \/>\n\t<meta name=\"twitter:data1\" content=\"5\u00a0Minuten\" \/>\n<script type=\"application\/ld+json\" class=\"yoast-schema-graph\">{\"@context\":\"https:\/\/schema.org\",\"@graph\":[{\"@type\":\"WebPage\",\"@id\":\"https:\/\/keramtech.cz\/de\/aktualitaeten\/\",\"url\":\"https:\/\/keramtech.cz\/de\/aktualitaeten\/\",\"name\":\"Aktualit\u00e4ten - KERAMTECH s. r. o.\",\"isPartOf\":{\"@id\":\"https:\/\/keramtech.cz\/de\/#website\"},\"datePublished\":\"2022-10-10T13:27:07+00:00\",\"dateModified\":\"2022-10-11T13:07:53+00:00\",\"breadcrumb\":{\"@id\":\"https:\/\/keramtech.cz\/de\/aktualitaeten\/#breadcrumb\"},\"inLanguage\":\"de\",\"potentialAction\":[{\"@type\":\"ReadAction\",\"target\":[\"https:\/\/keramtech.cz\/de\/aktualitaeten\/\"]}]},{\"@type\":\"BreadcrumbList\",\"@id\":\"https:\/\/keramtech.cz\/de\/aktualitaeten\/#breadcrumb\",\"itemListElement\":[{\"@type\":\"ListItem\",\"position\":1,\"name\":\"Startseite\",\"item\":\"https:\/\/keramtech.cz\/de\/\"},{\"@type\":\"ListItem\",\"position\":2,\"name\":\"Aktualit\u00e4ten\"}]},{\"@type\":\"WebSite\",\"@id\":\"https:\/\/keramtech.cz\/de\/#website\",\"url\":\"https:\/\/keramtech.cz\/de\/\",\"name\":\"KERAMTECH s. r. o.\",\"description\":\"V\u00fdroba technick\u00e9 a sl\u00e9v\u00e1rensk\u00e9 keramiky\",\"potentialAction\":[{\"@type\":\"SearchAction\",\"target\":{\"@type\":\"EntryPoint\",\"urlTemplate\":\"https:\/\/keramtech.cz\/de\/?s={search_term_string}\"},\"query-input\":{\"@type\":\"PropertyValueSpecification\",\"valueRequired\":true,\"valueName\":\"search_term_string\"}}],\"inLanguage\":\"de\"}]}<\/script>\n<!-- \/ Yoast SEO plugin. -->","yoast_head_json":{"title":"Aktualit\u00e4ten - KERAMTECH s. r. o.","robots":{"index":"index","follow":"follow","max-snippet":"max-snippet:-1","max-image-preview":"max-image-preview:large","max-video-preview":"max-video-preview:-1"},"canonical":"https:\/\/keramtech.cz\/de\/aktualitaeten\/","og_locale":"de_DE","og_type":"article","og_title":"Aktualit\u00e4ten - KERAMTECH s. r. o.","og_url":"https:\/\/keramtech.cz\/de\/aktualitaeten\/","og_site_name":"KERAMTECH s. r. o.","article_modified_time":"2022-10-11T13:07:53+00:00","twitter_card":"summary_large_image","twitter_misc":{"Gesch\u00e4tzte Lesezeit":"5\u00a0Minuten"},"schema":{"@context":"https:\/\/schema.org","@graph":[{"@type":"WebPage","@id":"https:\/\/keramtech.cz\/de\/aktualitaeten\/","url":"https:\/\/keramtech.cz\/de\/aktualitaeten\/","name":"Aktualit\u00e4ten - KERAMTECH s. r. o.","isPartOf":{"@id":"https:\/\/keramtech.cz\/de\/#website"},"datePublished":"2022-10-10T13:27:07+00:00","dateModified":"2022-10-11T13:07:53+00:00","breadcrumb":{"@id":"https:\/\/keramtech.cz\/de\/aktualitaeten\/#breadcrumb"},"inLanguage":"de","potentialAction":[{"@type":"ReadAction","target":["https:\/\/keramtech.cz\/de\/aktualitaeten\/"]}]},{"@type":"BreadcrumbList","@id":"https:\/\/keramtech.cz\/de\/aktualitaeten\/#breadcrumb","itemListElement":[{"@type":"ListItem","position":1,"name":"Startseite","item":"https:\/\/keramtech.cz\/de\/"},{"@type":"ListItem","position":2,"name":"Aktualit\u00e4ten"}]},{"@type":"WebSite","@id":"https:\/\/keramtech.cz\/de\/#website","url":"https:\/\/keramtech.cz\/de\/","name":"KERAMTECH s. r. o.","description":"V\u00fdroba technick\u00e9 a sl\u00e9v\u00e1rensk\u00e9 keramiky","potentialAction":[{"@type":"SearchAction","target":{"@type":"EntryPoint","urlTemplate":"https:\/\/keramtech.cz\/de\/?s={search_term_string}"},"query-input":{"@type":"PropertyValueSpecification","valueRequired":true,"valueName":"search_term_string"}}],"inLanguage":"de"}]}},"_links":{"self":[{"href":"https:\/\/keramtech.cz\/de\/wp-json\/wp\/v2\/pages\/6818","targetHints":{"allow":["GET"]}}],"collection":[{"href":"https:\/\/keramtech.cz\/de\/wp-json\/wp\/v2\/pages"}],"about":[{"href":"https:\/\/keramtech.cz\/de\/wp-json\/wp\/v2\/types\/page"}],"author":[{"embeddable":true,"href":"https:\/\/keramtech.cz\/de\/wp-json\/wp\/v2\/users\/3"}],"replies":[{"embeddable":true,"href":"https:\/\/keramtech.cz\/de\/wp-json\/wp\/v2\/comments?post=6818"}],"version-history":[{"count":0,"href":"https:\/\/keramtech.cz\/de\/wp-json\/wp\/v2\/pages\/6818\/revisions"}],"wp:attachment":[{"href":"https:\/\/keramtech.cz\/de\/wp-json\/wp\/v2\/media?parent=6818"}],"curies":[{"name":"wp","href":"https:\/\/api.w.org\/{rel}","templated":true}]}}