{"id":6748,"date":"2022-10-07T15:40:12","date_gmt":"2022-10-07T13:40:12","guid":{"rendered":"http:\/\/keramtech.cz\/die-gegenwart-des-unternehmens\/"},"modified":"2023-12-04T12:54:04","modified_gmt":"2023-12-04T11:54:04","slug":"die-gegenwart-des-unternehmens","status":"publish","type":"page","link":"https:\/\/keramtech.cz\/de\/die-gegenwart-des-unternehmens\/","title":{"rendered":"Gegenwart"},"content":{"rendered":"<section class=\"fusion-fullwidth fullwidth-box fusion-builder-row-1 fusion-flex-container has-pattern-background has-mask-background nonhundred-percent-fullwidth non-hundred-percent-height-scrolling\" style=\"--awb-border-radius-top-left:0px;--awb-border-radius-top-right:0px;--awb-border-radius-bottom-right:0px;--awb-border-radius-bottom-left:0px;--awb-flex-wrap:wrap;\" ><div class=\"fusion-builder-row fusion-row fusion-flex-align-items-center fusion-flex-content-wrap\" style=\"max-width:calc( 83rem + 1.25rem );margin-left: calc(-1.25rem \/ 2 );margin-right: calc(-1.25rem \/ 2 );\"><div class=\"fusion-layout-column fusion_builder_column fusion-builder-column-0 fusion_builder_column_1_2 1_2 fusion-flex-column fusion-animated\" style=\"--awb-bg-size:cover;--awb-width-large:50%;--awb-margin-top-large:0px;--awb-spacing-right-large:1rem;--awb-margin-bottom-large:2rem;--awb-spacing-left-large:0.625rem;--awb-width-medium:100%;--awb-order-medium:2;--awb-spacing-right-medium:1rem;--awb-spacing-left-medium:1rem;--awb-width-small:100%;--awb-order-small:0;--awb-spacing-right-small:0.625rem;--awb-spacing-left-small:0.625rem;\" data-animationType=\"fadeInDown\" data-animationDuration=\"1.0\" data-animationOffset=\"top-into-view\"><div class=\"fusion-column-wrapper fusion-column-has-shadow fusion-flex-justify-content-flex-start fusion-content-layout-column\"><div class=\"fusion-image-element \" style=\"--awb-caption-title-font-family:var(--h2_typography-font-family);--awb-caption-title-font-weight:var(--h2_typography-font-weight);--awb-caption-title-font-style:var(--h2_typography-font-style);--awb-caption-title-size:var(--h2_typography-font-size);--awb-caption-title-transform:var(--h2_typography-text-transform);--awb-caption-title-line-height:var(--h2_typography-line-height);--awb-caption-title-letter-spacing:var(--h2_typography-letter-spacing);\"><span class=\" fusion-imageframe imageframe-none imageframe-1 hover-type-zoomin\" style=\"border:2px solid #ffffff;border-radius:10px;\"><img decoding=\"async\" width=\"544\" height=\"700\" title=\"firma-09-09-2021\" src=\"https:\/\/keramtech.cz\/wp-content\/uploads\/2023\/12\/firma-09-09-2021-1.jpg\" data-orig-src=\"https:\/\/keramtech.cz\/wp-content\/uploads\/2023\/12\/firma-09-09-2021-1.jpg\" alt class=\"lazyload img-responsive wp-image-10085\" srcset=\"data:image\/svg+xml,%3Csvg%20xmlns%3D%27http%3A%2F%2Fwww.w3.org%2F2000%2Fsvg%27%20width%3D%27544%27%20height%3D%27700%27%20viewBox%3D%270%200%20544%20700%27%3E%3Crect%20width%3D%27544%27%20height%3D%27700%27%20fill-opacity%3D%220%22%2F%3E%3C%2Fsvg%3E\" data-srcset=\"https:\/\/keramtech.cz\/wp-content\/uploads\/2023\/12\/firma-09-09-2021-1-200x257.jpg 200w, https:\/\/keramtech.cz\/wp-content\/uploads\/2023\/12\/firma-09-09-2021-1-400x515.jpg 400w, https:\/\/keramtech.cz\/wp-content\/uploads\/2023\/12\/firma-09-09-2021-1.jpg 544w\" data-sizes=\"auto\" data-orig-sizes=\"(max-width: 640px) 100vw, 544px\" \/><\/span><\/div><\/div><\/div><div class=\"fusion-layout-column fusion_builder_column fusion-builder-column-1 fusion_builder_column_1_2 1_2 fusion-flex-column fusion-animated\" style=\"--awb-bg-size:cover;--awb-width-large:50%;--awb-margin-top-large:0px;--awb-spacing-right-large:0.625rem;--awb-margin-bottom-large:0px;--awb-spacing-left-large:1rem;--awb-width-medium:100%;--awb-order-medium:1;--awb-spacing-right-medium:1rem;--awb-spacing-left-medium:1rem;--awb-width-small:100%;--awb-order-small:0;--awb-spacing-right-small:0.625rem;--awb-spacing-left-small:0.625rem;\" data-animationType=\"fadeInDown\" data-animationDuration=\"1.0\" data-animationOffset=\"top-into-view\"><div class=\"fusion-column-wrapper fusion-column-has-shadow fusion-flex-justify-content-flex-start fusion-content-layout-column\"><div class=\"fusion-text fusion-text-1\"><p class=\"western\"><span style=\"font-family: Play, Calibri, sans-serif;\"><span style=\"font-size: medium;\">Das Unternehmen KERAMTECH s. r. o. \u017dacl\u00e9\u0159 geh\u00f6rt zu den f\u00fchrenden Herstellern von Gie\u00dfereikeramik, die auch das Hauptproduktionssortiment des Unternehmens ist. Wir bieten Filter an, die f\u00fcr alle Typen von Eisen-, Nichteisen- und Buntmetallen bestimmt sind.    <\/span><\/span><\/p>\n<p class=\"western\"><span style=\"font-family: Play, Calibri, sans-serif;\"><span style=\"font-size: medium;\">Eine besondere Kategorie in diesem Bereich sind keramische Gusssiebe, die nach wie vor ihren unersetzlichen Platz im Gusssystem einnehmen. Der Keramikkopf von Thermosonden kommt dann in Gie\u00dfereien und H\u00fctten zum Einsatz. Keramische Teile f\u00fcr Elektroheizungen bilden in unserem Unternehmen eine eigene Produktgruppe. Dies sind Heizbaugruppen, meist bestehend aus einem metallischen Heizwendeltr\u00e4ger (Kesselwalze, Flach-\/Plattentr\u00e4ger, Glattrohre) und weiteren Teilen, wie Heizstabk\u00f6pfen, Heizstabtr\u00e4gern, Befestigungselementen etc. Diese Produkte finden Sie in Wassererhitzer, H\u00e4rte- und Anlass\u00f6fen, Trocken- und Brenn\u00f6fen usw.     <\/span><\/span><span style=\"font-family: Arial, sans-serif;\"><span style=\"font-size: medium;\"> <\/span><\/span><span style=\"font-family: Play, Calibri, sans-serif;\"><span style=\"font-size: medium;\">Traditionelle Produkte sind Produkte aus technischem Porzellan (C111) und Steatit (C221),<\/span><\/span><span style=\"font-family: Arial, sans-serif;\"><span style=\"font-size: medium;\"> <\/span><\/span><span style=\"font-family: Play, Calibri, sans-serif;\"><span style=\"font-size: medium;\">die f\u00fcr den Einsatz in der elektrotechnischen Industrie bestimmt sind. <\/span><\/span><\/p>\n<p class=\"western\"><span style=\"font-family: Play, Calibri, sans-serif;\"><span style=\"font-size: medium;\">Diese Produktgruppe umfasst haupts\u00e4chlich E14-, E27-<\/span><\/span><span style=\"font-family: Arial, sans-serif;\"><span style=\"font-size: medium;\"> <\/span><\/span><span style=\"font-family: Play, Calibri, sans-serif;\"><span style=\"font-size: medium;\">und E40-Fassungsk\u00f6rper f\u00fcr den sicheren Einsatz bei hohen Temperaturen, Keramikklemmenbl\u00f6cke f\u00fcr h\u00f6chste Brandschutzanforderungen, verschiedene Arten von Kabelklemmen, Halterungen und T\u00fcllen f\u00fcr die Verteilung in \u00f6ffentlichen Geb\u00e4uden, Tunneln oder U-Bahnen, Wand<\/span><\/span><span style=\"font-family: Arial, sans-serif;\"><span style=\"font-size: medium;\"> <\/span><\/span><span style=\"font-family: Play, Calibri, sans-serif;\"><span style=\"font-size: medium;\">und Deckenkeramikleuchten mit<\/span><\/span><span style=\"font-family: Arial, sans-serif;\"><span style=\"font-size: medium;\"> <\/span><\/span><span style=\"font-family: Play, Calibri, sans-serif;\"><span style=\"font-size: medium;\">IP20-Schutz und diversen Sonderteilen wie Widerstandssitze, Klemmk\u00f6rper, Nullbr\u00fccken und viele mehr.<\/span><\/span><\/p>\n<p class=\"western\"><span style=\"font-family: Play, Calibri, sans-serif;\"><span style=\"font-size: medium;\">Wir<\/span><\/span><span style=\"font-family: Arial, sans-serif;\"><span style=\"font-size: medium;\"> <\/span><\/span><span style=\"font-family: Play, Calibri, sans-serif;\"><span style=\"font-size: medium;\">erweitern das traditionelle Sortiment st\u00e4ndig um neue Produkttypen, wie Raschig-Ringe (die h\u00e4ufigste F\u00fcllung von Destillations- und Absorptionskolonnen), Schutzteile und -befestigungen <\/span><\/span><span style=\"font-family: Arial, sans-serif;\"><span style=\"font-size: medium;\"> <\/span><\/span><span style=\"font-family: Play, Calibri, sans-serif;\"><span style=\"font-size: medium;\">(zum mechanischen Schutz von Metall- oder Kunststoffteilen), Textilleiter in verschiedenen Formen und Gr\u00f6\u00dfen, Industrie- und Retrogriffe f\u00fcr M\u00f6bel oder Ofen- und Ofent\u00fcren und vieles mehr.<\/span><\/span><\/p>\n<\/div><\/div><\/div><\/div><\/section>\n","protected":false},"excerpt":{"rendered":"","protected":false},"author":3,"featured_media":0,"parent":0,"menu_order":0,"comment_status":"closed","ping_status":"closed","template":"100-width.php","meta":{"_acf_changed":false,"footnotes":""},"class_list":["post-6748","page","type-page","status-publish","hentry"],"acf":[],"yoast_head":"<!-- This site is optimized with the Yoast SEO plugin v26.1.1 - https:\/\/yoast.com\/wordpress\/plugins\/seo\/ -->\n<title>Gegenwart - KERAMTECH s. r. o.<\/title>\n<meta name=\"robots\" content=\"index, follow, max-snippet:-1, max-image-preview:large, max-video-preview:-1\" \/>\n<link rel=\"canonical\" href=\"https:\/\/keramtech.cz\/de\/die-gegenwart-des-unternehmens\/\" \/>\n<meta property=\"og:locale\" content=\"de_DE\" \/>\n<meta property=\"og:type\" content=\"article\" \/>\n<meta property=\"og:title\" content=\"Gegenwart - KERAMTECH s. r. o.\" \/>\n<meta property=\"og:url\" content=\"https:\/\/keramtech.cz\/de\/die-gegenwart-des-unternehmens\/\" \/>\n<meta property=\"og:site_name\" content=\"KERAMTECH s. r. o.\" \/>\n<meta property=\"article:modified_time\" content=\"2023-12-04T11:54:04+00:00\" \/>\n<meta name=\"twitter:card\" content=\"summary_large_image\" \/>\n<meta name=\"twitter:label1\" content=\"Gesch\u00e4tzte Lesezeit\" \/>\n\t<meta name=\"twitter:data1\" content=\"9\u00a0Minuten\" \/>\n<script type=\"application\/ld+json\" class=\"yoast-schema-graph\">{\"@context\":\"https:\/\/schema.org\",\"@graph\":[{\"@type\":\"WebPage\",\"@id\":\"https:\/\/keramtech.cz\/de\/die-gegenwart-des-unternehmens\/\",\"url\":\"https:\/\/keramtech.cz\/de\/die-gegenwart-des-unternehmens\/\",\"name\":\"Gegenwart - KERAMTECH s. r. o.\",\"isPartOf\":{\"@id\":\"https:\/\/keramtech.cz\/de\/#website\"},\"datePublished\":\"2022-10-07T13:40:12+00:00\",\"dateModified\":\"2023-12-04T11:54:04+00:00\",\"breadcrumb\":{\"@id\":\"https:\/\/keramtech.cz\/de\/die-gegenwart-des-unternehmens\/#breadcrumb\"},\"inLanguage\":\"de\",\"potentialAction\":[{\"@type\":\"ReadAction\",\"target\":[\"https:\/\/keramtech.cz\/de\/die-gegenwart-des-unternehmens\/\"]}]},{\"@type\":\"BreadcrumbList\",\"@id\":\"https:\/\/keramtech.cz\/de\/die-gegenwart-des-unternehmens\/#breadcrumb\",\"itemListElement\":[{\"@type\":\"ListItem\",\"position\":1,\"name\":\"Startseite\",\"item\":\"https:\/\/keramtech.cz\/de\/\"},{\"@type\":\"ListItem\",\"position\":2,\"name\":\"Heuete\"}]},{\"@type\":\"WebSite\",\"@id\":\"https:\/\/keramtech.cz\/de\/#website\",\"url\":\"https:\/\/keramtech.cz\/de\/\",\"name\":\"KERAMTECH s. r. o.\",\"description\":\"V\u00fdroba technick\u00e9 a sl\u00e9v\u00e1rensk\u00e9 keramiky\",\"potentialAction\":[{\"@type\":\"SearchAction\",\"target\":{\"@type\":\"EntryPoint\",\"urlTemplate\":\"https:\/\/keramtech.cz\/de\/?s={search_term_string}\"},\"query-input\":{\"@type\":\"PropertyValueSpecification\",\"valueRequired\":true,\"valueName\":\"search_term_string\"}}],\"inLanguage\":\"de\"}]}<\/script>\n<!-- \/ Yoast SEO plugin. -->","yoast_head_json":{"title":"Gegenwart - KERAMTECH s. r. o.","robots":{"index":"index","follow":"follow","max-snippet":"max-snippet:-1","max-image-preview":"max-image-preview:large","max-video-preview":"max-video-preview:-1"},"canonical":"https:\/\/keramtech.cz\/de\/die-gegenwart-des-unternehmens\/","og_locale":"de_DE","og_type":"article","og_title":"Gegenwart - KERAMTECH s. r. o.","og_url":"https:\/\/keramtech.cz\/de\/die-gegenwart-des-unternehmens\/","og_site_name":"KERAMTECH s. r. o.","article_modified_time":"2023-12-04T11:54:04+00:00","twitter_card":"summary_large_image","twitter_misc":{"Gesch\u00e4tzte Lesezeit":"9\u00a0Minuten"},"schema":{"@context":"https:\/\/schema.org","@graph":[{"@type":"WebPage","@id":"https:\/\/keramtech.cz\/de\/die-gegenwart-des-unternehmens\/","url":"https:\/\/keramtech.cz\/de\/die-gegenwart-des-unternehmens\/","name":"Gegenwart - KERAMTECH s. r. o.","isPartOf":{"@id":"https:\/\/keramtech.cz\/de\/#website"},"datePublished":"2022-10-07T13:40:12+00:00","dateModified":"2023-12-04T11:54:04+00:00","breadcrumb":{"@id":"https:\/\/keramtech.cz\/de\/die-gegenwart-des-unternehmens\/#breadcrumb"},"inLanguage":"de","potentialAction":[{"@type":"ReadAction","target":["https:\/\/keramtech.cz\/de\/die-gegenwart-des-unternehmens\/"]}]},{"@type":"BreadcrumbList","@id":"https:\/\/keramtech.cz\/de\/die-gegenwart-des-unternehmens\/#breadcrumb","itemListElement":[{"@type":"ListItem","position":1,"name":"Startseite","item":"https:\/\/keramtech.cz\/de\/"},{"@type":"ListItem","position":2,"name":"Heuete"}]},{"@type":"WebSite","@id":"https:\/\/keramtech.cz\/de\/#website","url":"https:\/\/keramtech.cz\/de\/","name":"KERAMTECH s. r. o.","description":"V\u00fdroba technick\u00e9 a sl\u00e9v\u00e1rensk\u00e9 keramiky","potentialAction":[{"@type":"SearchAction","target":{"@type":"EntryPoint","urlTemplate":"https:\/\/keramtech.cz\/de\/?s={search_term_string}"},"query-input":{"@type":"PropertyValueSpecification","valueRequired":true,"valueName":"search_term_string"}}],"inLanguage":"de"}]}},"_links":{"self":[{"href":"https:\/\/keramtech.cz\/de\/wp-json\/wp\/v2\/pages\/6748","targetHints":{"allow":["GET"]}}],"collection":[{"href":"https:\/\/keramtech.cz\/de\/wp-json\/wp\/v2\/pages"}],"about":[{"href":"https:\/\/keramtech.cz\/de\/wp-json\/wp\/v2\/types\/page"}],"author":[{"embeddable":true,"href":"https:\/\/keramtech.cz\/de\/wp-json\/wp\/v2\/users\/3"}],"replies":[{"embeddable":true,"href":"https:\/\/keramtech.cz\/de\/wp-json\/wp\/v2\/comments?post=6748"}],"version-history":[{"count":8,"href":"https:\/\/keramtech.cz\/de\/wp-json\/wp\/v2\/pages\/6748\/revisions"}],"predecessor-version":[{"id":10131,"href":"https:\/\/keramtech.cz\/de\/wp-json\/wp\/v2\/pages\/6748\/revisions\/10131"}],"wp:attachment":[{"href":"https:\/\/keramtech.cz\/de\/wp-json\/wp\/v2\/media?parent=6748"}],"curies":[{"name":"wp","href":"https:\/\/api.w.org\/{rel}","templated":true}]}}