{"id":6721,"date":"2022-10-07T14:35:24","date_gmt":"2022-10-07T12:35:24","guid":{"rendered":"http:\/\/keramtech.cz\/unternehmenspolitik\/"},"modified":"2025-04-16T11:47:29","modified_gmt":"2025-04-16T09:47:29","slug":"unternehmenspolitik","status":"publish","type":"page","link":"https:\/\/keramtech.cz\/de\/unternehmenspolitik\/","title":{"rendered":"Unternehmenspolitik"},"content":{"rendered":"<section class=\"fusion-fullwidth fullwidth-box fusion-builder-row-1 fusion-flex-container has-pattern-background has-mask-background nonhundred-percent-fullwidth non-hundred-percent-height-scrolling fusion-animated\" style=\"--awb-border-radius-top-left:0px;--awb-border-radius-top-right:0px;--awb-border-radius-bottom-right:0px;--awb-border-radius-bottom-left:0px;--awb-flex-wrap:wrap;\" data-animationType=\"fadeInLeft\" data-animationDuration=\"1.0\" data-animationOffset=\"top-into-view\" ><div class=\"fusion-builder-row fusion-row fusion-flex-align-items-flex-start fusion-flex-content-wrap\" style=\"max-width:calc( 83rem + 1.25rem );margin-left: calc(-1.25rem \/ 2 );margin-right: calc(-1.25rem \/ 2 );\"><div class=\"fusion-layout-column fusion_builder_column fusion-builder-column-0 fusion_builder_column_2_3 2_3 fusion-flex-column\" style=\"--awb-bg-size:cover;--awb-width-large:66.666666666667%;--awb-margin-top-large:0px;--awb-spacing-right-large:0.625rem;--awb-margin-bottom-large:0px;--awb-spacing-left-large:0.625rem;--awb-width-medium:66.666666666667%;--awb-order-medium:0;--awb-spacing-right-medium:0.625rem;--awb-spacing-left-medium:0.625rem;--awb-width-small:100%;--awb-order-small:0;--awb-spacing-right-small:0.625rem;--awb-spacing-left-small:0.625rem;\"><div class=\"fusion-column-wrapper fusion-column-has-shadow fusion-flex-justify-content-flex-start fusion-content-layout-column\"><div class=\"fusion-text fusion-text-1\"><p>Wir sind ein Familienunternehmen, das sich mit der Herstellung und Entwicklung von Industriekeramik und Porzellanprodukten besch\u00e4ftigt und auf eine langj\u00e4hrige Tradition zur\u00fcckblicken kann. Mit Hilfe der Normen ISO 9001 (Qualit\u00e4tsmanagementsystem) und 14001 (Umweltmanagement) bauen wir ein stabiles, florierendes Unternehmen auf, dessen Hauptziel es ist, die Bed\u00fcrfnisse unserer Kunden mit R\u00fccksicht auf die Umwelt zu erf\u00fcllen. Um wettbewerbsf\u00e4hig zu sein, planen wir, unseren Produktionsprozess schrittweise zu automatisieren und weiter zu rationalisieren. Dies wird uns nicht nur erm\u00f6glichen, bestehende Produkte kosteng\u00fcnstiger und mit weniger Abfall zu produzieren, sondern auch unser Produktportfolio zu erweitern.<\/p>\n<\/div><\/div><\/div><div class=\"fusion-layout-column fusion_builder_column fusion-builder-column-1 fusion_builder_column_1_3 1_3 fusion-flex-column\" style=\"--awb-bg-size:cover;--awb-width-large:33.333333333333%;--awb-margin-top-large:0px;--awb-spacing-right-large:0.625rem;--awb-margin-bottom-large:0px;--awb-spacing-left-large:0.625rem;--awb-width-medium:33.333333333333%;--awb-order-medium:0;--awb-spacing-right-medium:0.625rem;--awb-spacing-left-medium:0.625rem;--awb-width-small:100%;--awb-order-small:0;--awb-spacing-right-small:0.625rem;--awb-spacing-left-small:0.625rem;\"><div class=\"fusion-column-wrapper fusion-column-has-shadow fusion-flex-justify-content-flex-start fusion-content-layout-column\"><div class=\"awb-gallery-wrapper awb-gallery-wrapper-1 button-span-no\" style=\"--more-btn-alignment:center;\"><div style=\"margin:-5px;--awb-bordersize:0px;\" class=\"fusion-gallery fusion-gallery-container fusion-grid-3 fusion-columns-total-3 fusion-gallery-layout-grid fusion-gallery-1\"><div style=\"padding:5px;\" class=\"fusion-grid-column fusion-gallery-column fusion-gallery-column-3 hover-type-none\"><div class=\"fusion-gallery-image\"><a href=\"https:\/\/keramtech.cz\/wp-content\/uploads\/2025\/04\/Politika-spolecnosti-CZ.jpg\" rel=\"noreferrer\" data-rel=\"iLightbox[gallery_image_1]\" class=\"fusion-lightbox\" target=\"_self\"><img decoding=\"async\" src=\"https:\/\/keramtech.cz\/wp-content\/uploads\/2025\/04\/Politika-spolecnosti-CZ.jpg\" data-orig-src=\"https:\/\/keramtech.cz\/wp-content\/uploads\/2025\/04\/Politika-spolecnosti-CZ.jpg\" width=\"887\" height=\"1280\" alt=\"\" title=\"Integrovan\u00e1 politika jakosti a&nbsp;environmentu\" aria-label=\"Integrovan\u00e1 politika jakosti a&nbsp;environmentu\" class=\"lazyload img-responsive wp-image-10324\" srcset=\"data:image\/svg+xml,%3Csvg%20xmlns%3D%27http%3A%2F%2Fwww.w3.org%2F2000%2Fsvg%27%20width%3D%27887%27%20height%3D%271280%27%20viewBox%3D%270%200%20887%201280%27%3E%3Crect%20width%3D%27887%27%20height%3D%271280%27%20fill-opacity%3D%220%22%2F%3E%3C%2Fsvg%3E\" data-srcset=\"https:\/\/keramtech.cz\/wp-content\/uploads\/2025\/04\/Politika-spolecnosti-CZ-200x289.jpg 200w, https:\/\/keramtech.cz\/wp-content\/uploads\/2025\/04\/Politika-spolecnosti-CZ-400x577.jpg 400w, https:\/\/keramtech.cz\/wp-content\/uploads\/2025\/04\/Politika-spolecnosti-CZ-600x866.jpg 600w, https:\/\/keramtech.cz\/wp-content\/uploads\/2025\/04\/Politika-spolecnosti-CZ-800x1154.jpg 800w, https:\/\/keramtech.cz\/wp-content\/uploads\/2025\/04\/Politika-spolecnosti-CZ.jpg 887w\" data-sizes=\"auto\" data-orig-sizes=\"(min-width: 2200px) 100vw, (min-width: 784px) 439px, (min-width: 712px) 659px, (min-width: 640px) 712px, \" \/><\/a><\/div><\/div><div style=\"padding:5px;\" class=\"fusion-grid-column fusion-gallery-column fusion-gallery-column-3 hover-type-none\"><div class=\"fusion-gallery-image\"><a href=\"https:\/\/keramtech.cz\/wp-content\/uploads\/2025\/04\/Company-policy-EN.jpg\" rel=\"noreferrer\" data-rel=\"iLightbox[gallery_image_1]\" class=\"fusion-lightbox\" target=\"_self\"><img decoding=\"async\" src=\"https:\/\/keramtech.cz\/wp-content\/uploads\/2025\/04\/Company-policy-EN.jpg\" data-orig-src=\"https:\/\/keramtech.cz\/wp-content\/uploads\/2025\/04\/Company-policy-EN.jpg\" width=\"887\" height=\"1280\" alt=\"\" title=\"Integrovan\u00e1 politika jakosti a&nbsp;environmentu\" aria-label=\"Integrovan\u00e1 politika jakosti a&nbsp;environmentu\" class=\"lazyload img-responsive wp-image-10327\" srcset=\"data:image\/svg+xml,%3Csvg%20xmlns%3D%27http%3A%2F%2Fwww.w3.org%2F2000%2Fsvg%27%20width%3D%27887%27%20height%3D%271280%27%20viewBox%3D%270%200%20887%201280%27%3E%3Crect%20width%3D%27887%27%20height%3D%271280%27%20fill-opacity%3D%220%22%2F%3E%3C%2Fsvg%3E\" data-srcset=\"https:\/\/keramtech.cz\/wp-content\/uploads\/2025\/04\/Company-policy-EN-200x289.jpg 200w, https:\/\/keramtech.cz\/wp-content\/uploads\/2025\/04\/Company-policy-EN-400x577.jpg 400w, https:\/\/keramtech.cz\/wp-content\/uploads\/2025\/04\/Company-policy-EN-600x866.jpg 600w, https:\/\/keramtech.cz\/wp-content\/uploads\/2025\/04\/Company-policy-EN-800x1154.jpg 800w, https:\/\/keramtech.cz\/wp-content\/uploads\/2025\/04\/Company-policy-EN.jpg 887w\" data-sizes=\"auto\" data-orig-sizes=\"(min-width: 2200px) 100vw, (min-width: 784px) 439px, (min-width: 712px) 659px, (min-width: 640px) 712px, \" \/><\/a><\/div><\/div><div style=\"padding:5px;\" class=\"fusion-grid-column fusion-gallery-column fusion-gallery-column-3 hover-type-none\"><div class=\"fusion-gallery-image\"><a href=\"https:\/\/keramtech.cz\/wp-content\/uploads\/2025\/04\/Unternehmenspolitik-DE.jpg\" rel=\"noreferrer\" data-rel=\"iLightbox[gallery_image_1]\" class=\"fusion-lightbox\" target=\"_self\"><img decoding=\"async\" src=\"https:\/\/keramtech.cz\/wp-content\/uploads\/2025\/04\/Unternehmenspolitik-DE.jpg\" data-orig-src=\"https:\/\/keramtech.cz\/wp-content\/uploads\/2025\/04\/Unternehmenspolitik-DE.jpg\" width=\"887\" height=\"1280\" alt=\"\" title=\"Integrovan\u00e1 politika jakosti a&nbsp;environmentu\" aria-label=\"Integrovan\u00e1 politika jakosti a&nbsp;environmentu\" class=\"lazyload img-responsive wp-image-10330\" srcset=\"data:image\/svg+xml,%3Csvg%20xmlns%3D%27http%3A%2F%2Fwww.w3.org%2F2000%2Fsvg%27%20width%3D%27887%27%20height%3D%271280%27%20viewBox%3D%270%200%20887%201280%27%3E%3Crect%20width%3D%27887%27%20height%3D%271280%27%20fill-opacity%3D%220%22%2F%3E%3C%2Fsvg%3E\" data-srcset=\"https:\/\/keramtech.cz\/wp-content\/uploads\/2025\/04\/Unternehmenspolitik-DE-200x289.jpg 200w, https:\/\/keramtech.cz\/wp-content\/uploads\/2025\/04\/Unternehmenspolitik-DE-400x577.jpg 400w, https:\/\/keramtech.cz\/wp-content\/uploads\/2025\/04\/Unternehmenspolitik-DE-600x866.jpg 600w, https:\/\/keramtech.cz\/wp-content\/uploads\/2025\/04\/Unternehmenspolitik-DE-800x1154.jpg 800w, https:\/\/keramtech.cz\/wp-content\/uploads\/2025\/04\/Unternehmenspolitik-DE.jpg 887w\" data-sizes=\"auto\" data-orig-sizes=\"(min-width: 2200px) 100vw, (min-width: 784px) 439px, (min-width: 712px) 659px, (min-width: 640px) 712px, \" \/><\/a><\/div><\/div><div class=\"clearfix\"><\/div><\/div><\/div><\/div><\/div><\/div><\/section>\n","protected":false},"excerpt":{"rendered":"","protected":false},"author":3,"featured_media":0,"parent":0,"menu_order":0,"comment_status":"closed","ping_status":"closed","template":"100-width.php","meta":{"_acf_changed":false,"footnotes":""},"class_list":["post-6721","page","type-page","status-publish","hentry"],"acf":[],"yoast_head":"<!-- This site is optimized with the Yoast SEO plugin v26.1.1 - https:\/\/yoast.com\/wordpress\/plugins\/seo\/ -->\n<title>Unternehmenspolitik - KERAMTECH s. r. o.<\/title>\n<meta name=\"robots\" content=\"index, follow, max-snippet:-1, max-image-preview:large, max-video-preview:-1\" \/>\n<link rel=\"canonical\" href=\"https:\/\/keramtech.cz\/de\/unternehmenspolitik\/\" \/>\n<meta property=\"og:locale\" content=\"de_DE\" \/>\n<meta property=\"og:type\" content=\"article\" \/>\n<meta property=\"og:title\" content=\"Unternehmenspolitik - KERAMTECH s. r. o.\" \/>\n<meta property=\"og:url\" content=\"https:\/\/keramtech.cz\/de\/unternehmenspolitik\/\" \/>\n<meta property=\"og:site_name\" content=\"KERAMTECH s. r. o.\" \/>\n<meta property=\"article:modified_time\" content=\"2025-04-16T09:47:29+00:00\" \/>\n<meta name=\"twitter:card\" content=\"summary_large_image\" \/>\n<meta name=\"twitter:label1\" content=\"Gesch\u00e4tzte Lesezeit\" \/>\n\t<meta name=\"twitter:data1\" content=\"7\u00a0Minuten\" \/>\n<script type=\"application\/ld+json\" class=\"yoast-schema-graph\">{\"@context\":\"https:\/\/schema.org\",\"@graph\":[{\"@type\":\"WebPage\",\"@id\":\"https:\/\/keramtech.cz\/de\/unternehmenspolitik\/\",\"url\":\"https:\/\/keramtech.cz\/de\/unternehmenspolitik\/\",\"name\":\"Unternehmenspolitik - KERAMTECH s. r. o.\",\"isPartOf\":{\"@id\":\"https:\/\/keramtech.cz\/de\/#website\"},\"datePublished\":\"2022-10-07T12:35:24+00:00\",\"dateModified\":\"2025-04-16T09:47:29+00:00\",\"breadcrumb\":{\"@id\":\"https:\/\/keramtech.cz\/de\/unternehmenspolitik\/#breadcrumb\"},\"inLanguage\":\"de\",\"potentialAction\":[{\"@type\":\"ReadAction\",\"target\":[\"https:\/\/keramtech.cz\/de\/unternehmenspolitik\/\"]}]},{\"@type\":\"BreadcrumbList\",\"@id\":\"https:\/\/keramtech.cz\/de\/unternehmenspolitik\/#breadcrumb\",\"itemListElement\":[{\"@type\":\"ListItem\",\"position\":1,\"name\":\"Startseite\",\"item\":\"https:\/\/keramtech.cz\/de\/\"},{\"@type\":\"ListItem\",\"position\":2,\"name\":\"Unternehmenspolitik\"}]},{\"@type\":\"WebSite\",\"@id\":\"https:\/\/keramtech.cz\/de\/#website\",\"url\":\"https:\/\/keramtech.cz\/de\/\",\"name\":\"KERAMTECH s. r. o.\",\"description\":\"V\u00fdroba technick\u00e9 a sl\u00e9v\u00e1rensk\u00e9 keramiky\",\"potentialAction\":[{\"@type\":\"SearchAction\",\"target\":{\"@type\":\"EntryPoint\",\"urlTemplate\":\"https:\/\/keramtech.cz\/de\/?s={search_term_string}\"},\"query-input\":{\"@type\":\"PropertyValueSpecification\",\"valueRequired\":true,\"valueName\":\"search_term_string\"}}],\"inLanguage\":\"de\"}]}<\/script>\n<!-- \/ Yoast SEO plugin. -->","yoast_head_json":{"title":"Unternehmenspolitik - KERAMTECH s. r. o.","robots":{"index":"index","follow":"follow","max-snippet":"max-snippet:-1","max-image-preview":"max-image-preview:large","max-video-preview":"max-video-preview:-1"},"canonical":"https:\/\/keramtech.cz\/de\/unternehmenspolitik\/","og_locale":"de_DE","og_type":"article","og_title":"Unternehmenspolitik - KERAMTECH s. r. o.","og_url":"https:\/\/keramtech.cz\/de\/unternehmenspolitik\/","og_site_name":"KERAMTECH s. r. o.","article_modified_time":"2025-04-16T09:47:29+00:00","twitter_card":"summary_large_image","twitter_misc":{"Gesch\u00e4tzte Lesezeit":"7\u00a0Minuten"},"schema":{"@context":"https:\/\/schema.org","@graph":[{"@type":"WebPage","@id":"https:\/\/keramtech.cz\/de\/unternehmenspolitik\/","url":"https:\/\/keramtech.cz\/de\/unternehmenspolitik\/","name":"Unternehmenspolitik - KERAMTECH s. r. o.","isPartOf":{"@id":"https:\/\/keramtech.cz\/de\/#website"},"datePublished":"2022-10-07T12:35:24+00:00","dateModified":"2025-04-16T09:47:29+00:00","breadcrumb":{"@id":"https:\/\/keramtech.cz\/de\/unternehmenspolitik\/#breadcrumb"},"inLanguage":"de","potentialAction":[{"@type":"ReadAction","target":["https:\/\/keramtech.cz\/de\/unternehmenspolitik\/"]}]},{"@type":"BreadcrumbList","@id":"https:\/\/keramtech.cz\/de\/unternehmenspolitik\/#breadcrumb","itemListElement":[{"@type":"ListItem","position":1,"name":"Startseite","item":"https:\/\/keramtech.cz\/de\/"},{"@type":"ListItem","position":2,"name":"Unternehmenspolitik"}]},{"@type":"WebSite","@id":"https:\/\/keramtech.cz\/de\/#website","url":"https:\/\/keramtech.cz\/de\/","name":"KERAMTECH s. r. o.","description":"V\u00fdroba technick\u00e9 a sl\u00e9v\u00e1rensk\u00e9 keramiky","potentialAction":[{"@type":"SearchAction","target":{"@type":"EntryPoint","urlTemplate":"https:\/\/keramtech.cz\/de\/?s={search_term_string}"},"query-input":{"@type":"PropertyValueSpecification","valueRequired":true,"valueName":"search_term_string"}}],"inLanguage":"de"}]}},"_links":{"self":[{"href":"https:\/\/keramtech.cz\/de\/wp-json\/wp\/v2\/pages\/6721","targetHints":{"allow":["GET"]}}],"collection":[{"href":"https:\/\/keramtech.cz\/de\/wp-json\/wp\/v2\/pages"}],"about":[{"href":"https:\/\/keramtech.cz\/de\/wp-json\/wp\/v2\/types\/page"}],"author":[{"embeddable":true,"href":"https:\/\/keramtech.cz\/de\/wp-json\/wp\/v2\/users\/3"}],"replies":[{"embeddable":true,"href":"https:\/\/keramtech.cz\/de\/wp-json\/wp\/v2\/comments?post=6721"}],"version-history":[{"count":3,"href":"https:\/\/keramtech.cz\/de\/wp-json\/wp\/v2\/pages\/6721\/revisions"}],"predecessor-version":[{"id":10339,"href":"https:\/\/keramtech.cz\/de\/wp-json\/wp\/v2\/pages\/6721\/revisions\/10339"}],"wp:attachment":[{"href":"https:\/\/keramtech.cz\/de\/wp-json\/wp\/v2\/media?parent=6721"}],"curies":[{"name":"wp","href":"https:\/\/api.w.org\/{rel}","templated":true}]}}