{"id":10393,"date":"2025-09-21T23:43:35","date_gmt":"2025-09-21T21:43:35","guid":{"rendered":"https:\/\/keramtech.cz\/warenkorb\/"},"modified":"2025-09-21T23:43:35","modified_gmt":"2025-09-21T21:43:35","slug":"warenkorb","status":"publish","type":"page","link":"https:\/\/keramtech.cz\/de\/warenkorb\/","title":{"rendered":"Warenkorb"},"content":{"rendered":"\n<div data-block-name=\"woocommerce\/cart\" class=\"wp-block-woocommerce-cart alignwide is-loading\">\n<div data-block-name=\"woocommerce\/filled-cart-block\" class=\"wp-block-woocommerce-filled-cart-block\">\n<div data-block-name=\"woocommerce\/cart-items-block\" class=\"wp-block-woocommerce-cart-items-block\">\n<div data-block-name=\"woocommerce\/cart-line-items-block\" class=\"wp-block-woocommerce-cart-line-items-block\"><\/div>\n\n\n\n<div data-block-name=\"woocommerce\/cart-cross-sells-block\" class=\"wp-block-woocommerce-cart-cross-sells-block\">\n<h2 class=\"wp-block-heading has-large-font-size\">Das interessiert dich vielleicht\u00a0\u2026<\/h2>\n\n\n\n<div data-block-name=\"woocommerce\/cart-cross-sells-products-block\" class=\"wp-block-woocommerce-cart-cross-sells-products-block\"><\/div>\n<\/div>\n<\/div>\n\n\n\n<div data-block-name=\"woocommerce\/cart-totals-block\" class=\"wp-block-woocommerce-cart-totals-block\">\n<div data-block-name=\"woocommerce\/cart-order-summary-block\" class=\"wp-block-woocommerce-cart-order-summary-block\">\n<div data-block-name=\"woocommerce\/cart-order-summary-heading-block\" class=\"wp-block-woocommerce-cart-order-summary-heading-block\"><\/div><div data-block-name=\"woocommerce\/cart-order-summary-coupon-form-block\" class=\"wp-block-woocommerce-cart-order-summary-coupon-form-block\"><\/div><div data-block-name=\"woocommerce\/cart-order-summary-totals-block\" class=\"wp-block-woocommerce-cart-order-summary-totals-block\">\n<div data-block-name=\"woocommerce\/cart-order-summary-subtotal-block\" class=\"wp-block-woocommerce-cart-order-summary-subtotal-block\"><\/div>\n<div data-block-name=\"woocommerce\/cart-order-summary-discount-block\" class=\"wp-block-woocommerce-cart-order-summary-discount-block\"><\/div>\n<div data-block-name=\"woocommerce\/cart-order-summary-fee-block\" class=\"wp-block-woocommerce-cart-order-summary-fee-block\"><\/div>\n<div data-block-name=\"woocommerce\/cart-order-summary-shipping-block\" class=\"wp-block-woocommerce-cart-order-summary-shipping-block\"><\/div>\n<div data-block-name=\"woocommerce\/cart-order-summary-taxes-block\" class=\"wp-block-woocommerce-cart-order-summary-taxes-block\"><\/div><\/div>\n<\/div>\n\n\n\n<div data-block-name=\"woocommerce\/cart-express-payment-block\" class=\"wp-block-woocommerce-cart-express-payment-block\"><\/div>\n\n\n\n<div data-block-name=\"woocommerce\/proceed-to-checkout-block\" class=\"wp-block-woocommerce-proceed-to-checkout-block\"><\/div>\n\n\n\n<div data-block-name=\"woocommerce\/cart-accepted-payment-methods-block\" class=\"wp-block-woocommerce-cart-accepted-payment-methods-block\"><\/div>\n<\/div>\n<\/div>\n\n\n\n<div data-block-name=\"woocommerce\/empty-cart-block\" class=\"wp-block-woocommerce-empty-cart-block\">\n<h2 class=\"wp-block-heading has-text-align-center with-empty-cart-icon wc-block-cart__empty-cart__title\">Dein Warenkorb ist gerade leer!<\/h2>\n\n\n\n<hr class=\"wp-block-separator has-alpha-channel-opacity is-style-dots\"\/>\n\n\n\n<h2 class=\"wp-block-heading has-text-align-center\">Neu im Shop<\/h2>\n\n\n<div data-block-name=\"woocommerce\/product-new\" data-columns=\"4\" data-rows=\"1\" class=\"wc-block-grid wp-block-product-new wp-block-woocommerce-product-new wc-block-product-new has-4-columns\"><ul class=\"wc-block-grid__products\"><li class=\"wc-block-grid__product\">\n\t\t\t\t<a href=\"https:\/\/keramtech.cz\/de\/vyrobky\/ostatni\/strep-keramicky\/strep-keramicky\/\" class=\"wc-block-grid__product-link\">\n\t\t\t\t\t\n\t\t\t\t\t<div class=\"wc-block-grid__product-image\"><img decoding=\"async\" width=\"500\" height=\"500\" src=\"https:\/\/keramtech.cz\/wp-content\/uploads\/2023\/11\/strep-keramicky-1-500x500.jpg\" class=\"attachment-woocommerce_thumbnail size-woocommerce_thumbnail lazyload\" alt=\"St\u0159ep keramick\u00fd (dr\u0165) \u2013 z\u00e1sypov\u00fd materi\u00e1l\" srcset=\"data:image\/svg+xml,%3Csvg%20xmlns%3D%27http%3A%2F%2Fwww.w3.org%2F2000%2Fsvg%27%20width%3D%27800%27%20height%3D%27800%27%20viewBox%3D%270%200%20800%20800%27%3E%3Crect%20width%3D%27800%27%20height%3D%27800%27%20fill-opacity%3D%220%22%2F%3E%3C%2Fsvg%3E\" data-orig-src=\"https:\/\/keramtech.cz\/wp-content\/uploads\/2023\/11\/strep-keramicky-1-500x500.jpg\" data-srcset=\"https:\/\/keramtech.cz\/wp-content\/uploads\/2023\/11\/strep-keramicky-1-66x66.jpg 66w, https:\/\/keramtech.cz\/wp-content\/uploads\/2023\/11\/strep-keramicky-1-150x150.jpg 150w, https:\/\/keramtech.cz\/wp-content\/uploads\/2023\/11\/strep-keramicky-1-200x200.jpg 200w, https:\/\/keramtech.cz\/wp-content\/uploads\/2023\/11\/strep-keramicky-1-300x300.jpg 300w, https:\/\/keramtech.cz\/wp-content\/uploads\/2023\/11\/strep-keramicky-1-400x400.jpg 400w, https:\/\/keramtech.cz\/wp-content\/uploads\/2023\/11\/strep-keramicky-1-500x500.jpg 500w, https:\/\/keramtech.cz\/wp-content\/uploads\/2023\/11\/strep-keramicky-1-600x600.jpg 600w, https:\/\/keramtech.cz\/wp-content\/uploads\/2023\/11\/strep-keramicky-1-700x700.jpg 700w, https:\/\/keramtech.cz\/wp-content\/uploads\/2023\/11\/strep-keramicky-1-768x768.jpg 768w, https:\/\/keramtech.cz\/wp-content\/uploads\/2023\/11\/strep-keramicky-1.jpg 800w\" data-sizes=\"auto\" \/><\/div>\n\t\t\t\t\t<div class=\"wc-block-grid__product-title\">St\u0159ep keramick\u00fd (dr\u0165) \u2013 z\u00e1sypov\u00fd materi\u00e1l<\/div>\n\t\t\t\t<\/a>\n\t\t\t\t<div class=\"wc-block-grid__product-price price\"><\/div>\n\t\t\t\t\n\t\t\t\t<div class=\"wp-block-button wc-block-grid__product-add-to-cart\"><a href=\"https:\/\/keramtech.cz\/de\/vyrobky\/ostatni\/strep-keramicky\/strep-keramicky\/\" aria-label=\"Lese mehr \u00fcber &#8222;St\u0159ep keramick\u00fd (dr\u0165) \u2013 z\u00e1sypov\u00fd materi\u00e1l&#8220;\" data-quantity=\"1\" data-product_id=\"10036\" data-product_sku=\"\" data-price=\"0\" rel=\"nofollow\" class=\"wp-block-button__link  add_to_cart_button\">Weiterlesen<\/a><\/div>\n\t\t\t<\/li><li class=\"wc-block-grid__product\">\n\t\t\t\t<a href=\"https:\/\/keramtech.cz\/de\/vyrobky\/ostatni\/raschigovy-krouzky\/raschiguv-krouzek-100-x-100-mm-kopirovat\/\" class=\"wc-block-grid__product-link\">\n\t\t\t\t\t\n\t\t\t\t\t<div class=\"wc-block-grid__product-image\"><img decoding=\"async\" width=\"500\" height=\"350\" src=\"https:\/\/keramtech.cz\/wp-content\/uploads\/2022\/09\/raschigovy-krouzky-2-500x350.jpg\" class=\"attachment-woocommerce_thumbnail size-woocommerce_thumbnail lazyload\" alt=\"Raschig\u016fv krou\u017eek, 100 \u00d7 100 mm\" srcset=\"data:image\/svg+xml,%3Csvg%20xmlns%3D%27http%3A%2F%2Fwww.w3.org%2F2000%2Fsvg%27%20width%3D%27601%27%20height%3D%27421%27%20viewBox%3D%270%200%20601%20421%27%3E%3Crect%20width%3D%27601%27%20height%3D%27421%27%20fill-opacity%3D%220%22%2F%3E%3C%2Fsvg%3E\" data-orig-src=\"https:\/\/keramtech.cz\/wp-content\/uploads\/2022\/09\/raschigovy-krouzky-2-500x350.jpg\" data-srcset=\"https:\/\/keramtech.cz\/wp-content\/uploads\/2022\/09\/raschigovy-krouzky-2-200x140.jpg 200w, https:\/\/keramtech.cz\/wp-content\/uploads\/2022\/09\/raschigovy-krouzky-2-300x210.jpg 300w, https:\/\/keramtech.cz\/wp-content\/uploads\/2022\/09\/raschigovy-krouzky-2-400x280.jpg 400w, https:\/\/keramtech.cz\/wp-content\/uploads\/2022\/09\/raschigovy-krouzky-2-500x350.jpg 500w, https:\/\/keramtech.cz\/wp-content\/uploads\/2022\/09\/raschigovy-krouzky-2.jpg 601w\" data-sizes=\"auto\" \/><\/div>\n\t\t\t\t\t<div class=\"wc-block-grid__product-title\">Raschig\u016fv krou\u017eek, 100 \u00d7 100 mm<\/div>\n\t\t\t\t<\/a>\n\t\t\t\t<div class=\"wc-block-grid__product-price price\"><\/div>\n\t\t\t\t\n\t\t\t\t<div class=\"wp-block-button wc-block-grid__product-add-to-cart\"><a href=\"https:\/\/keramtech.cz\/de\/vyrobky\/ostatni\/raschigovy-krouzky\/raschiguv-krouzek-100-x-100-mm-kopirovat\/\" aria-label=\"Lese mehr \u00fcber &#8222;Raschig\u016fv krou\u017eek, 100 \u00d7 100 mm&#8220;\" data-quantity=\"1\" data-product_id=\"10028\" data-product_sku=\"7100080\" data-price=\"0\" rel=\"nofollow\" class=\"wp-block-button__link  add_to_cart_button\">Weiterlesen<\/a><\/div>\n\t\t\t<\/li><li class=\"wc-block-grid__product\">\n\t\t\t\t<a href=\"https:\/\/keramtech.cz\/de\/vyrobky\/ostatni\/raschigovy-krouzky\/raschiguv-krouzek-80-x-80-mm\/\" class=\"wc-block-grid__product-link\">\n\t\t\t\t\t\n\t\t\t\t\t<div class=\"wc-block-grid__product-image\"><img decoding=\"async\" width=\"500\" height=\"350\" src=\"https:\/\/keramtech.cz\/wp-content\/uploads\/2022\/09\/raschigovy-krouzky-2-500x350.jpg\" class=\"attachment-woocommerce_thumbnail size-woocommerce_thumbnail lazyload\" alt=\"Raschig\u016fv krou\u017eek, 80 \u00d7 80 mm\" srcset=\"data:image\/svg+xml,%3Csvg%20xmlns%3D%27http%3A%2F%2Fwww.w3.org%2F2000%2Fsvg%27%20width%3D%27601%27%20height%3D%27421%27%20viewBox%3D%270%200%20601%20421%27%3E%3Crect%20width%3D%27601%27%20height%3D%27421%27%20fill-opacity%3D%220%22%2F%3E%3C%2Fsvg%3E\" data-orig-src=\"https:\/\/keramtech.cz\/wp-content\/uploads\/2022\/09\/raschigovy-krouzky-2-500x350.jpg\" data-srcset=\"https:\/\/keramtech.cz\/wp-content\/uploads\/2022\/09\/raschigovy-krouzky-2-200x140.jpg 200w, https:\/\/keramtech.cz\/wp-content\/uploads\/2022\/09\/raschigovy-krouzky-2-300x210.jpg 300w, https:\/\/keramtech.cz\/wp-content\/uploads\/2022\/09\/raschigovy-krouzky-2-400x280.jpg 400w, https:\/\/keramtech.cz\/wp-content\/uploads\/2022\/09\/raschigovy-krouzky-2-500x350.jpg 500w, https:\/\/keramtech.cz\/wp-content\/uploads\/2022\/09\/raschigovy-krouzky-2.jpg 601w\" data-sizes=\"auto\" \/><\/div>\n\t\t\t\t\t<div class=\"wc-block-grid__product-title\">Raschig\u016fv krou\u017eek, 80 \u00d7 80 mm<\/div>\n\t\t\t\t<\/a>\n\t\t\t\t<div class=\"wc-block-grid__product-price price\"><\/div>\n\t\t\t\t\n\t\t\t\t<div class=\"wp-block-button wc-block-grid__product-add-to-cart\"><a href=\"https:\/\/keramtech.cz\/de\/vyrobky\/ostatni\/raschigovy-krouzky\/raschiguv-krouzek-80-x-80-mm\/\" aria-label=\"Lese mehr \u00fcber &#8222;Raschig\u016fv krou\u017eek, 80 \u00d7 80 mm&#8220;\" data-quantity=\"1\" data-product_id=\"10027\" data-product_sku=\"7080064\" data-price=\"0\" rel=\"nofollow\" class=\"wp-block-button__link  add_to_cart_button\">Weiterlesen<\/a><\/div>\n\t\t\t<\/li><li class=\"wc-block-grid__product\">\n\t\t\t\t<a href=\"https:\/\/keramtech.cz\/de\/vyrobky\/ostatni\/raschigovy-krouzky\/raschiguv-krouzek-50-x-50-mm\/\" class=\"wc-block-grid__product-link\">\n\t\t\t\t\t\n\t\t\t\t\t<div class=\"wc-block-grid__product-image\"><img decoding=\"async\" width=\"500\" height=\"350\" src=\"https:\/\/keramtech.cz\/wp-content\/uploads\/2022\/09\/raschigovy-krouzky-2-500x350.jpg\" class=\"attachment-woocommerce_thumbnail size-woocommerce_thumbnail lazyload\" alt=\"Raschig\u016fv krou\u017eek, 50 \u00d7 50 mm\" srcset=\"data:image\/svg+xml,%3Csvg%20xmlns%3D%27http%3A%2F%2Fwww.w3.org%2F2000%2Fsvg%27%20width%3D%27601%27%20height%3D%27421%27%20viewBox%3D%270%200%20601%20421%27%3E%3Crect%20width%3D%27601%27%20height%3D%27421%27%20fill-opacity%3D%220%22%2F%3E%3C%2Fsvg%3E\" data-orig-src=\"https:\/\/keramtech.cz\/wp-content\/uploads\/2022\/09\/raschigovy-krouzky-2-500x350.jpg\" data-srcset=\"https:\/\/keramtech.cz\/wp-content\/uploads\/2022\/09\/raschigovy-krouzky-2-200x140.jpg 200w, https:\/\/keramtech.cz\/wp-content\/uploads\/2022\/09\/raschigovy-krouzky-2-300x210.jpg 300w, https:\/\/keramtech.cz\/wp-content\/uploads\/2022\/09\/raschigovy-krouzky-2-400x280.jpg 400w, https:\/\/keramtech.cz\/wp-content\/uploads\/2022\/09\/raschigovy-krouzky-2-500x350.jpg 500w, https:\/\/keramtech.cz\/wp-content\/uploads\/2022\/09\/raschigovy-krouzky-2.jpg 601w\" data-sizes=\"auto\" \/><\/div>\n\t\t\t\t\t<div class=\"wc-block-grid__product-title\">Raschig\u016fv krou\u017eek, 50 \u00d7 50 mm<\/div>\n\t\t\t\t<\/a>\n\t\t\t\t<div class=\"wc-block-grid__product-price price\"><\/div>\n\t\t\t\t\n\t\t\t\t<div class=\"wp-block-button wc-block-grid__product-add-to-cart\"><a href=\"https:\/\/keramtech.cz\/de\/vyrobky\/ostatni\/raschigovy-krouzky\/raschiguv-krouzek-50-x-50-mm\/\" aria-label=\"Lese mehr \u00fcber &#8222;Raschig\u016fv krou\u017eek, 50 \u00d7 50 mm&#8220;\" data-quantity=\"1\" data-product_id=\"10026\" data-product_sku=\"7050040\" data-price=\"0\" rel=\"nofollow\" class=\"wp-block-button__link  add_to_cart_button\">Weiterlesen<\/a><\/div>\n\t\t\t<\/li><\/ul><\/div><\/div>\n<\/div>\n","protected":false},"excerpt":{"rendered":"","protected":false},"author":3,"featured_media":0,"parent":0,"menu_order":0,"comment_status":"closed","ping_status":"closed","template":"","meta":{"_acf_changed":false,"footnotes":""},"class_list":["post-10393","page","type-page","status-publish","hentry"],"acf":[],"yoast_head":"<!-- This site is optimized with the Yoast SEO plugin v26.1.1 - https:\/\/yoast.com\/wordpress\/plugins\/seo\/ -->\n<title>Warenkorb - KERAMTECH s. r. o.<\/title>\n<meta name=\"robots\" content=\"index, follow, max-snippet:-1, max-image-preview:large, max-video-preview:-1\" \/>\n<link rel=\"canonical\" href=\"https:\/\/keramtech.cz\/de\/warenkorb\/\" \/>\n<meta property=\"og:locale\" content=\"de_DE\" \/>\n<meta property=\"og:type\" content=\"article\" \/>\n<meta property=\"og:title\" content=\"Warenkorb - KERAMTECH s. r. o.\" \/>\n<meta property=\"og:url\" content=\"https:\/\/keramtech.cz\/de\/warenkorb\/\" \/>\n<meta property=\"og:site_name\" content=\"KERAMTECH s. r. o.\" \/>\n<meta name=\"twitter:card\" content=\"summary_large_image\" \/>\n<script type=\"application\/ld+json\" class=\"yoast-schema-graph\">{\"@context\":\"https:\/\/schema.org\",\"@graph\":[{\"@type\":\"WebPage\",\"@id\":\"https:\/\/keramtech.cz\/de\/warenkorb\/\",\"url\":\"https:\/\/keramtech.cz\/de\/warenkorb\/\",\"name\":\"Warenkorb - KERAMTECH s. r. o.\",\"isPartOf\":{\"@id\":\"https:\/\/keramtech.cz\/de\/#website\"},\"datePublished\":\"2025-09-21T21:43:35+00:00\",\"breadcrumb\":{\"@id\":\"https:\/\/keramtech.cz\/de\/warenkorb\/#breadcrumb\"},\"inLanguage\":\"de\",\"potentialAction\":[{\"@type\":\"ReadAction\",\"target\":[\"https:\/\/keramtech.cz\/de\/warenkorb\/\"]}]},{\"@type\":\"BreadcrumbList\",\"@id\":\"https:\/\/keramtech.cz\/de\/warenkorb\/#breadcrumb\",\"itemListElement\":[{\"@type\":\"ListItem\",\"position\":1,\"name\":\"Startseite\",\"item\":\"https:\/\/keramtech.cz\/de\/\"},{\"@type\":\"ListItem\",\"position\":2,\"name\":\"Warenkorb\"}]},{\"@type\":\"WebSite\",\"@id\":\"https:\/\/keramtech.cz\/de\/#website\",\"url\":\"https:\/\/keramtech.cz\/de\/\",\"name\":\"KERAMTECH s. r. o.\",\"description\":\"V\u00fdroba technick\u00e9 a sl\u00e9v\u00e1rensk\u00e9 keramiky\",\"potentialAction\":[{\"@type\":\"SearchAction\",\"target\":{\"@type\":\"EntryPoint\",\"urlTemplate\":\"https:\/\/keramtech.cz\/de\/?s={search_term_string}\"},\"query-input\":{\"@type\":\"PropertyValueSpecification\",\"valueRequired\":true,\"valueName\":\"search_term_string\"}}],\"inLanguage\":\"de\"}]}<\/script>\n<!-- \/ Yoast SEO plugin. -->","yoast_head_json":{"title":"Warenkorb - KERAMTECH s. r. o.","robots":{"index":"index","follow":"follow","max-snippet":"max-snippet:-1","max-image-preview":"max-image-preview:large","max-video-preview":"max-video-preview:-1"},"canonical":"https:\/\/keramtech.cz\/de\/warenkorb\/","og_locale":"de_DE","og_type":"article","og_title":"Warenkorb - KERAMTECH s. r. o.","og_url":"https:\/\/keramtech.cz\/de\/warenkorb\/","og_site_name":"KERAMTECH s. r. o.","twitter_card":"summary_large_image","schema":{"@context":"https:\/\/schema.org","@graph":[{"@type":"WebPage","@id":"https:\/\/keramtech.cz\/de\/warenkorb\/","url":"https:\/\/keramtech.cz\/de\/warenkorb\/","name":"Warenkorb - KERAMTECH s. r. o.","isPartOf":{"@id":"https:\/\/keramtech.cz\/de\/#website"},"datePublished":"2025-09-21T21:43:35+00:00","breadcrumb":{"@id":"https:\/\/keramtech.cz\/de\/warenkorb\/#breadcrumb"},"inLanguage":"de","potentialAction":[{"@type":"ReadAction","target":["https:\/\/keramtech.cz\/de\/warenkorb\/"]}]},{"@type":"BreadcrumbList","@id":"https:\/\/keramtech.cz\/de\/warenkorb\/#breadcrumb","itemListElement":[{"@type":"ListItem","position":1,"name":"Startseite","item":"https:\/\/keramtech.cz\/de\/"},{"@type":"ListItem","position":2,"name":"Warenkorb"}]},{"@type":"WebSite","@id":"https:\/\/keramtech.cz\/de\/#website","url":"https:\/\/keramtech.cz\/de\/","name":"KERAMTECH s. r. o.","description":"V\u00fdroba technick\u00e9 a sl\u00e9v\u00e1rensk\u00e9 keramiky","potentialAction":[{"@type":"SearchAction","target":{"@type":"EntryPoint","urlTemplate":"https:\/\/keramtech.cz\/de\/?s={search_term_string}"},"query-input":{"@type":"PropertyValueSpecification","valueRequired":true,"valueName":"search_term_string"}}],"inLanguage":"de"}]}},"_links":{"self":[{"href":"https:\/\/keramtech.cz\/de\/wp-json\/wp\/v2\/pages\/10393","targetHints":{"allow":["GET"]}}],"collection":[{"href":"https:\/\/keramtech.cz\/de\/wp-json\/wp\/v2\/pages"}],"about":[{"href":"https:\/\/keramtech.cz\/de\/wp-json\/wp\/v2\/types\/page"}],"author":[{"embeddable":true,"href":"https:\/\/keramtech.cz\/de\/wp-json\/wp\/v2\/users\/3"}],"replies":[{"embeddable":true,"href":"https:\/\/keramtech.cz\/de\/wp-json\/wp\/v2\/comments?post=10393"}],"version-history":[{"count":0,"href":"https:\/\/keramtech.cz\/de\/wp-json\/wp\/v2\/pages\/10393\/revisions"}],"wp:attachment":[{"href":"https:\/\/keramtech.cz\/de\/wp-json\/wp\/v2\/media?parent=10393"}],"curies":[{"name":"wp","href":"https:\/\/api.w.org\/{rel}","templated":true}]}}